{"id":196626,"date":"2024-06-28T10:38:51","date_gmt":"2024-06-28T08:38:51","guid":{"rendered":""},"modified":"2024-07-04T18:27:35","modified_gmt":"2024-07-04T16:27:35","slug":"prod_3800003323796_sc96458","status":"publish","type":"product","link":"https:\/\/toystoys.md\/ru\/shop\/prod_3800003323796_sc96458\/","title":{"rendered":"\u0412\u0438\u0442\u0430\u043c\u0438\u043d\u044b \u041a\u043e\u043b\u043b\u0430\u0433\u0435\u043d \u0448\u0438\u043f\u0443\u0447\u0438\u0435 \u0442\u0430\u0431\u043b\u0435\u0442\u043a\u0438 20 \u0448\u0442 Dr.Frei"},"content":{"rendered":"<p class=\"translation-block\"><strong>\u0413\u0438\u0434\u0440\u043e\u043b\u0438\u0437\u043e\u0432\u0430\u043d\u043d\u044b\u0439 \u043c\u043e\u0440\u0441\u043a\u043e\u0439 \u043a\u043e\u043b\u043b\u0430\u0433\u0435\u043d \u043f\u043e\u043c\u043e\u0433\u0430\u0435\u0442:<br>\n<\/strong>- \u0423\u043c\u0435\u043d\u044c\u0448\u0435\u043d\u0438\u0435 \u043c\u043e\u0440\u0449\u0438\u043d;<br>\n\u2013 \u0414\u0435\u043b\u0430\u0435\u0442 \u043a\u043e\u0436\u0443 \u0431\u043e\u043b\u0435\u0435 \u0443\u043f\u0440\u0443\u0433\u043e\u0439, \u0433\u043b\u0430\u0434\u043a\u043e\u0439 \u0438 \u0441\u0438\u044f\u044e\u0449\u0435\u0439;<br>\n\u2013 \u041e\u0431\u0435\u0441\u043f\u0435\u0447\u0438\u0432\u0430\u0435\u0442 \u044f\u0440\u043a\u0438\u0439 \u0438 \u0440\u043e\u0432\u043d\u044b\u0439 \u0446\u0432\u0435\u0442 \u043b\u0438\u0446\u0430;<br>\n\u2013 \u0412\u043e\u0441\u0441\u0442\u0430\u043d\u0430\u0432\u043b\u0438\u0432\u0430\u0435\u0442 \u0437\u0434\u043e\u0440\u043e\u0432\u044b\u0435 \u0442\u043a\u0430\u043d\u0438 \u043a\u043e\u0436\u0438 \u0438 \u0441\u043e\u0437\u0434\u0430\u0435\u0442 \u043d\u043e\u0432\u044b\u0435 \u043a\u043b\u0435\u0442\u043a\u0438 \u043a\u043e\u0436\u0438;<br>\n\u2013 \u0423\u043a\u0440\u0435\u043f\u043b\u044f\u0435\u0442 \u043d\u043e\u0433\u0442\u0438;<br>\n\u2013 \u0414\u0435\u043b\u0430\u0435\u0442 \u0432\u043e\u043b\u043e\u0441\u044b \u0433\u0443\u0449\u0435 \u0438 \u0437\u0434\u043e\u0440\u043e\u0432\u0435\u0435.<br>\n<strong>\u041a\u0430\u043a \u0438\u0441\u043f\u043e\u043b\u044c\u0437\u043e\u0432\u0430\u0442\u044c:<br>\n<\/strong>\u0412\u0437\u0440\u043e\u0441\u043b\u044b\u043c \u0438 \u0434\u0435\u0442\u044f\u043c \u0441\u0442\u0430\u0440\u0448\u0435 14 \u043b\u0435\u0442 \u0440\u0430\u0441\u0442\u0432\u043e\u0440\u0438\u0442\u0435 \u043e\u0434\u043d\u0443 \u0442\u0430\u0431\u043b\u0435\u0442\u043a\u0443 \u0432 200 \u043c\u043b (\u0441\u0442\u0430\u043a\u0430\u043d\u0435) \u0432\u043e\u0434\u044b. \u0418\u0441\u043f\u043e\u043b\u044c\u0437\u0443\u0439\u0442\u0435 \u043e\u0434\u0438\u043d \u0440\u0430\u0437 \u0432 \u0434\u0435\u043d\u044c \u0432\u043e \u0432\u0440\u0435\u043c\u044f \u0438\u043b\u0438 \u043f\u043e\u0441\u043b\u0435 \u0435\u0434\u044b. \u041f\u0435\u0440\u0435\u0434 \u043f\u0440\u0438\u043c\u0435\u043d\u0435\u043d\u0438\u0435\u043c \u0440\u0435\u043a\u043e\u043c\u0435\u043d\u0434\u0443\u0435\u0442\u0441\u044f \u043f\u0440\u043e\u043a\u043e\u043d\u0441\u0443\u043b\u044c\u0442\u0438\u0440\u043e\u0432\u0430\u0442\u044c\u0441\u044f \u0441 \u0432\u0440\u0430\u0447\u043e\u043c.<\/p>","protected":false},"excerpt":{"rendered":"<p>Colagenul marin hidrolizat ajut\u0103 la: &#8211; Reducerea ridurilor; &#8211; Creeaz\u0103 o piele mai ferm\u0103, mai neted\u0103 \u0219i mai radiant\u0103; &#8211;<\/p>","protected":false},"featured_media":196648,"comment_status":"closed","ping_status":"closed","template":"..\/public\/views\/revslider-page-template.php","meta":{"_monsterinsights_skip_tracking":false,"_monsterinsights_sitenote_active":false,"_monsterinsights_sitenote_note":"","_monsterinsights_sitenote_category":0},"product_brand":[],"product_cat":[55,1141,51,1241],"product_tag":[],"class_list":{"0":"post-196626","1":"product","2":"type-product","3":"status-publish","4":"has-post-thumbnail","6":"product_cat-toate-produsele","7":"product_cat-produse-pentru-bebelusi","8":"product_cat-alimentatie","9":"product_cat-vitamine","11":"first","12":"instock","13":"shipping-taxable","14":"purchasable","15":"product-type-simple"},"_links":{"self":[{"href":"https:\/\/toystoys.md\/ru\/wp-json\/wp\/v2\/product\/196626","targetHints":{"allow":["GET"]}}],"collection":[{"href":"https:\/\/toystoys.md\/ru\/wp-json\/wp\/v2\/product"}],"about":[{"href":"https:\/\/toystoys.md\/ru\/wp-json\/wp\/v2\/types\/product"}],"replies":[{"embeddable":true,"href":"https:\/\/toystoys.md\/ru\/wp-json\/wp\/v2\/comments?post=196626"}],"wp:featuredmedia":[{"embeddable":true,"href":"https:\/\/toystoys.md\/ru\/wp-json\/wp\/v2\/media\/196648"}],"wp:attachment":[{"href":"https:\/\/toystoys.md\/ru\/wp-json\/wp\/v2\/media?parent=196626"}],"wp:term":[{"taxonomy":"product_brand","embeddable":true,"href":"https:\/\/toystoys.md\/ru\/wp-json\/wp\/v2\/product_brand?post=196626"},{"taxonomy":"product_cat","embeddable":true,"href":"https:\/\/toystoys.md\/ru\/wp-json\/wp\/v2\/product_cat?post=196626"},{"taxonomy":"product_tag","embeddable":true,"href":"https:\/\/toystoys.md\/ru\/wp-json\/wp\/v2\/product_tag?post=196626"}],"curies":[{"name":"wp","href":"https:\/\/api.w.org\/{rel}","templated":true}]}}