{"id":196623,"date":"2024-06-28T10:38:40","date_gmt":"2024-06-28T08:38:40","guid":{"rendered":""},"modified":"2024-07-04T18:44:11","modified_gmt":"2024-07-04T16:44:11","slug":"prod_4719003402419_sc96472","status":"publish","type":"product","link":"https:\/\/toystoys.md\/ru\/shop\/prod_4719003402419_sc96472\/","title":{"rendered":"\u0411\u0435\u0441\u043a\u043e\u043d\u0442\u0430\u043a\u0442\u043d\u044b\u0439 \u0438\u043d\u0444\u0440\u0430\u043a\u0440\u0430\u0441\u043d\u044b\u0439 \u0442\u0435\u0440\u043c\u043e\u043c\u0435\u0442\u0440 NC150 Microlife"},"content":{"rendered":"<p class=\"translation-block\">Termometrul instantaneu pentru frunte Microlife este un termometru pentru frunte fiabil, precis \u0219i u\u0219or de manevrat. Permite m\u0103surarea bl\u00e2nd\u0103 \u0219i non-invaziv\u0103 a temperaturii corpului f\u0103r\u0103 a atinge pacientul, chiar \u0219i cu un copil adormit. Lumina albastr\u0103 de urm\u0103rire va indica zona de m\u0103surare \u0219i pe \u00eentuneric.<br>\r\n<strong>Termometrul Microlife poate fi utilizat pentru a m\u0103sura temperatura suprafe\u021bei urm\u0103toarelor:<br>\r\n<\/strong>Temperatura suprafe\u021bei laptelui \u00een biberonul bebelu\u0219ului<br>\r\nTemperatura de suprafa\u021b\u0103 a b\u0103ii bebelu\u0219ului<br>\r\nTemperatura ambientala<\/p>","protected":false},"excerpt":{"rendered":"<p>Termometrul instantaneu pentru frunte Microlife este un termometru pentru frunte fiabil, precis \u0219i u\u0219or de manevrat. Permite m\u0103surarea bl\u00e2nd\u0103 \u0219i<\/p>","protected":false},"featured_media":196656,"comment_status":"closed","ping_status":"closed","template":"..\/public\/views\/revslider-page-template.php","meta":{"_monsterinsights_skip_tracking":false,"_monsterinsights_sitenote_active":false,"_monsterinsights_sitenote_note":"","_monsterinsights_sitenote_category":0},"product_brand":[],"product_cat":[55,1141,50,1106],"product_tag":[],"class_list":{"0":"post-196623","1":"product","2":"type-product","3":"status-publish","4":"has-post-thumbnail","6":"product_cat-toate-produsele","7":"product_cat-produse-pentru-bebelusi","8":"product_cat-iginina","9":"product_cat-accesorii-pentru-bebelusi","11":"first","12":"instock","13":"shipping-taxable","14":"purchasable","15":"product-type-simple"},"_links":{"self":[{"href":"https:\/\/toystoys.md\/ru\/wp-json\/wp\/v2\/product\/196623","targetHints":{"allow":["GET"]}}],"collection":[{"href":"https:\/\/toystoys.md\/ru\/wp-json\/wp\/v2\/product"}],"about":[{"href":"https:\/\/toystoys.md\/ru\/wp-json\/wp\/v2\/types\/product"}],"replies":[{"embeddable":true,"href":"https:\/\/toystoys.md\/ru\/wp-json\/wp\/v2\/comments?post=196623"}],"wp:featuredmedia":[{"embeddable":true,"href":"https:\/\/toystoys.md\/ru\/wp-json\/wp\/v2\/media\/196656"}],"wp:attachment":[{"href":"https:\/\/toystoys.md\/ru\/wp-json\/wp\/v2\/media?parent=196623"}],"wp:term":[{"taxonomy":"product_brand","embeddable":true,"href":"https:\/\/toystoys.md\/ru\/wp-json\/wp\/v2\/product_brand?post=196623"},{"taxonomy":"product_cat","embeddable":true,"href":"https:\/\/toystoys.md\/ru\/wp-json\/wp\/v2\/product_cat?post=196623"},{"taxonomy":"product_tag","embeddable":true,"href":"https:\/\/toystoys.md\/ru\/wp-json\/wp\/v2\/product_tag?post=196623"}],"curies":[{"name":"wp","href":"https:\/\/api.w.org\/{rel}","templated":true}]}}