{"id":196621,"date":"2024-06-28T10:38:33","date_gmt":"2024-06-28T08:38:33","guid":{"rendered":""},"modified":"2025-09-18T08:48:30","modified_gmt":"2025-09-18T06:48:30","slug":"prod_7640162328142_sc96464","status":"publish","type":"product","link":"https:\/\/toystoys.md\/ru\/shop\/prod_7640162328142_sc96464\/","title":{"rendered":"\u041b\u0435\u0434\u0435\u043d\u0446\u044b \u0434\u043b\u044f \u0433\u043e\u0440\u043b\u0430 \u0441 \u043c\u0435\u0434\u043e\u043c + 20 \u0430\u043b\u044c\u043f\u0438\u0439\u0441\u043a\u0438\u0445 \u0442\u0440\u0430\u0432 55\u0433 Swiss Energy"},"content":{"rendered":"<p class=\"translation-block\">\u0422\u0440\u0430\u0432\u044f\u043d\u044b\u0435 \u043f\u0430\u0441\u0442\u0438\u043b\u043a\u0438 Swiss Energy \u2014 \u043f\u0440\u043e\u0432\u0435\u0440\u0435\u043d\u043d\u043e\u0435 \u0434\u043e\u043c\u0430\u0448\u043d\u0435\u0435 \u0441\u0440\u0435\u0434\u0441\u0442\u0432\u043e \u043e\u0442 \u043a\u0430\u0448\u043b\u044f.<br>\n\u0412\u0435\u0433\u0435\u0442\u0430\u0440\u0438\u0430\u043d\u0446\u044b \u0431\u0435\u0437 \u0433\u043b\u044e\u0442\u0435\u043d\u0430, \u043b\u0430\u043a\u0442\u043e\u0437\u044b, \u043a\u043e\u043d\u0441\u0435\u0440\u0432\u0430\u043d\u0442\u043e\u0432 \u0438 \u0438\u0441\u043a\u0443\u0441\u0441\u0442\u0432\u0435\u043d\u043d\u044b\u0445 \u043a\u0440\u0430\u0441\u0438\u0442\u0435\u043b\u0435\u0439<br>\n\u041f\u0440\u043e\u0432\u0435\u0440\u0435\u043d\u043d\u043e\u0435 \u0434\u043e\u043c\u0430\u0448\u043d\u0435\u0435 \u0441\u0440\u0435\u0434\u0441\u0442\u0432\u043e \u043e\u0442 \u0440\u0430\u0437\u0434\u0440\u0430\u0436\u0435\u043d\u043d\u043e\u0439 \u0434\u044b\u0445\u0430\u0442\u0435\u043b\u044c\u043d\u043e\u0439 \u0441\u0438\u0441\u0442\u0435\u043c\u044b.<br>\n\u041d\u0430\u0442\u0443\u0440\u0430\u043b\u044c\u043d\u043e\u0435 \u0434\u0435\u0437\u0438\u043d\u0444\u0438\u0446\u0438\u0440\u0443\u044e\u0449\u0435\u0435 \u0438 \u0443\u0441\u043f\u043e\u043a\u0430\u0438\u0432\u0430\u044e\u0449\u0435\u0435 \u0441\u0440\u0435\u0434\u0441\u0442\u0432\u043e.<\/p>","protected":false},"excerpt":{"rendered":"<p>Pastilele pe baz\u0103 de plante Swiss Energy au fost un remediu la domiciliu dovedit \u00eempotriva tusei. Vegetarieni f\u0103r\u0103 gluten, lactoz\u0103,<\/p>","protected":false},"featured_media":196662,"comment_status":"closed","ping_status":"closed","template":"..\/public\/views\/revslider-page-template.php","meta":{"_monsterinsights_skip_tracking":false,"_monsterinsights_sitenote_active":false,"_monsterinsights_sitenote_note":"","_monsterinsights_sitenote_category":0},"product_brand":[],"product_cat":[55,1141,51,1241,454],"product_tag":[],"class_list":{"0":"post-196621","1":"product","2":"type-product","3":"status-publish","4":"has-post-thumbnail","6":"product_cat-toate-produsele","7":"product_cat-produse-pentru-bebelusi","8":"product_cat-alimentatie","9":"product_cat-vitamine","10":"product_cat-bomboane-naturale-pentru-copii","12":"first","13":"instock","14":"shipping-taxable","15":"purchasable","16":"product-type-simple"},"_links":{"self":[{"href":"https:\/\/toystoys.md\/ru\/wp-json\/wp\/v2\/product\/196621","targetHints":{"allow":["GET"]}}],"collection":[{"href":"https:\/\/toystoys.md\/ru\/wp-json\/wp\/v2\/product"}],"about":[{"href":"https:\/\/toystoys.md\/ru\/wp-json\/wp\/v2\/types\/product"}],"replies":[{"embeddable":true,"href":"https:\/\/toystoys.md\/ru\/wp-json\/wp\/v2\/comments?post=196621"}],"wp:featuredmedia":[{"embeddable":true,"href":"https:\/\/toystoys.md\/ru\/wp-json\/wp\/v2\/media\/196662"}],"wp:attachment":[{"href":"https:\/\/toystoys.md\/ru\/wp-json\/wp\/v2\/media?parent=196621"}],"wp:term":[{"taxonomy":"product_brand","embeddable":true,"href":"https:\/\/toystoys.md\/ru\/wp-json\/wp\/v2\/product_brand?post=196621"},{"taxonomy":"product_cat","embeddable":true,"href":"https:\/\/toystoys.md\/ru\/wp-json\/wp\/v2\/product_cat?post=196621"},{"taxonomy":"product_tag","embeddable":true,"href":"https:\/\/toystoys.md\/ru\/wp-json\/wp\/v2\/product_tag?post=196621"}],"curies":[{"name":"wp","href":"https:\/\/api.w.org\/{rel}","templated":true}]}}