{"id":196492,"date":"2024-06-26T17:47:43","date_gmt":"2024-06-26T15:47:43","guid":{"rendered":""},"modified":"2025-05-07T11:27:49","modified_gmt":"2025-05-07T09:27:49","slug":"prod_6941057401102_sc45409","status":"publish","type":"product","link":"https:\/\/toystoys.md\/ru\/shop\/prod_6941057401102_sc45409\/","title":{"rendered":"\u041d\u0430\u0434\u0443\u0432\u043d\u043e\u0439 \u0436\u0438\u043b\u0435\u0442 \u0434\u043b\u044f \u043f\u043b\u0430\u0432\u0430\u043d\u0438\u044f Aqua 3-6 INTEX"},"content":{"rendered":"<p>\u0420\u0430\u0437\u043c\u0435\u0440 \u2013 66 X 44 \u0441\u043c<br \/>\n\u0412\u0430\u0448 \u0440\u0435\u0431\u0435\u043d\u043e\u043a \u043d\u0430\u0443\u0447\u0438\u0442\u0441\u044f \u043f\u043b\u0430\u0432\u0430\u0442\u044c \u0431\u044b\u0441\u0442\u0440\u0435\u0435 \u0438 \u043f\u043e\u0447\u0443\u0432\u0441\u0442\u0432\u0443\u0435\u0442 \u0441\u0435\u0431\u044f \u0431\u0435\u0437\u043e\u043f\u0430\u0441\u043d\u0435\u0435 \u0441 \u044d\u0442\u0438\u043c \u0441\u043f\u0430\u0441\u0430\u0442\u0435\u043b\u044c\u043d\u044b\u043c \u0436\u0438\u043b\u0435\u0442\u043e\u043c Intex \u0441 \u0437\u0430\u0431\u0430\u0432\u043d\u044b\u043c\u0438 \u043f\u0440\u0438\u043d\u0442\u0430\u043c\u0438 \u043c\u043e\u0440\u0441\u043a\u0438\u0445 \u0436\u0438\u0432\u043e\u0442\u043d\u044b\u0445.<\/p>","protected":false},"excerpt":{"rendered":"<p>Dimensiuni &#8211; 66 X 44 Cm Copilul t\u0103u va \u00eenv\u0103\u021ba s\u0103 \u00eenoate mai repede \u0219i s\u0103 se simt\u0103 mai \u00een<\/p>","protected":false},"featured_media":196555,"comment_status":"closed","ping_status":"closed","template":"..\/public\/views\/revslider-page-template.php","meta":{"_monsterinsights_skip_tracking":false,"_monsterinsights_sitenote_active":false,"_monsterinsights_sitenote_note":"","_monsterinsights_sitenote_category":0},"product_brand":[],"product_cat":[55,33,1050],"product_tag":[],"class_list":{"0":"post-196492","1":"product","2":"type-product","3":"status-publish","4":"has-post-thumbnail","6":"product_cat-toate-produsele","7":"product_cat-biciclete-si-jocuri-in-aer-liber","8":"product_cat-totul-pentru-inot","10":"first","11":"outofstock","12":"shipping-taxable","13":"purchasable","14":"product-type-simple"},"_links":{"self":[{"href":"https:\/\/toystoys.md\/ru\/wp-json\/wp\/v2\/product\/196492","targetHints":{"allow":["GET"]}}],"collection":[{"href":"https:\/\/toystoys.md\/ru\/wp-json\/wp\/v2\/product"}],"about":[{"href":"https:\/\/toystoys.md\/ru\/wp-json\/wp\/v2\/types\/product"}],"replies":[{"embeddable":true,"href":"https:\/\/toystoys.md\/ru\/wp-json\/wp\/v2\/comments?post=196492"}],"wp:featuredmedia":[{"embeddable":true,"href":"https:\/\/toystoys.md\/ru\/wp-json\/wp\/v2\/media\/196555"}],"wp:attachment":[{"href":"https:\/\/toystoys.md\/ru\/wp-json\/wp\/v2\/media?parent=196492"}],"wp:term":[{"taxonomy":"product_brand","embeddable":true,"href":"https:\/\/toystoys.md\/ru\/wp-json\/wp\/v2\/product_brand?post=196492"},{"taxonomy":"product_cat","embeddable":true,"href":"https:\/\/toystoys.md\/ru\/wp-json\/wp\/v2\/product_cat?post=196492"},{"taxonomy":"product_tag","embeddable":true,"href":"https:\/\/toystoys.md\/ru\/wp-json\/wp\/v2\/product_tag?post=196492"}],"curies":[{"name":"wp","href":"https:\/\/api.w.org\/{rel}","templated":true}]}}