{"id":196457,"date":"2024-06-26T15:27:32","date_gmt":"2024-06-26T13:27:32","guid":{"rendered":""},"modified":"2025-04-11T15:32:49","modified_gmt":"2025-04-11T13:32:49","slug":"prod_4063846416035_sc96484","status":"publish","type":"product","link":"https:\/\/toystoys.md\/ru\/shop\/prod_4063846416035_sc96484\/","title":{"rendered":"\u041b\u044e\u043b\u044c\u043a\u0430 Priam Lux Off White \u2013 \u0442\u0451\u043c\u043d\u043e \u0431\u0435\u043b\u044b\u0439 CYBEX"},"content":{"rendered":"<p>\u0410\u043a\u0441\u0435\u0441\u0441\u0443\u0430\u0440\u044b \u0434\u043b\u044f \u043a\u043e\u043b\u044f\u0441\u043e\u043a \u041f\u0440\u0438\u0430\u043c \u041b\u044e\u043a\u0441 \u0441\u0434\u0435\u043b\u0430\u044e\u0442 \u0441\u0435\u043c\u0435\u0439\u043d\u043e\u0435 \u043f\u0443\u0442\u0435\u0448\u0435\u0441\u0442\u0432\u0438\u0435 \u0438\u0437\u044b\u0441\u043a\u0430\u043d\u043d\u044b\u043c \u0438 \u043a\u043e\u043c\u0444\u043e\u0440\u0442\u043d\u044b\u043c. \u041f\u0440\u043e\u0441\u0442\u043e\u0440\u043d\u0430\u044f \u043b\u044e\u043b\u044c\u043a\u0430 \u043c\u043e\u0436\u0435\u0442 \u043f\u043e\u0445\u0432\u0430\u0441\u0442\u0430\u0442\u044c\u0441\u044f \u0431\u043e\u043b\u044c\u0448\u0438\u043c\u0438 \u0440\u0430\u0437\u043c\u0435\u0440\u0430\u043c\u0438 \u0438 \u043c\u0430\u043a\u0441\u0438\u043c\u0430\u043b\u044c\u043d\u044b\u043c \u043a\u043e\u043c\u0444\u043e\u0440\u0442\u043e\u043c.<\/p>\n<p>\u0414\u0435\u0442\u0441\u043a\u0430\u044f \u043a\u043e\u043b\u044f\u0441\u043a\u0430 Priam \u043e\u0442 Cybex Platinum \u044f\u0432\u043b\u044f\u0435\u0442\u0441\u044f \u043f\u0440\u0435\u0434\u0441\u0442\u0430\u0432\u0438\u0442\u0435\u043b\u0435\u043c \u043d\u043e\u0432\u043e\u0433\u043e \u043f\u043e\u043a\u043e\u043b\u0435\u043d\u0438\u044f \u043a\u043e\u043b\u044f\u0441\u043e\u043a, \u043a\u043e\u0442\u043e\u0440\u043e\u0435 \u043f\u0440\u043e\u0438\u0437\u0432\u0435\u043b\u043e \u0440\u0435\u0432\u043e\u043b\u044e\u0446\u0438\u044e \u0432 \u043e\u0442\u0440\u0430\u0441\u043b\u0438, \u043e\u0431\u044a\u0435\u0434\u0438\u043d\u0438\u0432 \u0432\u043d\u0435\u0432\u0440\u0435\u043c\u0435\u043d\u043d\u044b\u0435 \u044d\u043b\u0435\u043c\u0435\u043d\u0442\u044b \u0434\u0438\u0437\u0430\u0439\u043d\u0430 \u0441 \u043d\u043e\u0432\u044b\u043c\u0438 \u0444\u0443\u043d\u043a\u0446\u0438\u044f\u043c\u0438, \u043a\u043e\u0442\u043e\u0440\u044b\u0435 \u043e\u0431\u043b\u0435\u0433\u0447\u0430\u044e\u0442 \u0436\u0438\u0437\u043d\u044c \u0440\u043e\u0434\u0438\u0442\u0435\u043b\u0435\u0439 \u0438 \u043e\u0442\u0432\u0435\u0447\u0430\u044e\u0442 \u0441\u0430\u043c\u044b\u043c \u0432\u044b\u0441\u043e\u043a\u0438\u043c \u043e\u0436\u0438\u0434\u0430\u043d\u0438\u044f\u043c. \u0423\u043d\u0438\u043a\u0430\u043b\u044c\u043d\u044b\u0435 \u0432\u043f\u0435\u0447\u0430\u0442\u043b\u0435\u043d\u0438\u044f \u043e\u0442 \u043a\u043e\u043b\u044f\u0441\u043a\u0438, \u0433\u0435\u043d\u0438\u0430\u043b\u044c\u043d\u0430\u044f \u0444\u0443\u043d\u043a\u0446\u0438\u043e\u043d\u0430\u043b\u044c\u043d\u043e\u0441\u0442\u044c \u0438 \u0440\u043e\u0441\u043a\u043e\u0448\u043d\u044b\u0439 \u043a\u043e\u043c\u0444\u043e\u0440\u0442. Priam, \u043d\u043e\u0432\u043e\u0435 \u043f\u043e\u043a\u043e\u043b\u0435\u043d\u0438\u0435, \u043a\u0443\u043b\u044c\u0442\u043e\u0432\u044b\u0439 \u0434\u0438\u0437\u0430\u0439\u043d \u043d\u0430 \u043a\u043e\u043b\u0435\u0441\u0430\u0445!<\/p>\n<p>\u0414\u044b\u0448\u0430\u0449\u0438\u0439 \u043c\u0430\u0442\u0440\u0430\u0441: \u0432\u043d\u0443\u0442\u0440\u0435\u043d\u043d\u044f\u044f \u0447\u0430\u0441\u0442\u044c \u0441\u043e\u0441\u0442\u043e\u0438\u0442 \u0438\u0437 100% \u0445\u043b\u043e\u043f\u043a\u0430, \u0430 \u043c\u044f\u0433\u043a\u0438\u0439 \u043c\u0430\u0442\u0440\u0430\u0441 \u043e\u0431\u0435\u0441\u043f\u0435\u0447\u0438\u0432\u0430\u0435\u0442 \u043c\u0430\u043a\u0441\u0438\u043c\u0430\u043b\u044c\u043d\u044b\u0439 \u043a\u043e\u043c\u0444\u043e\u0440\u0442 \u0438 \u0437\u0434\u043e\u0440\u043e\u0432\u0443\u044e \u043e\u043a\u0440\u0443\u0436\u0430\u044e\u0449\u0443\u044e \u0441\u0440\u0435\u0434\u0443 \u0434\u043b\u044f \u0432\u0430\u0448\u0435\u0433\u043e \u0440\u0435\u0431\u0435\u043d\u043a\u0430.<br \/>\n\u0412\u044b\u0434\u0432\u0438\u0436\u043d\u043e\u0439 \u043a\u043e\u0437\u044b\u0440\u0435\u043a: \u0412\u044b\u0434\u0432\u0438\u0436\u043d\u043e\u0439 \u043a\u043e\u0437\u044b\u0440\u0435\u043a \u043e\u0431\u0435\u0441\u043f\u0435\u0447\u0438\u0432\u0430\u0435\u0442 \u0434\u043e\u043f\u043e\u043b\u043d\u0438\u0442\u0435\u043b\u044c\u043d\u0443\u044e \u0442\u0435\u043d\u044c.<br \/>\n\u041c\u0430\u043a\u0441\u0438\u043c\u0430\u043b\u044c\u043d\u0430\u044f \u0437\u0430\u0449\u0438\u0442\u0430: \u0441\u043e\u043b\u043d\u0446\u0435\u0437\u0430\u0449\u0438\u0442\u043d\u044b\u0439 \u043a\u043e\u0437\u044b\u0440\u0435\u043a \u0441 \u0437\u0430\u0449\u0438\u0442\u043e\u0439 \u043e\u0442 \u0441\u043e\u043b\u043d\u0446\u0430 UPF50+.<br \/>\n\u0423\u0434\u043e\u0431\u0441\u0442\u0432\u043e \u0442\u0440\u0430\u043d\u0441\u043f\u043e\u0440\u0442\u0438\u0440\u043e\u0432\u043a\u0438: \u0440\u0443\u0447\u043a\u0430 \u0434\u043b\u044f \u043f\u0435\u0440\u0435\u043d\u043e\u0441\u043a\u0438 \u0432\u0441\u0442\u0440\u043e\u0435\u043d\u0430 \u0432 \u0441\u043e\u043b\u043d\u0446\u0435\u0437\u0430\u0449\u0438\u0442\u043d\u044b\u0439 \u043a\u043e\u0437\u044b\u0440\u0435\u043a.<br \/>\n\u041f\u0435\u0440\u0435\u0434\u043d\u0438\u0439 \u043a\u0430\u0440\u043c\u0430\u043d: \u043d\u043e\u0432\u044b\u0439 \u043a\u0430\u0440\u043c\u0430\u043d \u043d\u0430 \u043c\u043e\u043b\u043d\u0438\u0438 \u2014 \u0443\u0434\u043e\u0431\u043d\u043e\u0435 \u043c\u0435\u0441\u0442\u043e \u0434\u043b\u044f \u0445\u0440\u0430\u043d\u0435\u043d\u0438\u044f \u0432\u0441\u0435\u0445 \u0432\u0435\u0449\u0435\u0439 \u0440\u043e\u0434\u0438\u0442\u0435\u043b\u0435\u0439.<br \/>\n\u0411\u043e\u043b\u0435\u0435 \u0442\u0435\u0441\u043d\u044b\u0439 \u043a\u043e\u043d\u0442\u0430\u043a\u0442: \u0438\u0441\u043f\u043e\u043b\u044c\u0437\u0443\u044f \u043e\u0434\u043d\u0438 \u0438 \u0442\u0435 \u0436\u0435 \u0430\u0434\u0430\u043f\u0442\u0435\u0440\u044b \u0434\u043b\u044f \u0434\u0435\u0442\u0441\u043a\u043e\u0433\u043e \u0430\u0432\u0442\u043e\u043a\u0440\u0435\u0441\u043b\u0430 \u0438 \u043b\u044e\u043b\u044c\u043a\u0438 \u041f\u0440\u0438\u0430\u043c \u041b\u044e\u043a\u0441, \u043f\u043e\u0441\u043b\u0435\u0434\u043d\u044e\u044e \u0442\u0435\u043f\u0435\u0440\u044c \u043c\u043e\u0436\u043d\u043e \u0440\u0430\u0437\u043c\u0435\u0441\u0442\u0438\u0442\u044c \u0432 \u0431\u043e\u043b\u0435\u0435 \u0432\u044b\u0441\u043e\u043a\u043e\u043c \u043f\u043e\u043b\u043e\u0436\u0435\u043d\u0438\u0438, \u0447\u0442\u043e\u0431\u044b \u043e\u0431\u0435\u0441\u043f\u0435\u0447\u0438\u0442\u044c \u0431\u043e\u043b\u0435\u0435 \u0442\u0435\u0441\u043d\u044b\u0439 \u043a\u043e\u043d\u0442\u0430\u043a\u0442 \u0441 \u0440\u0435\u0431\u0435\u043d\u043a\u043e\u043c.<br \/>\n\u041f\u0430\u043d\u043e\u0440\u0430\u043c\u043d\u044b\u0439 \u0432\u0438\u0434 \u0438 \u0432\u0438\u0434 \u043d\u0430 \u043d\u0435\u0431\u043e: \u043a\u0430\u0436\u0434\u043e\u0435 \u0438\u0437 \u0434\u0432\u0443\u0445 \u043e\u043a\u043e\u043d \u043c\u043e\u0436\u043d\u043e \u043e\u0442\u043a\u0440\u044b\u0432\u0430\u0442\u044c \u0438 \u0437\u0430\u043a\u0440\u044b\u0432\u0430\u0442\u044c \u0438\u043d\u0434\u0438\u0432\u0438\u0434\u0443\u0430\u043b\u044c\u043d\u043e, \u043e\u0431\u0435\u0441\u043f\u0435\u0447\u0438\u0432\u0430\u044f \u043e\u043f\u0442\u0438\u043c\u0430\u043b\u044c\u043d\u0443\u044e \u0432\u0435\u043d\u0442\u0438\u043b\u044f\u0446\u0438\u044e \u0438 \u043b\u0443\u0447\u0448\u0438\u0439 \u043f\u0430\u043d\u043e\u0440\u0430\u043c\u043d\u044b\u0439 \u0432\u0438\u0434.<\/p>\n<p>\u0425\u0430\u0440\u0430\u043a\u0442\u0435\u0440\u0438\u0441\u0442\u0438\u043a\u0438 \u0442\u043e\u0432\u0430\u0440\u0430:<br \/>\n- \u0420\u0435\u043a\u043e\u043c\u0435\u043d\u0434\u0443\u0435\u043c\u044b\u0439 \u0432\u043e\u0437\u0440\u0430\u0441\u0442: \u043e\u0442 \u0440\u043e\u0436\u0434\u0435\u043d\u0438\u044f \u0434\u043e 9 \u043a\u0433. (\u043e\u043a\u043e\u043b\u043e 6 \u043c\u0435\u0441\u044f\u0446\u0435\u0432).<br \/>\n- \u0412\u0435\u0441: \u043c\u0430\u043a\u0441. 9 \u043a\u0433<br \/>\n- \u0420\u0430\u0437\u043c\u0435\u0440 \u0442\u043e\u0432\u0430\u0440\u0430: \u0434\u043b\u0438\u043d\u0430 875 \u043c\u043c\/\u0448\u0438\u0440\u0438\u043d\u0430 480 \u043c\u043c\/\u0432\u044b\u0441\u043e\u0442\u0430 255-600 \u043c\u043c<br \/>\n- \u0420\u0435\u043a\u043e\u043c\u0435\u043d\u0434\u0430\u0446\u0438\u0438 \u043f\u043e \u0443\u0445\u043e\u0434\u0443: \u0442\u0435\u043a\u0441\u0442\u0438\u043b\u044c\u043d\u044b\u0435 \u0447\u0435\u0445\u043b\u044b \u043c\u043e\u0436\u043d\u043e \u0441\u0442\u0438\u0440\u0430\u0442\u044c \u0432 \u043c\u0430\u0448\u0438\u043d\u0435 \u043f\u0440\u0438 30\u00b0<br \/>\n- \u0412\u0435\u0441 4,9 \u043a\u0433<br \/>\n- \u041f\u0440\u043e\u0438\u0437\u0432\u043e\u0434\u0438\u0442\u0435\u043b\u044c: Cybex<\/p>","protected":false},"excerpt":{"rendered":"<p>Accesoriile c\u0103ruciorului Priam Lux permit c\u0103l\u0103toriile sofisticate \u0219i confortabile \u00een familie. Unitatea spa\u021bioas\u0103 se m\u00e2ndre\u0219te cu dimensiuni generoase \u0219i confort<\/p>","protected":false},"featured_media":196459,"comment_status":"closed","ping_status":"closed","template":"..\/public\/views\/revslider-page-template.php","meta":{"_monsterinsights_skip_tracking":false,"_monsterinsights_sitenote_active":false,"_monsterinsights_sitenote_note":"","_monsterinsights_sitenote_category":0},"product_brand":[],"product_cat":[55,1141,174,53],"product_tag":[],"class_list":{"0":"post-196457","1":"product","2":"type-product","3":"status-publish","4":"has-post-thumbnail","6":"product_cat-toate-produsele","7":"product_cat-produse-pentru-bebelusi","8":"product_cat-calatorii-si-accesorii","9":"product_cat-carucioare-siguranta","11":"first","12":"instock","13":"shipping-taxable","14":"purchasable","15":"product-type-simple"},"_links":{"self":[{"href":"https:\/\/toystoys.md\/ru\/wp-json\/wp\/v2\/product\/196457","targetHints":{"allow":["GET"]}}],"collection":[{"href":"https:\/\/toystoys.md\/ru\/wp-json\/wp\/v2\/product"}],"about":[{"href":"https:\/\/toystoys.md\/ru\/wp-json\/wp\/v2\/types\/product"}],"replies":[{"embeddable":true,"href":"https:\/\/toystoys.md\/ru\/wp-json\/wp\/v2\/comments?post=196457"}],"wp:featuredmedia":[{"embeddable":true,"href":"https:\/\/toystoys.md\/ru\/wp-json\/wp\/v2\/media\/196459"}],"wp:attachment":[{"href":"https:\/\/toystoys.md\/ru\/wp-json\/wp\/v2\/media?parent=196457"}],"wp:term":[{"taxonomy":"product_brand","embeddable":true,"href":"https:\/\/toystoys.md\/ru\/wp-json\/wp\/v2\/product_brand?post=196457"},{"taxonomy":"product_cat","embeddable":true,"href":"https:\/\/toystoys.md\/ru\/wp-json\/wp\/v2\/product_cat?post=196457"},{"taxonomy":"product_tag","embeddable":true,"href":"https:\/\/toystoys.md\/ru\/wp-json\/wp\/v2\/product_tag?post=196457"}],"curies":[{"name":"wp","href":"https:\/\/api.w.org\/{rel}","templated":true}]}}