{"id":196354,"date":"2024-06-25T23:50:32","date_gmt":"2024-06-25T21:50:32","guid":{"rendered":""},"modified":"2024-06-26T23:12:35","modified_gmt":"2024-06-26T21:12:35","slug":"prod_778988343692_sc96492","status":"publish","type":"product","link":"https:\/\/toystoys.md\/ru\/shop\/prod_778988343692_sc96492\/","title":{"rendered":"\u0424\u0438\u0433\u0443\u0440\u043a\u0430 Batman \u0441 \u0430\u043a\u0441\u0435\u0441\u0441\u0443\u0430\u0440\u0430\u043c\u0438 Battle Strike, 30 \u0441\u043c SPIN MASTER"},"content":{"rendered":"<p>\u0424\u0438\u0433\u0443\u0440\u043a\u0430 SpinMaster Batman Battle Strike \u0441 \u0430\u043a\u0441\u0435\u0441\u0441\u0443\u0430\u0440\u0430\u043c\u0438, 30 \u0441\u043c, \u0441\u0435\u0440\u044b\u0439. \u0415\u0441\u043b\u0438 \u0432\u0430\u0448\u0438 \u0434\u0435\u0442\u0438 \u044f\u0432\u043b\u044f\u044e\u0442\u0441\u044f \u043f\u043e\u043a\u043b\u043e\u043d\u043d\u0438\u043a\u0430\u043c\u0438 \u043c\u0438\u0440\u0430 DC, \u043f\u043e\u0440\u0430\u0434\u0443\u0439\u0442\u0435 \u0438\u0445 \u044d\u0442\u043e\u0439 \u043f\u043e\u0442\u0440\u044f\u0441\u0430\u044e\u0449\u0435\u0439 \u0444\u0438\u0433\u0443\u0440\u043a\u043e\u0439 \u0411\u044d\u0442\u043c\u0435\u043d\u0430, \u043a\u043e\u0442\u043e\u0440\u0430\u044f \u043f\u043e\u0441\u0442\u0430\u0432\u043b\u044f\u0435\u0442\u0441\u044f \u0441 \u0430\u043a\u0441\u0435\u0441\u0441\u0443\u0430\u0440\u0430\u043c\u0438 \u043e\u0442 Spin Master. \u0424\u0438\u0433\u0443\u0440\u043a\u0430 \u0438\u0437\u0433\u043e\u0442\u043e\u0432\u043b\u0435\u043d\u0430 \u200b\u200b\u0438\u0437 \u0432\u044b\u0441\u043e\u043a\u043e\u043a\u0430\u0447\u0435\u0441\u0442\u0432\u0435\u043d\u043d\u043e\u0433\u043e \u043f\u043b\u0430\u0441\u0442\u0438\u043a\u0430, \u0438\u043c\u0435\u0435\u0442 \u0442\u043e\u043d\u043a\u0438\u0439 \u0438 \u0434\u0435\u0442\u0430\u043b\u0438\u0437\u0438\u0440\u043e\u0432\u0430\u043d\u043d\u044b\u0439 \u0434\u0438\u0437\u0430\u0439\u043d, \u0438\u043c\u0435\u0435\u0442 \u043f\u043e\u0434\u0432\u0438\u0436\u043d\u044b\u0435 \u0440\u0443\u043a\u0438 \u0438 \u043d\u043e\u0433\u0438. \u041d\u0430\u0431\u043e\u0440 \u043f\u043e\u0434\u0445\u043e\u0434\u0438\u0442 \u0434\u043b\u044f \u0434\u0435\u0442\u0435\u0439 \u043e\u0442 3 \u043b\u0435\u0442, \u0441 \u043d\u0438\u043c \u0434\u0435\u0442\u0438 \u0440\u0430\u0437\u043e\u0432\u044c\u044e\u0442 \u0441\u0432\u043e\u044e \u0444\u0430\u043d\u0442\u0430\u0437\u0438\u044e \u0438 \u0432\u043e\u043e\u0431\u0440\u0430\u0436\u0435\u043d\u0438\u0435 \u0438 \u0432\u0435\u0441\u0435\u043b\u043e \u043f\u0440\u043e\u0432\u0435\u0434\u0443\u0442 \u0432\u0440\u0435\u043c\u044f. \u0412\u044b\u0441\u043e\u0442\u0430 \u0444\u0438\u0433\u0443\u0440\u043a\u0438 \u043f\u0440\u0438\u043c\u0435\u0440\u043d\u043e 30 \u0441\u043c.<\/p>","protected":false},"excerpt":{"rendered":"<p>Figurina SpinMaster cu accesorii Batman Battle Strike, 30 cm, Gri Dac\u0103 copiii t\u0103i sunt fani ai lumii DC, \u00eenc\u00e2nt\u0103-i cu<\/p>","protected":false},"featured_media":196381,"comment_status":"closed","ping_status":"closed","template":"..\/public\/views\/revslider-page-template.php","meta":{"_monsterinsights_skip_tracking":false,"_monsterinsights_sitenote_active":false,"_monsterinsights_sitenote_note":"","_monsterinsights_sitenote_category":0},"product_brand":[],"product_cat":[1636,1615,55,1137,76,35,1039,1088,1520],"product_tag":[],"class_list":{"0":"post-196354","1":"product","2":"type-product","3":"status-publish","4":"has-post-thumbnail","6":"product_cat-interactive","7":"product_cat-personaje-figuri-si-seturi","8":"product_cat-toate-produsele","9":"product_cat-jucarii","10":"product_cat-jucarii-interactiv","11":"product_cat-roboti-si-figurine","12":"product_cat-eroii","13":"product_cat-eroii-marvel-dc","14":"product_cat-batman","16":"first","17":"instock","18":"shipping-taxable","19":"purchasable","20":"product-type-simple"},"_links":{"self":[{"href":"https:\/\/toystoys.md\/ru\/wp-json\/wp\/v2\/product\/196354","targetHints":{"allow":["GET"]}}],"collection":[{"href":"https:\/\/toystoys.md\/ru\/wp-json\/wp\/v2\/product"}],"about":[{"href":"https:\/\/toystoys.md\/ru\/wp-json\/wp\/v2\/types\/product"}],"replies":[{"embeddable":true,"href":"https:\/\/toystoys.md\/ru\/wp-json\/wp\/v2\/comments?post=196354"}],"wp:featuredmedia":[{"embeddable":true,"href":"https:\/\/toystoys.md\/ru\/wp-json\/wp\/v2\/media\/196381"}],"wp:attachment":[{"href":"https:\/\/toystoys.md\/ru\/wp-json\/wp\/v2\/media?parent=196354"}],"wp:term":[{"taxonomy":"product_brand","embeddable":true,"href":"https:\/\/toystoys.md\/ru\/wp-json\/wp\/v2\/product_brand?post=196354"},{"taxonomy":"product_cat","embeddable":true,"href":"https:\/\/toystoys.md\/ru\/wp-json\/wp\/v2\/product_cat?post=196354"},{"taxonomy":"product_tag","embeddable":true,"href":"https:\/\/toystoys.md\/ru\/wp-json\/wp\/v2\/product_tag?post=196354"}],"curies":[{"name":"wp","href":"https:\/\/api.w.org\/{rel}","templated":true}]}}