{"id":195181,"date":"2024-06-18T01:14:45","date_gmt":"2024-06-17T23:14:45","guid":{"rendered":""},"modified":"2024-06-20T00:21:41","modified_gmt":"2024-06-19T22:21:41","slug":"prod_6900007375047_sc96262","status":"publish","type":"product","link":"https:\/\/toystoys.md\/ru\/shop\/prod_6900007375047_sc96262\/","title":{"rendered":"\u041a\u0443\u043a\u043e\u043b\u043a\u0430 L.O.L. SURPRISE! \u0441\u0435\u0440\u0438\u044f ROUTE 707 W2 \u2013 \u041b\u0435\u0433\u0435\u043d\u0434\u0430\u0440\u043d\u044b\u0435 \u043a\u0443\u043a\u043e\u043b\u043a\u0438 L.O.L. Surprise MGA"},"content":{"rendered":"<p>\u041e\u0442\u043f\u0440\u0430\u0432\u043b\u044f\u0439\u0442\u0435\u0441\u044c \u0432 \u043f\u0443\u0442\u044c \u043a \u043f\u0440\u0438\u043a\u043b\u044e\u0447\u0435\u043d\u0438\u044f\u043c \u0432\u043c\u0435\u0441\u0442\u0435 \u0441 L.O.L. \u0421\u044e\u0440\u043f\u0440\u0438\u0437!<br \/>\n\u041f\u0440\u0438\u0433\u043e\u0442\u043e\u0432\u044c\u0442\u0435\u0441\u044c \u043e\u0442\u043f\u0440\u0430\u0432\u0438\u0442\u044c\u0441\u044f \u0432 \u043f\u0443\u0442\u0435\u0448\u0435\u0441\u0442\u0432\u0438\u0435, \u043f\u043e\u043b\u043d\u043e\u0435 \u0432\u0435\u0441\u0435\u043b\u044c\u044f \u0438 \u0441\u044e\u0440\u043f\u0440\u0438\u0437\u043e\u0432, \u0441 \u044d\u0442\u0438\u043c\u0438 \u0437\u0430\u0431\u0430\u0432\u043d\u044b\u043c\u0438 \u0438 \u0441\u043a\u0430\u0437\u043e\u0447\u043d\u044b\u043c\u0438 \u043a\u0443\u043a\u043b\u0430\u043c\u0438!<br \/>\n\u041a\u0430\u0436\u0434\u0430\u044f \u043a\u0443\u043a\u043b\u0430 \u0438\u043c\u0435\u0435\u0442 \u0443\u043d\u0438\u043a\u0430\u043b\u044c\u043d\u044b\u0439 \u0441\u0442\u0438\u043b\u044c, \u0432\u0434\u043e\u0445\u043d\u043e\u0432\u043b\u0435\u043d\u043d\u044b\u0439 \u0440\u0430\u0437\u043b\u0438\u0447\u043d\u044b\u043c\u0438 \u043e\u0441\u0442\u0430\u043d\u043e\u0432\u043a\u0430\u043c\u0438, \u043a\u043e\u0442\u043e\u0440\u044b\u0435 \u043e\u043d\u0438 \u0441\u043e\u0432\u0435\u0440\u0448\u0430\u043b\u0438 \u0432\u043e \u0432\u0440\u0435\u043c\u044f \u043f\u0443\u0442\u0435\u0448\u0435\u0441\u0442\u0432\u0438\u044f \u043f\u043e \u0441\u0442\u0440\u0430\u043d\u0435. \u0423 \u043d\u0438\u0445 \u0435\u0441\u0442\u044c \u0434\u0435\u0442\u0430\u043b\u0438\u0437\u0438\u0440\u043e\u0432\u0430\u043d\u043d\u044b\u0435 \u043d\u0430\u0440\u044f\u0434\u044b \u0438 \u0430\u043a\u0441\u0435\u0441\u0441\u0443\u0430\u0440\u044b, \u0447\u0442\u043e\u0431\u044b \u0432\u044b\u0440\u0430\u0437\u0438\u0442\u044c \u0441\u0432\u043e\u044e \u0438\u043d\u0434\u0438\u0432\u0438\u0434\u0443\u0430\u043b\u044c\u043d\u043e\u0441\u0442\u044c.<\/p>\n<p>\u0425\u0430\u0440\u0430\u043a\u0442\u0435\u0440\u0438\u0441\u0442\u0438\u043a\u0438:<br \/>\n\u2013 \u0420\u0430\u0437\u043c\u0435\u0440 \u0438\u0437\u0434\u0435\u043b\u0438\u044f: 9 \u0441\u043c.<br \/>\n\u2013 \u0420\u0435\u043a\u043e\u043c\u0435\u043d\u0434\u0443\u0435\u043c\u044b\u0439 \u0432\u043e\u0437\u0440\u0430\u0441\u0442: 4+<br \/>\n- \u0426\u0432\u0435\u0442: \u0420\u0430\u0437\u043d\u043e\u0446\u0432\u0435\u0442\u043d\u044b\u0439<br \/>\n- \u041c\u0430\u0442\u0435\u0440\u0438\u0430\u043b: \u043f\u043b\u0430\u0441\u0442\u0438\u043a<\/p>\n<p>\u041e\u0442\u043a\u0440\u043e\u0439\u0442\u0435 \u0434\u043b\u044f \u0441\u0435\u0431\u044f \u043d\u0435\u0432\u0435\u0440\u043e\u044f\u0442\u043d\u044b\u0435 \u0441\u044e\u0440\u043f\u0440\u0438\u0437\u044b \u043f\u0440\u043e\u0434\u0443\u043a\u0442\u0430 \u0438 \u043d\u0430\u0441\u043b\u0430\u0434\u0438\u0442\u0435\u0441\u044c \u0431\u0435\u0437\u0433\u0440\u0430\u043d\u0438\u0447\u043d\u044b\u043c\u0438 \u043f\u0440\u0438\u043a\u043b\u044e\u0447\u0435\u043d\u0438\u044f\u043c\u0438 \u0441 \u043a\u043e\u043b\u043b\u0435\u043a\u0446\u0438\u0435\u0439 L.O.L. \u0421\u044e\u0440\u043f\u0440\u0438\u0437!<\/p>","protected":false},"excerpt":{"rendered":"<p>\u00cenainteaz\u0103 pe drumul aventurii cu L.O.L. Surprise! Preg\u0103te\u0219te-te s\u0103 porne\u0219ti \u00eentr-o c\u0103l\u0103torie plin\u0103 de distrac\u021bie \u0219i surprize al\u0103turi de aceste<\/p>","protected":false},"featured_media":195197,"comment_status":"closed","ping_status":"closed","template":"..\/public\/views\/revslider-page-template.php","meta":{"_monsterinsights_skip_tracking":false,"_monsterinsights_sitenote_active":false,"_monsterinsights_sitenote_note":"","_monsterinsights_sitenote_category":0},"product_brand":[],"product_cat":[55,1137,34,1117,1039,1074],"product_tag":[],"class_list":{"0":"post-195181","1":"product","2":"type-product","3":"status-publish","4":"has-post-thumbnail","6":"product_cat-toate-produsele","7":"product_cat-jucarii","8":"product_cat-papusi-casute","9":"product_cat-papusi-si-seturi","10":"product_cat-eroii","11":"product_cat-l-o-l-surprise","13":"first","14":"instock","15":"shipping-taxable","16":"purchasable","17":"product-type-simple"},"_links":{"self":[{"href":"https:\/\/toystoys.md\/ru\/wp-json\/wp\/v2\/product\/195181","targetHints":{"allow":["GET"]}}],"collection":[{"href":"https:\/\/toystoys.md\/ru\/wp-json\/wp\/v2\/product"}],"about":[{"href":"https:\/\/toystoys.md\/ru\/wp-json\/wp\/v2\/types\/product"}],"replies":[{"embeddable":true,"href":"https:\/\/toystoys.md\/ru\/wp-json\/wp\/v2\/comments?post=195181"}],"wp:featuredmedia":[{"embeddable":true,"href":"https:\/\/toystoys.md\/ru\/wp-json\/wp\/v2\/media\/195197"}],"wp:attachment":[{"href":"https:\/\/toystoys.md\/ru\/wp-json\/wp\/v2\/media?parent=195181"}],"wp:term":[{"taxonomy":"product_brand","embeddable":true,"href":"https:\/\/toystoys.md\/ru\/wp-json\/wp\/v2\/product_brand?post=195181"},{"taxonomy":"product_cat","embeddable":true,"href":"https:\/\/toystoys.md\/ru\/wp-json\/wp\/v2\/product_cat?post=195181"},{"taxonomy":"product_tag","embeddable":true,"href":"https:\/\/toystoys.md\/ru\/wp-json\/wp\/v2\/product_tag?post=195181"}],"curies":[{"name":"wp","href":"https:\/\/api.w.org\/{rel}","templated":true}]}}