{"id":194801,"date":"2024-06-17T14:28:37","date_gmt":"2024-06-17T12:28:37","guid":{"rendered":""},"modified":"2024-11-06T11:08:31","modified_gmt":"2024-11-06T09:08:31","slug":"prod_4001702621100_sc68876","status":"publish","type":"product","link":"https:\/\/toystoys.md\/ru\/shop\/prod_4001702621100_sc68876\/","title":{"rendered":"\u0421\u0435\u0440\u0432\u0438\u0441 \u0430\u0432\u0442\u043e\u043c\u043e\u0431\u0438\u043b\u0435\u0439, \u0440\u043e\u0434\u0441\u0442\u0435\u0440 \u0438 \u043c\u0435\u0445\u0430\u043d\u0438\u043a \u2013 Bruder 62110"},"content":{"rendered":"<p>\u0421\u0434\u0435\u043b\u0430\u0439\u0442\u0435 \u0441\u0432\u043e\u0435\u043c\u0443 \u043c\u0430\u043b\u0435\u043d\u044c\u043a\u043e\u043c\u0443 \u043c\u0435\u0445\u0430\u043d\u0438\u043a\u0443 \u043f\u0430\u043c\u044f\u0442\u043d\u044b\u0439 \u043f\u043e\u0434\u0430\u0440\u043e\u043a! \u0410\u0432\u0442\u043e\u043c\u043e\u0431\u0438\u043b\u044c\u043d\u0430\u044f \u043c\u0430\u0441\u0442\u0435\u0440\u0441\u043a\u0430\u044f Bruder \u2014 \u0438\u0434\u0435\u0430\u043b\u044c\u043d\u0430\u044f \u0438\u0433\u0440\u0443\u0448\u043a\u0430, \u0447\u0442\u043e\u0431\u044b \u043e\u0442\u043a\u0440\u044b\u0442\u044c \u0434\u043b\u044f \u0441\u0435\u0431\u044f \u0443\u0432\u043b\u0435\u043a\u0430\u0442\u0435\u043b\u044c\u043d\u044b\u0439 \u043c\u0438\u0440 \u0440\u0435\u043c\u043e\u043d\u0442\u0430 \u0430\u0432\u0442\u043e\u043c\u043e\u0431\u0438\u043b\u0435\u0439.<\/p>\n<p>- \u042d\u0442\u043e\u0442 \u043f\u043e\u043b\u043d\u044b\u0439 \u043d\u0430\u0431\u043e\u0440 \u0441\u043e\u0441\u0442\u043e\u0438\u0442 \u0438\u0437 \u0430\u0432\u0442\u043e\u043c\u043e\u0431\u0438\u043b\u044f, \u0444\u0438\u0433\u0443\u0440\u043a\u0438 \u043c\u0435\u0445\u0430\u043d\u0438\u043a\u0430 \u0438 \u043c\u0430\u0441\u0442\u0435\u0440\u0441\u043a\u043e\u0439. \u041a\u0430\u0436\u0434\u044b\u0439 \u0438\u0437 \u044d\u0442\u0438\u0445 \u044d\u043b\u0435\u043c\u0435\u043d\u0442\u043e\u0432 \u0438\u043c\u0435\u0435\u0442 \u0440\u044f\u0434 \u0444\u0443\u043d\u043a\u0446\u0438\u043e\u043d\u0430\u043b\u044c\u043d\u044b\u0445 \u0432\u043e\u0437\u043c\u043e\u0436\u043d\u043e\u0441\u0442\u0435\u0439, \u0431\u043b\u0430\u0433\u043e\u0434\u0430\u0440\u044f \u043a\u043e\u0442\u043e\u0440\u044b\u043c \u043d\u0430\u0448\u0438 \u043c\u0430\u043b\u0435\u043d\u044c\u043a\u0438\u0435 \u043c\u0435\u0445\u0430\u043d\u0438\u043a\u0438 \u0441\u043c\u043e\u0433\u0443\u0442 \u043e\u0449\u0443\u0442\u0438\u0442\u044c \u043d\u0430\u0441\u0442\u043e\u044f\u0449\u0435\u0435 \u0443\u0434\u043e\u0432\u043b\u0435\u0442\u0432\u043e\u0440\u0435\u043d\u0438\u0435 \u043e\u0442 \u0440\u0430\u0431\u043e\u0442\u044b \u0432 \u0430\u0432\u0442\u043e\u0441\u0435\u0440\u0432\u0438\u0441\u0435.<br \/>\n- \u041c\u0430\u0441\u0442\u0435\u0440\u0441\u043a\u0430\u044f \u043e\u0431\u043e\u0440\u0443\u0434\u043e\u0432\u0430\u043d\u0430 \u043f\u043b\u0430\u0442\u0444\u043e\u0440\u043c\u043e\u0439 \u0434\u043b\u044f \u043f\u043e\u0434\u044a\u0435\u043c\u0430 \u0430\u0432\u0442\u043e\u043c\u043e\u0431\u0438\u043b\u044f, \u043a\u043e\u0442\u043e\u0440\u0430\u044f \u0443\u043f\u0440\u0430\u0432\u043b\u044f\u0435\u0442\u0441\u044f \u0441 \u043f\u043e\u043c\u043e\u0449\u044c\u044e \u043a\u043d\u043e\u043f\u043a\u0438 \u0438 \u0440\u044f\u0434\u043e\u043c \u0440\u0443\u0447\u043d\u044b\u0445 \u0438\u043d\u0441\u0442\u0440\u0443\u043c\u0435\u043d\u0442\u043e\u0432, \u043a\u043e\u0442\u043e\u0440\u044b\u043c\u0438 \u0441\u043c\u043e\u0436\u0435\u0442 \u043f\u043e\u043b\u044c\u0437\u043e\u0432\u0430\u0442\u044c\u0441\u044f \u043c\u0430\u043b\u0435\u043d\u044c\u043a\u0438\u0439 \u0430\u0432\u0442\u043e\u043c\u0435\u0445\u0430\u043d\u0438\u043a.<br \/>\n- \u0410\u0432\u0442\u043e\u043c\u043e\u0431\u0438\u043b\u044c, \u0432\u0445\u043e\u0434\u044f\u0449\u0438\u0439 \u0432 \u043a\u043e\u043c\u043f\u043b\u0435\u043a\u0442, \u043f\u0440\u0435\u0434\u0441\u0442\u0430\u0432\u043b\u044f\u0435\u0442 \u0441\u043e\u0431\u043e\u0439 \u043a\u0440\u0430\u0441\u0438\u0432\u044b\u0439 \u043a\u0430\u0431\u0440\u0438\u043e\u043b\u0435\u0442, \u0443 \u043a\u043e\u0442\u043e\u0440\u043e\u0433\u043e \u043c\u044b, \u043a\u043e\u043d\u0435\u0447\u043d\u043e, \u043c\u043e\u0436\u0435\u043c \u0441\u043d\u044f\u0442\u044c \u043a\u0440\u044b\u0448\u0443, \u043d\u043e \u0438 \u043a\u043e\u043b\u0435\u0441\u0430, \u0430 \u0442\u0430\u043a\u0436\u0435 \u0432 \u043a\u043e\u043c\u043f\u043b\u0435\u043a\u0442 \u0432\u0445\u043e\u0434\u0438\u0442 \u0434\u043e\u043f\u043e\u043b\u043d\u0438\u0442\u0435\u043b\u044c\u043d\u044b\u0439 \u043a\u043e\u043c\u043f\u043b\u0435\u043a\u0442 \u043a\u043e\u043b\u0435\u0441.<br \/>\n- \u0420\u0435\u043a\u043e\u043c\u0435\u043d\u0434\u0443\u0435\u043c\u044b\u0439 \u0432\u043e\u0437\u0440\u0430\u0441\u0442: \u043e\u0442 4 \u043b\u0435\u0442 \u0434\u043b\u044f \u0438\u0433\u0440 \u0432 \u043f\u043e\u043c\u0435\u0449\u0435\u043d\u0438\u0438 \u0438 \u043d\u0430 \u0441\u0432\u0435\u0436\u0435\u043c \u0432\u043e\u0437\u0434\u0443\u0445\u0435.<\/p>","protected":false},"excerpt":{"rendered":"<p>Ofer\u0103 un cadou memorabil micului t\u0103u mecanic! Atelierul auto Bruder este juc\u0103ria perfect\u0103 pentru a descoperi fascinanta lume a repara\u021biilor<\/p>","protected":false},"featured_media":194820,"comment_status":"closed","ping_status":"closed","template":"..\/public\/views\/revslider-page-template.php","meta":{"_monsterinsights_skip_tracking":false,"_monsterinsights_sitenote_active":false,"_monsterinsights_sitenote_note":"","_monsterinsights_sitenote_category":0},"product_brand":[],"product_cat":[1137,49,1109,1670,55],"product_tag":[],"class_list":{"0":"post-194801","1":"product","2":"type-product","3":"status-publish","4":"has-post-thumbnail","6":"product_cat-jucarii","7":"product_cat-transport","8":"product_cat-piste-garaje-parcare","9":"product_cat-seturi-de-jocuri","10":"product_cat-toate-produsele","12":"first","13":"outofstock","14":"shipping-taxable","15":"purchasable","16":"product-type-simple"},"_links":{"self":[{"href":"https:\/\/toystoys.md\/ru\/wp-json\/wp\/v2\/product\/194801","targetHints":{"allow":["GET"]}}],"collection":[{"href":"https:\/\/toystoys.md\/ru\/wp-json\/wp\/v2\/product"}],"about":[{"href":"https:\/\/toystoys.md\/ru\/wp-json\/wp\/v2\/types\/product"}],"replies":[{"embeddable":true,"href":"https:\/\/toystoys.md\/ru\/wp-json\/wp\/v2\/comments?post=194801"}],"wp:featuredmedia":[{"embeddable":true,"href":"https:\/\/toystoys.md\/ru\/wp-json\/wp\/v2\/media\/194820"}],"wp:attachment":[{"href":"https:\/\/toystoys.md\/ru\/wp-json\/wp\/v2\/media?parent=194801"}],"wp:term":[{"taxonomy":"product_brand","embeddable":true,"href":"https:\/\/toystoys.md\/ru\/wp-json\/wp\/v2\/product_brand?post=194801"},{"taxonomy":"product_cat","embeddable":true,"href":"https:\/\/toystoys.md\/ru\/wp-json\/wp\/v2\/product_cat?post=194801"},{"taxonomy":"product_tag","embeddable":true,"href":"https:\/\/toystoys.md\/ru\/wp-json\/wp\/v2\/product_tag?post=194801"}],"curies":[{"name":"wp","href":"https:\/\/api.w.org\/{rel}","templated":true}]}}