{"id":194257,"date":"2024-06-12T23:59:07","date_gmt":"2024-06-12T21:59:07","guid":{"rendered":""},"modified":"2026-02-18T16:20:47","modified_gmt":"2026-02-18T14:20:47","slug":"prod_4048962229721_sc44552","status":"publish","type":"product","link":"https:\/\/toystoys.md\/ru\/shop\/prod_4048962229721_sc44552\/","title":{"rendered":"\u041a\u043e\u043d\u0441\u0442\u0440\u0443\u043a\u0442\u043e\u0440 Profi \u2013 Pneumatic Power FischerTechnik"},"content":{"rendered":"<p>\u0412 \u043a\u043e\u043d\u0441\u0442\u0440\u0443\u043a\u0442\u043e\u0440\u0435 Pneumatic Power \u0438\u0441\u043f\u043e\u043b\u044c\u0437\u0443\u0435\u0442\u0441\u044f \u0438\u0433\u0440\u043e\u0432\u043e\u0439 \u043f\u043e\u0434\u0445\u043e\u0434 \u043a \u0438\u0437\u0443\u0447\u0435\u043d\u0438\u044e \u043f\u0440\u0438\u043d\u0446\u0438\u043f\u043e\u0432 \u0440\u0430\u0431\u043e\u0442\u044b \u043f\u043d\u0435\u0432\u043c\u0430\u0442\u0438\u043a\u0438 \u0441 \u043f\u043e\u043c\u043e\u0449\u044c\u044e \u0440\u0435\u0430\u043b\u0438\u0441\u0442\u0438\u0447\u043d\u044b\u0445 \u043c\u043e\u0434\u0435\u043b\u0435\u0439, \u0434\u0435\u043c\u043e\u043d\u0441\u0442\u0440\u0438\u0440\u0443\u044e\u0449\u0438\u0445 \u0444\u0443\u043d\u043a\u0446\u0438\u043e\u043d\u0430\u043b\u044c\u043d\u043e\u0441\u0442\u044c \u043f\u043d\u0435\u0432\u043c\u0430\u0442\u0438\u0447\u0435\u0441\u043a\u0438\u0445 \u043a\u043b\u0430\u043f\u0430\u043d\u043e\u0432 \u0438 \u0446\u0438\u043b\u0438\u043d\u0434\u0440\u043e\u0432. \u0412\u043e\u0437\u0434\u0443\u0445 \u0432\u0440\u0443\u0447\u043d\u0443\u044e \u0437\u0430\u043a\u0430\u0447\u0438\u0432\u0430\u0435\u0442\u0441\u044f \u0432 \u0432\u043e\u0437\u0434\u0443\u0448\u043d\u0443\u044e \u043a\u0430\u043c\u0435\u0440\u0443. \u041f\u0440\u0438 \u043d\u0430\u0436\u0430\u0442\u0438\u0438 \u043d\u0430 \u0440\u0443\u0447\u043d\u044b\u0435 \u043a\u043b\u0430\u043f\u0430\u043d\u044b \u0441\u0436\u0430\u0442\u044b\u0439 \u0432\u043e\u0437\u0434\u0443\u0445 \u043f\u043e \u0448\u043b\u0430\u043d\u0433\u0430\u043c \u043f\u043e\u0434\u0430\u0435\u0442\u0441\u044f \u0432 \u043f\u043d\u0435\u0432\u043c\u043e\u0446\u0438\u043b\u0438\u043d\u0434\u0440. \u041c\u043e\u0436\u043d\u043e \u043f\u043e\u0441\u0442\u0440\u043e\u0438\u0442\u044c \u044d\u043a\u0441\u043a\u0430\u0432\u0430\u0442\u043e\u0440 \u0438 \u0435\u0449\u0435 \u0447\u0435\u0442\u044b\u0440\u0435 \u043c\u043e\u0434\u0435\u043b\u0438.<\/p>\n<p>\u0418\u043d\u0441\u0442\u0440\u0443\u043a\u0446\u0438\u0438 \u043f\u043e \u0441\u0431\u043e\u0440\u043a\u0435 \u0434\u043b\u044f \u0441\u0431\u043e\u0440\u043a\u0438 5 \u043c\u043e\u0434\u0435\u043b\u0435\u0439, \u0440\u0430\u0431\u043e\u0442\u0430\u044e\u0449\u0438\u0445 \u043d\u0430 \u043f\u043d\u0435\u0432\u043c\u0430\u0442\u0438\u0447\u0435\u0441\u043a\u043e\u0439 \u044d\u043d\u0435\u0440\u0433\u0438\u0438.<\/p>\n<p>\u0421\u043e\u0434\u0435\u0440\u0436\u0438\u0442 200 \u0434\u0435\u0442\u0430\u043b\u0435\u0439.<\/p>\n<p>\u0420\u0435\u043a\u043e\u043c\u0435\u043d\u0434\u0443\u0435\u043c\u044b\u0439 \u0432\u043e\u0437\u0440\u0430\u0441\u0442: +8 \u043b\u0435\u0442.<\/p>","protected":false},"excerpt":{"rendered":"<p>Setul de construc\u021bie\u00a0Puterea pneumatic\u0103\u00a0adopt\u0103 o abordare de \u00eenv\u0103\u021bare prin joc a principiilor pneumatice, prin intermediul unor modele realiste care indic\u0103<\/p>","protected":false},"featured_media":194277,"comment_status":"closed","ping_status":"closed","template":"","meta":{"_monsterinsights_skip_tracking":false,"_monsterinsights_sitenote_active":false,"_monsterinsights_sitenote_note":"","_monsterinsights_sitenote_category":0},"product_brand":[],"product_cat":[55,1137,32,54],"product_tag":[1875],"class_list":{"0":"post-194257","1":"product","2":"type-product","3":"status-publish","4":"has-post-thumbnail","6":"product_cat-toate-produsele","7":"product_cat-jucarii","8":"product_cat-info-categorie","9":"product_cat-reduceri-oferte","10":"product_tag-outlet-50","12":"first","13":"instock","14":"sale","15":"shipping-taxable","16":"purchasable","17":"product-type-simple"},"_links":{"self":[{"href":"https:\/\/toystoys.md\/ru\/wp-json\/wp\/v2\/product\/194257","targetHints":{"allow":["GET"]}}],"collection":[{"href":"https:\/\/toystoys.md\/ru\/wp-json\/wp\/v2\/product"}],"about":[{"href":"https:\/\/toystoys.md\/ru\/wp-json\/wp\/v2\/types\/product"}],"replies":[{"embeddable":true,"href":"https:\/\/toystoys.md\/ru\/wp-json\/wp\/v2\/comments?post=194257"}],"wp:featuredmedia":[{"embeddable":true,"href":"https:\/\/toystoys.md\/ru\/wp-json\/wp\/v2\/media\/194277"}],"wp:attachment":[{"href":"https:\/\/toystoys.md\/ru\/wp-json\/wp\/v2\/media?parent=194257"}],"wp:term":[{"taxonomy":"product_brand","embeddable":true,"href":"https:\/\/toystoys.md\/ru\/wp-json\/wp\/v2\/product_brand?post=194257"},{"taxonomy":"product_cat","embeddable":true,"href":"https:\/\/toystoys.md\/ru\/wp-json\/wp\/v2\/product_cat?post=194257"},{"taxonomy":"product_tag","embeddable":true,"href":"https:\/\/toystoys.md\/ru\/wp-json\/wp\/v2\/product_tag?post=194257"}],"curies":[{"name":"wp","href":"https:\/\/api.w.org\/{rel}","templated":true}]}}