{"id":194128,"date":"2024-06-11T10:43:46","date_gmt":"2024-06-11T08:43:46","guid":{"rendered":""},"modified":"2025-01-10T10:07:05","modified_gmt":"2025-01-10T08:07:05","slug":"prod_4893825030729_sc96081","status":"publish","type":"product","link":"https:\/\/toystoys.md\/ru\/shop\/prod_4893825030729_sc96081\/","title":{"rendered":"\u0413\u043e\u043d\u043e\u0447\u043d\u044b\u0439 \u0430\u0432\u0442\u043e\u043c\u043e\u0431\u0438\u043b\u044c-\u0433\u0430\u0440\u0430\u0436 2 \u0432 1 Hot Hot Wheels MATTEL"},"content":{"rendered":"<p>\u041f\u0435\u0440\u0435\u0432\u043e\u0437\u0438\u0442\u0435 \u0441\u0432\u043e\u044e \u043b\u044e\u0431\u0438\u043c\u0443\u044e \u043a\u043e\u043b\u043b\u0435\u043a\u0446\u0438\u044e \u043d\u0430 \u043c\u0430\u043a\u0441\u0438\u043c\u0430\u043b\u044c\u043d\u043e\u0439 \u0441\u043a\u043e\u0440\u043e\u0441\u0442\u0438 \u0432 \u043d\u043e\u0432\u043e\u043c \u0433\u043e\u043d\u043e\u0447\u043d\u043e\u043c \u0430\u0432\u0442\u043e\u043c\u043e\u0431\u0438\u043b\u0435-\u0433\u0430\u0440\u0430\u0436\u0435 2 \u0432 1 \u043e\u0442 Hot Wheels.<br \/>\n\u041e\u043d \u043e\u0441\u043d\u0430\u0449\u0435\u043d \u0432\u044b\u0434\u0432\u0438\u0436\u043d\u043e\u0439 \u0440\u0443\u0447\u043a\u043e\u0439 \u0434\u043b\u044f \u0443\u0434\u043e\u0431\u043d\u043e\u0439 \u0442\u0440\u0430\u043d\u0441\u043f\u043e\u0440\u0442\u0438\u0440\u043e\u0432\u043a\u0438.<\/p>\n<p>\u0425\u0430\u0440\u0430\u043a\u0442\u0435\u0440\u0438\u0441\u0442\u0438\u043a\u0438:<br \/>\n- 2 \u0432 1 - \u0412\u044b \u043c\u043e\u0436\u0435\u0442\u0435 \u0438\u0433\u0440\u0430\u0442\u044c \u0441 \u0430\u0432\u0442\u043e\u043c\u043e\u0431\u0438\u043b\u0435\u043c \u0438 \u043e\u0434\u043d\u043e\u0432\u0440\u0435\u043c\u0435\u043d\u043d\u043e \u0445\u0440\u0430\u043d\u0438\u0442\u044c \u0432 \u043d\u0435\u043c \u043c\u0430\u0448\u0438\u043d\u043a\u0438 Hot Wheels;<br \/>\n- \u0432\u043c\u0435\u0449\u0430\u0435\u0442 \u0432 \u0441\u0435\u0431\u044f \u0434\u043e 15 \u043c\u0430\u0448\u0438\u043d\u043e\u043a Hot Wheels, \u043a\u043e\u0442\u043e\u0440\u044b\u0435 \u0442\u0435\u043f\u0435\u0440\u044c \u0442\u0430\u043a \u0443\u0434\u043e\u0431\u043d\u043e \u043d\u043e\u0441\u0438\u0442\u044c \u0441 \u0441\u043e\u0431\u043e\u0439;<br \/>\n- \u043f\u043e\u043c\u043e\u0433\u0430\u0435\u0442 \u043f\u0440\u0435\u0432\u0440\u0430\u0442\u0438\u0442\u044c \u0443\u0431\u043e\u0440\u043a\u0443 \u0432 \u0432\u0435\u0441\u0435\u043b\u0443\u044e \u0438\u0433\u0440\u0443;<br \/>\n- \u043e\u0441\u043d\u0430\u0449\u0435\u043d \u0432\u044b\u0434\u0432\u0438\u0436\u043d\u044b\u043c \u0431\u0430\u043c\u043f\u0435\u0440\u043e\u043c \u0434\u043b\u044f \u0443\u0434\u043e\u0431\u043d\u043e\u0439 \u0442\u0440\u0430\u043d\u0441\u043f\u043e\u0440\u0442\u0438\u0440\u043e\u0432\u043a\u0438.<\/p>","protected":false},"excerpt":{"rendered":"<p>Transporta\u021bi-v\u0103 colec\u021bia preferat\u0103 la vitez\u0103 maxim\u0103 \u00een noua ma\u0219in\u0103 de curse- garaj 2-\u00een-1 de la Hot Wheels. Dispune de un<\/p>","protected":false},"featured_media":194138,"comment_status":"closed","ping_status":"closed","template":"..\/public\/views\/revslider-page-template.php","meta":{"_monsterinsights_skip_tracking":false,"_monsterinsights_sitenote_active":false,"_monsterinsights_sitenote_note":"","_monsterinsights_sitenote_category":0},"product_brand":[],"product_cat":[55,1137,49,1110],"product_tag":[],"class_list":{"0":"post-194128","1":"product","2":"type-product","3":"status-publish","4":"has-post-thumbnail","6":"product_cat-toate-produsele","7":"product_cat-jucarii","8":"product_cat-transport","9":"product_cat-masini","11":"first","12":"instock","13":"shipping-taxable","14":"purchasable","15":"product-type-simple"},"_links":{"self":[{"href":"https:\/\/toystoys.md\/ru\/wp-json\/wp\/v2\/product\/194128","targetHints":{"allow":["GET"]}}],"collection":[{"href":"https:\/\/toystoys.md\/ru\/wp-json\/wp\/v2\/product"}],"about":[{"href":"https:\/\/toystoys.md\/ru\/wp-json\/wp\/v2\/types\/product"}],"replies":[{"embeddable":true,"href":"https:\/\/toystoys.md\/ru\/wp-json\/wp\/v2\/comments?post=194128"}],"wp:featuredmedia":[{"embeddable":true,"href":"https:\/\/toystoys.md\/ru\/wp-json\/wp\/v2\/media\/194138"}],"wp:attachment":[{"href":"https:\/\/toystoys.md\/ru\/wp-json\/wp\/v2\/media?parent=194128"}],"wp:term":[{"taxonomy":"product_brand","embeddable":true,"href":"https:\/\/toystoys.md\/ru\/wp-json\/wp\/v2\/product_brand?post=194128"},{"taxonomy":"product_cat","embeddable":true,"href":"https:\/\/toystoys.md\/ru\/wp-json\/wp\/v2\/product_cat?post=194128"},{"taxonomy":"product_tag","embeddable":true,"href":"https:\/\/toystoys.md\/ru\/wp-json\/wp\/v2\/product_tag?post=194128"}],"curies":[{"name":"wp","href":"https:\/\/api.w.org\/{rel}","templated":true}]}}