{"id":192800,"date":"2024-06-03T06:00:34","date_gmt":"2024-06-03T04:00:34","guid":{"rendered":"https:\/\/toystoys.md\/shop\/prod_5702017590462_sc95559\/"},"modified":"2026-01-21T16:22:29","modified_gmt":"2026-01-21T14:22:29","slug":"prod_5702017590462_sc95559","status":"publish","type":"product","link":"https:\/\/toystoys.md\/ru\/shop\/prod_5702017590462_sc95559\/","title":{"rendered":"\u041c\u0438\u043d\u044c\u043e\u043d\u044b \u0438 \u043c\u0430\u0448\u0438\u043d\u0430-\u0431\u0430\u043d\u0430\u043d Minions LEGO 75580"},"content":{"rendered":"<p>\u041f\u043e\u0440\u0430\u0434\u0443\u0439\u0442\u0435 \u043f\u043e\u043a\u043b\u043e\u043d\u043d\u0438\u043a\u0430 \u041c\u0438\u043d\u044c\u043e\u043d\u043e\u0432 \u043d\u0430\u0431\u043e\u0440\u043e\u043c LEGO Despicable Me 4 Minions and Banana Car. \u0412 \u044d\u0442\u043e\u0439 \u043a\u0440\u0435\u0430\u0442\u0438\u0432\u043d\u043e\u0439 \u0438\u0433\u0440\u0443\u0448\u043a\u0435 \u0434\u043b\u044f \u0434\u0435\u0442\u0435\u0439 \u0435\u0441\u0442\u044c 4 \u041c\u0438\u043d\u044c\u043e\u043d\u0430, \u043c\u0430\u043b\u0435\u043d\u044c\u043a\u0430\u044f \u043c\u0430\u0448\u0438\u043d\u043a\u0430 \u0438 \u0430\u043a\u0441\u0435\u0441\u0441\u0443\u0430\u0440\u044b. \u042d\u0442\u043e \u0437\u0430\u0431\u0430\u0432\u043d\u044b\u0439 \u043f\u043e\u0434\u0430\u0440\u043e\u043a-\u0438\u0433\u0440\u0443\u0448\u043a\u0430 \u0434\u043b\u044f \u043c\u0430\u043b\u044c\u0447\u0438\u043a\u043e\u0432 \u0438 \u0434\u0435\u0432\u043e\u0447\u0435\u043a \u0432 \u0432\u043e\u0437\u0440\u0430\u0441\u0442\u0435 \u043e\u0442 6 \u043b\u0435\u0442 \u0438 \u043f\u043e\u043a\u043b\u043e\u043d\u043d\u0438\u043a\u043e\u0432 \u0444\u0438\u043b\u044c\u043c\u0430 Despicable Me 4 \u043e\u0442 Illumination. \u0418\u0449\u0435\u0442\u0435 \u043d\u0430\u0431\u043e\u0440 LEGO \u0441 \u041c\u0438\u043d\u044c\u043e\u043d\u0430\u043c\u0438, \u043c\u0430\u043b\u0435\u043d\u044c\u043a\u0443\u044e \u0438\u0433\u0440\u0443\u0448\u0435\u0447\u043d\u0443\u044e \u043c\u0430\u0448\u0438\u043d\u043a\u0443 \u0438\u043b\u0438 \u0437\u0430\u0431\u0430\u0432\u043d\u044b\u0439 \u043f\u043e\u0434\u0430\u0440\u043e\u043a? \u041f\u043e\u0441\u043c\u043e\u0442\u0440\u0438\u0442\u0435 \u043d\u0430 \u0431\u0430\u043d\u0430\u043d\u043e\u043c\u043e\u0431\u0438\u043b\u044c \u041c\u0438\u043d\u044c\u043e\u043d\u043e\u0432 \u0441 \u0432\u043e\u0434\u0438\u0442\u0435\u043b\u044c\u0441\u043a\u0438\u043c \u0441\u0438\u0434\u0435\u043d\u044c\u0435\u043c \u0438 \u0441\u044a\u0435\u043c\u043d\u044b\u043c \u0434\u0432\u0438\u0433\u0430\u0442\u0435\u043b\u0435\u043c. \u0412 \u043a\u043e\u043c\u043f\u043b\u0435\u043a\u0442 \u0438\u0433\u0440\u0443\u0448\u043a\u0438 \u0432\u0445\u043e\u0434\u044f\u0442 4 \u041c\u0438\u043d\u044c\u043e\u043d\u0430 \u0438 \u0430\u043a\u0441\u0435\u0441\u0441\u0443\u0430\u0440\u044b. \u041c\u0435\u0433\u0430-\u043c\u0438\u043d\u044c\u043e\u043d \u0414\u044d\u0439\u0432 \u043c\u043e\u0436\u0435\u0442 \u043f\u043e\u0434\u043d\u0438\u043c\u0430\u0442\u044c \u0434\u0432\u0438\u0433\u0430\u0442\u0435\u043b\u044c \u043e\u0434\u043d\u043e\u0439 \u0440\u0443\u043a\u043e\u0439, \u0430 \u0434\u0440\u0443\u0433\u043e\u0439 - \u0448\u0442\u0430\u043d\u0433\u0443. \u041c\u0435\u043b \u0440\u0438\u0441\u0443\u0435\u0442 \u043a\u0430\u0440\u0442\u0438\u043d\u0443 \u0441 \u0431\u0430\u043d\u0430\u043d\u043e\u043c, \u0430 \u043c\u0438\u043d\u044c\u043e\u043d \u0422\u0438\u043c, \u0441\u0435\u043a\u0440\u0435\u0442\u043d\u044b\u0439 \u0430\u0433\u0435\u043d\u0442 AVL, \u043f\u0440\u043e\u043b\u0435\u0442\u0430\u0435\u0442 \u043c\u0438\u043c\u043e \u0441 \u0432\u0440\u0430\u0449\u0430\u044e\u0449\u0438\u043c\u0438\u0441\u044f \u043b\u043e\u043f\u0430\u0441\u0442\u044f\u043c\u0438 \u0440\u043e\u0442\u043e\u0440\u0430 \u043d\u0430 \u0433\u043e\u043b\u043e\u0432\u0435 \u0438 \u043f\u0443\u043b\u044c\u0442\u043e\u043c \u0434\u0438\u0441\u0442\u0430\u043d\u0446\u0438\u043e\u043d\u043d\u043e\u0433\u043e \u0443\u043f\u0440\u0430\u0432\u043b\u0435\u043d\u0438\u044f \u0432 \u0440\u0443\u043a\u0435. \u041d\u0430 \u0437\u0435\u043c\u043b\u0435 \u0441\u0442\u043e\u0438\u0442 \u0435\u0433\u043e \u0440\u0430\u0431\u043e\u0447\u0435\u0435 \u043c\u0435\u0441\u0442\u043e, \u0437\u0430\u043f\u043e\u043b\u043d\u0435\u043d\u043d\u043e\u0435 \u0441\u043f\u0435\u0446\u0438\u0430\u043b\u044c\u043d\u044b\u043c\u0438 \u0438\u043d\u0441\u0442\u0440\u0443\u043c\u0435\u043d\u0442\u0430\u043c\u0438, \u0432 \u0442\u043e\u043c \u0447\u0438\u0441\u043b\u0435 \u0440\u0435\u043d\u0442\u0433\u0435\u043d\u043e\u0432\u0441\u043a\u0438\u043c\u0438 \u043e\u0447\u043a\u0430\u043c\u0438. \u041c\u0438\u043d\u044c\u043e\u043d \u0420\u043e\u043d \u0438\u0437 \u043a\u043e\u043c\u0430\u043d\u0434\u044b Pit Crew \u0434\u0435\u0436\u0443\u0440\u0438\u0442 \u0443 \u043f\u0435\u043b\u0435\u043d\u0430\u043b\u044c\u043d\u043e\u0433\u043e \u0441\u0442\u043e\u043b\u0438\u043a\u0430. \u0423 \u043d\u0435\u0433\u043e \u0435\u0441\u0442\u044c \u0432\u0441\u0435 \u043d\u0435\u043e\u0431\u0445\u043e\u0434\u0438\u043c\u043e\u0435, \u0432\u043a\u043b\u044e\u0447\u0430\u044f \u043f\u0438\u0441\u0442\u043e\u043b\u0435\u0442 \u0434\u043b\u044f \u0443\u0434\u0430\u043b\u0435\u043d\u0438\u044f \u0433\u0440\u044f\u0437\u043d\u044b\u0445 \u043f\u043e\u0434\u0433\u0443\u0437\u043d\u0438\u043a\u043e\u0432.<\/p>","protected":false},"excerpt":{"rendered":"<p>R\u0103sfa\u021b\u0103 un fan al Minionilor cu LEGO Despicable Me 4 Minions and Banana Car. Aceast\u0103 juc\u0103rie creativ\u0103 pentru copii con\u021bine<\/p>","protected":false},"featured_media":192863,"comment_status":"closed","ping_status":"closed","template":"..\/public\/views\/revslider-page-template.php","meta":{"_monsterinsights_skip_tracking":false,"_monsterinsights_sitenote_active":false,"_monsterinsights_sitenote_note":"","_monsterinsights_sitenote_category":0},"product_brand":[],"product_cat":[1708,55,1137,288],"product_tag":[1914],"class_list":{"0":"post-192800","1":"product","2":"type-product","3":"status-publish","4":"has-post-thumbnail","6":"product_cat-lego-minions","7":"product_cat-toate-produsele","8":"product_cat-jucarii","9":"product_cat-lego","10":"product_tag-lego-30","12":"first","13":"instock","14":"shipping-taxable","15":"purchasable","16":"product-type-simple"},"_links":{"self":[{"href":"https:\/\/toystoys.md\/ru\/wp-json\/wp\/v2\/product\/192800","targetHints":{"allow":["GET"]}}],"collection":[{"href":"https:\/\/toystoys.md\/ru\/wp-json\/wp\/v2\/product"}],"about":[{"href":"https:\/\/toystoys.md\/ru\/wp-json\/wp\/v2\/types\/product"}],"replies":[{"embeddable":true,"href":"https:\/\/toystoys.md\/ru\/wp-json\/wp\/v2\/comments?post=192800"}],"wp:featuredmedia":[{"embeddable":true,"href":"https:\/\/toystoys.md\/ru\/wp-json\/wp\/v2\/media\/192863"}],"wp:attachment":[{"href":"https:\/\/toystoys.md\/ru\/wp-json\/wp\/v2\/media?parent=192800"}],"wp:term":[{"taxonomy":"product_brand","embeddable":true,"href":"https:\/\/toystoys.md\/ru\/wp-json\/wp\/v2\/product_brand?post=192800"},{"taxonomy":"product_cat","embeddable":true,"href":"https:\/\/toystoys.md\/ru\/wp-json\/wp\/v2\/product_cat?post=192800"},{"taxonomy":"product_tag","embeddable":true,"href":"https:\/\/toystoys.md\/ru\/wp-json\/wp\/v2\/product_tag?post=192800"}],"curies":[{"name":"wp","href":"https:\/\/api.w.org\/{rel}","templated":true}]}}