{"id":191039,"date":"2024-05-26T11:05:45","date_gmt":"2024-05-26T09:05:45","guid":{"rendered":""},"modified":"2024-05-27T14:55:18","modified_gmt":"2024-05-27T12:55:18","slug":"prod_8033100070439_sc95286","status":"publish","type":"product","link":"https:\/\/toystoys.md\/ru\/shop\/prod_8033100070439_sc95286\/","title":{"rendered":"\u0414\u0435\u043b\u0438\u043a\u0430\u0442\u043d\u043e\u0435 \u043c\u043e\u044e\u0449\u0435\u0435 \u0441\u0440\u0435\u0434\u0441\u0442\u0432\u043e \u0434\u043b\u044f \u0432\u0430\u043d\u043d \u0441 \u0447\u0438\u0441\u0442\u044b\u043c \u0440\u0438\u0441\u043e\u0432\u044b\u043c \u043a\u0440\u0430\u0445\u043c\u0430\u043b\u043e\u043c LINEA BABY 500 \u043c\u043b Bios and Derma"},"content":{"rendered":"<p>\u042d\u0442\u043e \u043d\u0435\u0430\u0433\u0440\u0435\u0441\u0441\u0438\u0432\u043d\u043e\u0435 \u043c\u043e\u044e\u0449\u0435\u0435 \u0441\u0440\u0435\u0434\u0441\u0442\u0432\u043e \u043d\u0430 \u043e\u0441\u043d\u043e\u0432\u0435 \u0446\u0435\u043d\u043d\u044b\u0445 \u0438\u043d\u0433\u0440\u0435\u0434\u0438\u0435\u043d\u0442\u043e\u0432 \u043f\u0440\u0438\u0440\u043e\u0434\u043d\u043e\u0433\u043e \u043f\u0440\u043e\u0438\u0441\u0445\u043e\u0436\u0434\u0435\u043d\u0438\u044f, \u043a\u043e\u0442\u043e\u0440\u043e\u0435 \u043f\u043e\u043e\u0449\u0440\u044f\u0435\u0442 \u0447\u0430\u0441\u0442\u043e\u0435 \u0438\u0441\u043f\u043e\u043b\u044c\u0437\u043e\u0432\u0430\u043d\u0438\u0435 \u0434\u0435\u0442\u044c\u043c\u0438. \u0412\u044b\u0441\u043e\u043a\u043e\u043a\u0430\u0447\u0435\u0441\u0442\u0432\u0435\u043d\u043d\u043e\u0435 \u0441\u044b\u0440\u044c\u0435 (\u0447\u0438\u0441\u0442\u044b\u0439 \u0440\u0438\u0441\u043e\u0432\u044b\u0439 \u043a\u0440\u0430\u0445\u043c\u0430\u043b, \u0437\u0435\u043b\u0435\u043d\u044b\u0439 \u0447\u0430\u0439 \u0438 \u0440\u043e\u043c\u0430\u0448\u043a\u0430) \u043e\u043a\u0430\u0437\u044b\u0432\u0430\u044e\u0442 \u0441\u043c\u044f\u0433\u0447\u0430\u044e\u0449\u0435\u0435 \u0434\u0435\u0439\u0441\u0442\u0432\u0438\u0435, \u043f\u043e\u043c\u043e\u0433\u0430\u044f \u0441\u043e\u0445\u0440\u0430\u043d\u0438\u0442\u044c \u043a\u043e\u0436\u0443 \u043c\u044f\u0433\u043a\u043e\u0439 \u0438 \u0431\u0430\u0440\u0445\u0430\u0442\u0438\u0441\u0442\u043e\u0439.<\/p>\n<p>\u041f\u0420\u041e\u0414\u0423\u041a\u0422 \u041f\u041e\u0414\u0425\u041e\u0414\u0418\u0422 \u0414\u041b\u042f:<br \/>\n\u2013 \u0414\u0415\u0422\u0421\u041a\u0418\u0415 \u0412\u0410\u041d\u041d\u042b\u0415 \u041f\u0420\u041e\u0426\u0415\u0414\u0423\u0420\u042b<br \/>\n\u2013 \u0412\u0421\u0415 \u0422\u0418\u041f\u042b \u041a\u041e\u0416\u0418, \u0412 \u0422\u041e\u041c \u0427\u0418\u0421\u041b\u0415 \u0421\u0423\u0425\u0410\u042f, \u0427\u0423\u0412\u0421\u0422\u0412\u0418\u0422\u0415\u041b\u042c\u041d\u0410\u042f \u0418 \u041d\u0415\u0416\u041d\u0410\u042f<\/p>","protected":false},"excerpt":{"rendered":"<p>Este un detergent non-agresiv pe baz\u0103 de ingrediente pre\u021bioase de origine natural\u0103, care \u00eencurajeaz\u0103 utilizarea frecvent\u0103 la copii. Materiile prime<\/p>","protected":false},"featured_media":191069,"comment_status":"closed","ping_status":"closed","template":"..\/public\/views\/revslider-page-template.php","meta":{"_monsterinsights_skip_tracking":false,"_monsterinsights_sitenote_active":false,"_monsterinsights_sitenote_note":"","_monsterinsights_sitenote_category":0},"product_brand":[],"product_cat":[55,1141,50,1105],"product_tag":[],"class_list":{"0":"post-191039","1":"product","2":"type-product","3":"status-publish","4":"has-post-thumbnail","6":"product_cat-toate-produsele","7":"product_cat-produse-pentru-bebelusi","8":"product_cat-iginina","9":"product_cat-produse-pentru-baie","11":"first","12":"instock","13":"shipping-taxable","14":"purchasable","15":"product-type-simple"},"_links":{"self":[{"href":"https:\/\/toystoys.md\/ru\/wp-json\/wp\/v2\/product\/191039","targetHints":{"allow":["GET"]}}],"collection":[{"href":"https:\/\/toystoys.md\/ru\/wp-json\/wp\/v2\/product"}],"about":[{"href":"https:\/\/toystoys.md\/ru\/wp-json\/wp\/v2\/types\/product"}],"replies":[{"embeddable":true,"href":"https:\/\/toystoys.md\/ru\/wp-json\/wp\/v2\/comments?post=191039"}],"wp:featuredmedia":[{"embeddable":true,"href":"https:\/\/toystoys.md\/ru\/wp-json\/wp\/v2\/media\/191069"}],"wp:attachment":[{"href":"https:\/\/toystoys.md\/ru\/wp-json\/wp\/v2\/media?parent=191039"}],"wp:term":[{"taxonomy":"product_brand","embeddable":true,"href":"https:\/\/toystoys.md\/ru\/wp-json\/wp\/v2\/product_brand?post=191039"},{"taxonomy":"product_cat","embeddable":true,"href":"https:\/\/toystoys.md\/ru\/wp-json\/wp\/v2\/product_cat?post=191039"},{"taxonomy":"product_tag","embeddable":true,"href":"https:\/\/toystoys.md\/ru\/wp-json\/wp\/v2\/product_tag?post=191039"}],"curies":[{"name":"wp","href":"https:\/\/api.w.org\/{rel}","templated":true}]}}