{"id":191038,"date":"2024-05-26T11:05:42","date_gmt":"2024-05-26T09:05:42","guid":{"rendered":""},"modified":"2024-05-27T14:53:37","modified_gmt":"2024-05-27T12:53:37","slug":"prod_8033100070422_sc95290","status":"publish","type":"product","link":"https:\/\/toystoys.md\/ru\/shop\/prod_8033100070422_sc95290\/","title":{"rendered":"\u041a\u0440\u0435\u043c \u0434\u043b\u044f \u0442\u0435\u043b\u0430 \u0441 \u0447\u0438\u0441\u0442\u044b\u043c \u0440\u0438\u0441\u043e\u0432\u044b\u043c \u043a\u0440\u0430\u0445\u043c\u0430\u043b\u043e\u043c LINEA BABY 200 \u043c\u043b Bios and Derma"},"content":{"rendered":"<p>\u0424\u043b\u044e\u0438\u0434-\u044d\u043c\u0443\u043b\u044c\u0441\u0438\u044f \u043d\u0430 \u043e\u0441\u043d\u043e\u0432\u0435 \u0434\u0440\u0430\u0433\u043e\u0446\u0435\u043d\u043d\u044b\u0445 \u0438\u043d\u0433\u0440\u0435\u0434\u0438\u0435\u043d\u0442\u043e\u0432 \u043f\u0440\u0438\u0440\u043e\u0434\u043d\u043e\u0433\u043e \u043f\u0440\u043e\u0438\u0441\u0445\u043e\u0436\u0434\u0435\u043d\u0438\u044f. \u041e\u043b\u0438\u0432\u043a\u043e\u0432\u043e\u0435 \u043c\u0430\u0441\u043b\u043e \u043e\u043f\u0442\u0438\u043c\u0430\u043b\u044c\u043d\u043e \u0443\u0432\u043b\u0430\u0436\u043d\u044f\u0435\u0442 \u0438 \u043f\u0438\u0442\u0430\u0435\u0442, \u0440\u043e\u043c\u0430\u0448\u043a\u0430 \u043e\u043a\u0430\u0437\u044b\u0432\u0430\u0435\u0442 \u043f\u0440\u043e\u0442\u0438\u0432\u043e\u0432\u043e\u0441\u043f\u0430\u043b\u0438\u0442\u0435\u043b\u044c\u043d\u043e\u0435 \u0438 \u043f\u0440\u043e\u0442\u0438\u0432\u043e\u0430\u043b\u043b\u0435\u0440\u0433\u0438\u0447\u0435\u0441\u043a\u043e\u0435 \u0434\u0435\u0439\u0441\u0442\u0432\u0438\u0435, \u0430 \u0431\u0430\u0440\u0445\u0430\u0442\u0446\u044b \u043e\u0431\u043b\u0430\u0434\u0430\u044e\u0442 \u0441\u043c\u044f\u0433\u0447\u0430\u044e\u0449\u0438\u043c\u0438 \u0438 \u0437\u0430\u0449\u0438\u0442\u043d\u044b\u043c\u0438 \u0441\u0432\u043e\u0439\u0441\u0442\u0432\u0430\u043c\u0438. \u0420\u0438\u0441\u043e\u0432\u044b\u0439 \u043a\u0440\u0430\u0445\u043c\u0430\u043b \u0438 \u043a\u043e\u043c\u0431\u0438\u043d\u0430\u0446\u0438\u044f \u044d\u0442\u0438\u0445 \u044d\u043a\u0441\u0442\u0440\u0430\u043a\u0442\u043e\u0432 \u043f\u043e\u043c\u043e\u0433\u0430\u044e\u0442 \u0443\u0441\u043f\u043e\u043a\u043e\u0438\u0442\u044c \u043a\u043e\u0436\u0443.<\/p>\n<p>\u041f\u0420\u041e\u0414\u0423\u041a\u0422 \u041f\u041e\u0414\u0425\u041e\u0414\u0418\u0422 \u0414\u041b\u042f:<br \/>\n\u2013 \u0412\u0421\u0415 \u0422\u0418\u041f\u042b \u0414\u0415\u0422\u0421\u041a\u041e\u0419 \u041a\u041e\u0416\u0418<br \/>\n\u2013 \u041f\u041e\u0421\u041b\u0415 \u0412\u041e\u0417\u0414\u0415\u0419\u0421\u0422\u0412\u0418\u042f \u0421\u041e\u041b\u041d\u0426\u0410, \u041f\u041e\u0421\u041b\u0415 \u0414\u0423\u0428\u0410 \u0418 \u0412\u0410\u041d\u041d\u042b<\/p>","protected":false},"excerpt":{"rendered":"<p>Emulsie fluid\u0103 pe baz\u0103 de ingrediente pre\u021bioase de origine natural\u0103. Uleiul de m\u0103sline hidrateaz\u0103 \u0219i hr\u0103ne\u0219te \u00een mod optim, musetelul<\/p>","protected":false},"featured_media":191068,"comment_status":"closed","ping_status":"closed","template":"..\/public\/views\/revslider-page-template.php","meta":{"_monsterinsights_skip_tracking":false,"_monsterinsights_sitenote_active":false,"_monsterinsights_sitenote_note":"","_monsterinsights_sitenote_category":0},"product_brand":[],"product_cat":[55,1141,50,1102],"product_tag":[],"class_list":{"0":"post-191038","1":"product","2":"type-product","3":"status-publish","4":"has-post-thumbnail","6":"product_cat-toate-produsele","7":"product_cat-produse-pentru-bebelusi","8":"product_cat-iginina","9":"product_cat-produse-cosmetice-pentru-ingrijirea-pielii","11":"first","12":"instock","13":"shipping-taxable","14":"purchasable","15":"product-type-simple"},"_links":{"self":[{"href":"https:\/\/toystoys.md\/ru\/wp-json\/wp\/v2\/product\/191038","targetHints":{"allow":["GET"]}}],"collection":[{"href":"https:\/\/toystoys.md\/ru\/wp-json\/wp\/v2\/product"}],"about":[{"href":"https:\/\/toystoys.md\/ru\/wp-json\/wp\/v2\/types\/product"}],"replies":[{"embeddable":true,"href":"https:\/\/toystoys.md\/ru\/wp-json\/wp\/v2\/comments?post=191038"}],"wp:featuredmedia":[{"embeddable":true,"href":"https:\/\/toystoys.md\/ru\/wp-json\/wp\/v2\/media\/191068"}],"wp:attachment":[{"href":"https:\/\/toystoys.md\/ru\/wp-json\/wp\/v2\/media?parent=191038"}],"wp:term":[{"taxonomy":"product_brand","embeddable":true,"href":"https:\/\/toystoys.md\/ru\/wp-json\/wp\/v2\/product_brand?post=191038"},{"taxonomy":"product_cat","embeddable":true,"href":"https:\/\/toystoys.md\/ru\/wp-json\/wp\/v2\/product_cat?post=191038"},{"taxonomy":"product_tag","embeddable":true,"href":"https:\/\/toystoys.md\/ru\/wp-json\/wp\/v2\/product_tag?post=191038"}],"curies":[{"name":"wp","href":"https:\/\/api.w.org\/{rel}","templated":true}]}}