{"id":189593,"date":"2024-05-21T11:10:06","date_gmt":"2024-05-21T09:10:06","guid":{"rendered":""},"modified":"2024-05-22T12:16:29","modified_gmt":"2024-05-22T10:16:29","slug":"prod_4680046980168_sc52627","status":"publish","type":"product","link":"https:\/\/toystoys.md\/ru\/shop\/prod_4680046980168_sc52627\/","title":{"rendered":"\u0413\u0440\u0435\u0447\u0438\u0448\u043d\u044b\u0439 \u0447\u0430\u0439\u043d\u044b\u0439 \u043d\u0430\u043f\u0438\u0442\u043e\u043a c \u044f\u0431\u043b\u043e\u043a\u043e\u043c \u0438 \u043a\u043e\u0440\u0438\u0446\u0435\u0439 Nature\u2019s own factory (100 \u0433\u0440)"},"content":{"rendered":"<p>\u041a\u043b\u0430\u0441\u0441\u0438\u0447\u0435\u0441\u043a\u043e\u0435 \u0441\u043e\u0447\u0435\u0442\u0430\u043d\u0438\u0435, \u0440\u0430\u043d\u0435\u0435 \u0443\u0441\u043f\u0435\u0448\u043d\u043e \u043e\u043f\u0440\u043e\u0431\u043e\u0432\u0430\u043d\u043d\u043e\u0435 \u0432 \u043f\u043e\u043b\u0435\u0437\u043d\u043e\u043c \u0432\u0430\u0440\u0435\u043d\u044c\u0435, \u0437\u0434\u0435\u0441\u044c \u0440\u0430\u0441\u043a\u0440\u044b\u0432\u0430\u0435\u0442\u0441\u044f \u043f\u043e\u043d\u043e\u0432\u043e\u043c\u0443: \u0431\u0443\u0440\u043d\u044b\u0439 \u0432\u043a\u0443\u0441\u043e\u0432\u043e\u0439 \u0442\u0435\u043c\u043f\u0435\u0440\u0430\u043c\u0435\u043d\u0442 \u043a\u043e\u0440\u0438\u0446\u044b \u0438 \u0433\u0440\u0435\u0447\u0438\u0445\u0438 \u0443\u0440\u0430\u0432\u043d\u043e\u0432\u0435\u0448\u0438\u0432\u0430\u0435\u0442\u0441\u044f \u0435\u043b\u0435 \u0437\u0430\u043c\u0435\u0442\u043d\u044b\u043c\u0438 \u043a\u0438\u0441\u043b\u044b\u043c\u0438\n\u0444\u0440\u0443\u043a\u0442\u043e\u0432\u044b\u043c\u0438 \u043d\u043e\u0442\u043a\u0430\u043c\u0438 \u0441\u0432\u0435\u0436\u0438\u0445 \u044f\u0431\u043b\u043e\u043a \u0438\u0437 \u0431\u0430\u0431\u0443\u0448\u043a\u0438\u043d\u043e\u0433\u043e \u0441\u0430\u0434\u0430. \u0423\u043d\u0438\u043a\u0430\u043b\u044c\u043d\u044b\u0439 \u0433\u0440\u0435\u0447\u0438\u0448\u043d\u044b\u0439 \u0447\u0430\u0439 \u0438\u0437 \u0441\u0435\u043c\u044f\u043d\n\u0442\u0430\u0442\u0430\u0440\u0441\u043a\u043e\u0439 \u0433\u0440\u0435\u0447\u0438\u0445\u0438, \u043a\u043e\u0442\u043e\u0440\u044b\u0435 \u0441\u043f\u0440\u0435\u0441\u0441\u043e\u0432\u044b\u0432\u0430\u044e\u0442\u0441\u044f \u0432 \u0433\u0440\u0430\u043d\u0443\u043b\u044b \u0438 \u043e\u0431\u0436\u0430\u0440\u0438\u0432\u0430\u044e\u0442\u0441\u044f \u0442\u0430\u043a\u0438\u043c \u043e\u0431\u0440\u0430\u0437\u043e\u043c, \u0447\u0442\u043e \u0432\u0441\u0435 \u0435\u0433\u043e\n\u043f\u043e\u043b\u0435\u0437\u043d\u044b\u0435 \u0441\u0432\u043e\u0439\u0441\u0442\u0432\u0430 \u0441\u043e\u0445\u0440\u0430\u043d\u044f\u044e\u0442\u0441\u044f. \u0427\u0430\u0439 \u0432\u043a\u043b\u044e\u0447\u0430\u0435\u0442 \u043c\u043d\u043e\u0436\u0435\u0441\u0442\u0432\u043e \u0432\u0438\u0442\u0430\u043c\u0438\u043d\u043e\u0432 \u0438 \u043c\u0438\u043a\u0440\u043e\u044d\u043b\u0435\u043c\u0435\u043d\u0442\u043e\u0432 \u2014 \u043c\u0430\u0433\u043d\u0438\u0439,\n\u0436\u0435\u043b\u0435\u0437\u043e, \u0432\u0438\u0442\u0430\u043c\u0438\u043d\u044b \u0433\u0440\u0443\u043f\u043f\u044b \u04121, \u04122 \u0438 \u043d\u0435 \u0441\u043e\u0434\u0435\u0440\u0436\u0438\u0442 \u043a\u043e\u0444\u0435\u0438\u043d\u0430.<\/p>\n<p><strong>\u041f\u0440\u0438\u043c\u0435\u043d\u0435\u043d\u0438\u0435:<br \/>\n<\/strong>\u0423\u043f\u043e\u0442\u0440\u0435\u0431\u043b\u044f\u0442\u044c \u043c\u043e\u0436\u043d\u043e \u0432 \u043b\u044e\u0431\u043e\u0435 \u0432\u0440\u0435\u043c\u044f \u0434\u043d\u044f, \u043d\u0430 \u0447\u0430\u0439\u043d\u0438\u043a 0,5 \u043b\u0438\u0442\u0440\u0430 2-3 \u0447\u0430\u0439\u043d\u044b\u0435 \u043b\u043e\u0436\u043a\u0438 \u0438\u043b\u0438 1 \u0447\u0430\u0439\u043d\u0443\u044e \u043b\u043e\u0436\u043a\u0443 \u043d\u0430 \u0447\u0430\u0448\u043a\u0443.<\/p>\n<p><strong><b>\u0421\u043e\u0441\u0442\u0430\u0432<\/b><\/strong><strong><b>:<\/b><\/strong><br \/>\n\u0421\u0435\u043c\u0435\u043d\u0430 \u0442\u0430\u0442\u0430\u0440\u0441\u043a\u043e\u0439 \u0433\u0440\u0435\u0447\u0438\u0445\u0438.<\/p>\n<p><strong><b>\u0423\u0441\u043b\u043e\u0432\u0438\u044f \u0445\u0440\u0430\u043d\u0435\u043d\u0438\u044f<\/b><\/strong><strong><b>:<\/b><\/strong><br \/>\n\u0425\u0440\u0430\u043d\u0438\u0442\u044c \u0432 \u0443\u043f\u0430\u043a\u043e\u0432\u043a\u0435 \u043f\u0440\u043e\u0438\u0437\u0432\u043e\u0434\u0438\u0442\u0435\u043b\u044f, \u0432 \u0441\u0443\u0445\u043e\u043c, \u0437\u0430\u0449\u0438\u0449\u0435\u043d\u043d\u043e\u043c \u043e\u0442 \u0441\u0432\u0435\u0442\u0430 \u0438 \u043d\u0435\u0434\u043e\u0441\u0442\u0443\u043f\u043d\u043e\u043c \u0434\u043b\u044f \u0434\u0435\u0442\u0435\u0439 \u043c\u0435\u0441\u0442\u0435. \u041d\u0435 \u044f\u0432\u043b\u044f\u0435\u0442\u0441\u044f \u043b\u0435\u043a\u0430\u0440\u0441\u0442\u0432\u0435\u043d\u043d\u044b\u043c \u0441\u0440\u0435\u0434\u0441\u0442\u0432\u043e\u043c.<\/p>\n<p>&nbsp;<\/p>","protected":false},"excerpt":{"rendered":"<p>Combina\u021bia clasic\u0103, testat\u0103 anterior cu succes \u00een dulcea\u021ba s\u0103n\u0103toas\u0103, se dezv\u0103luie aici \u00eentr-un mod nou: temperamentul de arom\u0103 furtunoas\u0103 de<\/p>","protected":false},"featured_media":189610,"comment_status":"closed","ping_status":"closed","template":"..\/public\/views\/revslider-page-template.php","meta":{"_monsterinsights_skip_tracking":false,"_monsterinsights_sitenote_active":false,"_monsterinsights_sitenote_note":"","_monsterinsights_sitenote_category":0},"product_brand":[],"product_cat":[1695,55,1141,51],"product_tag":[],"class_list":{"0":"post-189593","1":"product","2":"type-product","3":"status-publish","4":"has-post-thumbnail","6":"product_cat-ceai","7":"product_cat-toate-produsele","8":"product_cat-produse-pentru-bebelusi","9":"product_cat-alimentatie","11":"first","12":"instock","13":"shipping-taxable","14":"purchasable","15":"product-type-simple"},"_links":{"self":[{"href":"https:\/\/toystoys.md\/ru\/wp-json\/wp\/v2\/product\/189593","targetHints":{"allow":["GET"]}}],"collection":[{"href":"https:\/\/toystoys.md\/ru\/wp-json\/wp\/v2\/product"}],"about":[{"href":"https:\/\/toystoys.md\/ru\/wp-json\/wp\/v2\/types\/product"}],"replies":[{"embeddable":true,"href":"https:\/\/toystoys.md\/ru\/wp-json\/wp\/v2\/comments?post=189593"}],"wp:featuredmedia":[{"embeddable":true,"href":"https:\/\/toystoys.md\/ru\/wp-json\/wp\/v2\/media\/189610"}],"wp:attachment":[{"href":"https:\/\/toystoys.md\/ru\/wp-json\/wp\/v2\/media?parent=189593"}],"wp:term":[{"taxonomy":"product_brand","embeddable":true,"href":"https:\/\/toystoys.md\/ru\/wp-json\/wp\/v2\/product_brand?post=189593"},{"taxonomy":"product_cat","embeddable":true,"href":"https:\/\/toystoys.md\/ru\/wp-json\/wp\/v2\/product_cat?post=189593"},{"taxonomy":"product_tag","embeddable":true,"href":"https:\/\/toystoys.md\/ru\/wp-json\/wp\/v2\/product_tag?post=189593"}],"curies":[{"name":"wp","href":"https:\/\/api.w.org\/{rel}","templated":true}]}}