{"id":186363,"date":"2024-04-23T14:44:16","date_gmt":"2024-04-23T12:44:16","guid":{"rendered":""},"modified":"2025-04-11T13:39:50","modified_gmt":"2025-04-11T11:39:50","slug":"prod_4063846421268_sc94168","status":"publish","type":"product","link":"https:\/\/toystoys.md\/ru\/shop\/prod_4063846421268_sc94168\/","title":{"rendered":"\u0411\u0430\u0440\u044c\u0435\u0440\u043d\u044b\u0439 \u0440\u0443\u043b\u044c \u0434\u043b\u044f \u043a\u043e\u043b\u044f\u0441\u043a\u0438 Coya (\u043a\u043e\u0440\u0438\u0447\u043d\u0435\u0432\u044b\u0439) CYBEX"},"content":{"rendered":"<p>\u0411\u0430\u0440\u044c\u0435\u0440\u043d\u044b\u0439 \u0440\u0443\u043b\u044c Cybex COYA \u0434\u0435\u043b\u0430\u0435\u0442 \u0432\u0430\u0448\u0443 \u043a\u043e\u043b\u044f\u0441\u043a\u0443 \u0435\u0449\u0435 \u0431\u043e\u043b\u0435\u0435 \u0431\u0435\u0437\u043e\u043f\u0430\u0441\u043d\u043e\u0439 \u0438 \u043a\u043e\u043c\u0444\u043e\u0440\u0442\u043d\u043e\u0439 \u0434\u043b\u044f \u0432\u0430\u0448\u0435\u0433\u043e \u0440\u0435\u0431\u0435\u043d\u043a\u0430. \u041f\u0440\u043e\u0447\u043d\u0430\u044f \u043a\u043e\u043d\u0441\u0442\u0440\u0443\u043a\u0446\u0438\u044f \u0433\u0430\u0440\u0430\u043d\u0442\u0438\u0440\u0443\u0435\u0442 \u0432\u0430\u0448\u0435\u043c\u0443 \u043c\u0430\u043b\u044b\u0448\u0443 \u043e\u043f\u0442\u0438\u043c\u0430\u043b\u044c\u043d\u0443\u044e \u043f\u043e\u0434\u0434\u0435\u0440\u0436\u043a\u0443 \u0438 \u043a\u043e\u043c\u0444\u043e\u0440\u0442 \u0432\u043e \u0432\u0440\u0435\u043c\u044f \u0434\u0432\u0438\u0436\u0435\u043d\u0438\u044f. \u041d\u0430\u0441\u043b\u0430\u0436\u0434\u0430\u0439\u0442\u0435\u0441\u044c \u0434\u0443\u0448\u0435\u0432\u043d\u044b\u043c \u0441\u043f\u043e\u043a\u043e\u0439\u0441\u0442\u0432\u0438\u0435\u043c, \u0437\u043d\u0430\u044f, \u0447\u0442\u043e \u0432\u0430\u0441 \u0438 \u0432\u0430\u0448\u0435\u0433\u043e \u0440\u0435\u0431\u0435\u043d\u043a\u0430 \u0436\u0434\u0435\u0442 \u0431\u0435\u0437\u043e\u043f\u0430\u0441\u043d\u043e\u0435 \u043f\u0440\u0438\u043a\u043b\u044e\u0447\u0435\u043d\u0438\u0435.<\/p>","protected":false},"excerpt":{"rendered":"<p>Bara pentru c\u0103rucior Cybex COYA face c\u0103ruciorul t\u0103u \u0219i mai sigur \u0219i mai confortabil pentru copilul t\u0103u. Designul durabil garanteaz\u0103<\/p>","protected":false},"featured_media":186418,"comment_status":"closed","ping_status":"closed","template":"..\/public\/views\/revslider-page-template.php","meta":{"_monsterinsights_skip_tracking":false,"_monsterinsights_sitenote_active":false,"_monsterinsights_sitenote_note":"","_monsterinsights_sitenote_category":0},"product_brand":[],"product_cat":[55,1141,174,53],"product_tag":[],"class_list":{"0":"post-186363","1":"product","2":"type-product","3":"status-publish","4":"has-post-thumbnail","6":"product_cat-toate-produsele","7":"product_cat-produse-pentru-bebelusi","8":"product_cat-calatorii-si-accesorii","9":"product_cat-carucioare-siguranta","11":"first","12":"instock","13":"shipping-taxable","14":"purchasable","15":"product-type-simple"},"_links":{"self":[{"href":"https:\/\/toystoys.md\/ru\/wp-json\/wp\/v2\/product\/186363","targetHints":{"allow":["GET"]}}],"collection":[{"href":"https:\/\/toystoys.md\/ru\/wp-json\/wp\/v2\/product"}],"about":[{"href":"https:\/\/toystoys.md\/ru\/wp-json\/wp\/v2\/types\/product"}],"replies":[{"embeddable":true,"href":"https:\/\/toystoys.md\/ru\/wp-json\/wp\/v2\/comments?post=186363"}],"wp:featuredmedia":[{"embeddable":true,"href":"https:\/\/toystoys.md\/ru\/wp-json\/wp\/v2\/media\/186418"}],"wp:attachment":[{"href":"https:\/\/toystoys.md\/ru\/wp-json\/wp\/v2\/media?parent=186363"}],"wp:term":[{"taxonomy":"product_brand","embeddable":true,"href":"https:\/\/toystoys.md\/ru\/wp-json\/wp\/v2\/product_brand?post=186363"},{"taxonomy":"product_cat","embeddable":true,"href":"https:\/\/toystoys.md\/ru\/wp-json\/wp\/v2\/product_cat?post=186363"},{"taxonomy":"product_tag","embeddable":true,"href":"https:\/\/toystoys.md\/ru\/wp-json\/wp\/v2\/product_tag?post=186363"}],"curies":[{"name":"wp","href":"https:\/\/api.w.org\/{rel}","templated":true}]}}