{"id":182288,"date":"2024-04-06T15:05:03","date_gmt":"2024-04-06T13:05:03","guid":{"rendered":""},"modified":"2025-06-18T13:51:24","modified_gmt":"2025-06-18T11:51:24","slug":"prod_4009847071941_sc93268","status":"publish","type":"product","link":"https:\/\/toystoys.md\/ru\/shop\/prod_4009847071941_sc93268\/","title":{"rendered":"\u041a\u0443\u0445\u043d\u044f \u0438\u0437 \u041c\u0414\u0424 - \u0421\u0435\u043c\u044c\u044f, KLEIN"},"content":{"rendered":"<p>\u0414\u0435\u0440\u0435\u0432\u044f\u043d\u043d\u0430\u044f \u0438\u0433\u0440\u043e\u0432\u0430\u044f \u043a\u0443\u0445\u043d\u044f Miele Family \u043e\u0441\u043d\u0430\u0449\u0435\u043d\u0430 \u043f\u043b\u0438\u0442\u043e\u0439, \u0434\u0443\u0445\u043e\u0432\u043a\u043e\u0439, \u043c\u0438\u043a\u0440\u043e\u0432\u043e\u043b\u043d\u043e\u0432\u043e\u0439 \u043f\u0435\u0447\u044c\u044e, \u0445\u043e\u043b\u043e\u0434\u0438\u043b\u044c\u043d\u0438\u043a\u043e\u043c \u0438 \u0440\u0430\u043a\u043e\u0432\u0438\u043d\u043e\u0439. \u041e\u0431\u0448\u0438\u0440\u043d\u044b\u0435 \u0430\u043a\u0441\u0435\u0441\u0441\u0443\u0430\u0440\u044b, \u0430 \u0442\u0430\u043a\u0436\u0435 \u0441\u0432\u0435\u0442\u043e\u0432\u044b\u0435 \u0438 \u0437\u0432\u0443\u043a\u043e\u0432\u044b\u0435 \u044d\u0444\u0444\u0435\u043a\u0442\u044b \u0441\u0434\u0435\u043b\u0430\u044e\u0442 \u0438\u0433\u0440\u0443 \u0435\u0449\u0435 \u0432\u0435\u0441\u0435\u043b\u0435\u0435.<\/p>","protected":false},"excerpt":{"rendered":"<p>Buc\u0103t\u0103ria de joac\u0103 din lemn Miele Family este dotat\u0103 cu aragaz, cuptor, cuptor cu microunde, frigider \u0219i chiuvet\u0103. Accesoriile extinse<\/p>","protected":false},"featured_media":182312,"comment_status":"closed","ping_status":"closed","template":"..\/public\/views\/revslider-page-template.php","meta":{"_monsterinsights_skip_tracking":false,"_monsterinsights_sitenote_active":false,"_monsterinsights_sitenote_note":"","_monsterinsights_sitenote_category":0},"product_brand":[],"product_cat":[55,1137,45,1121],"product_tag":[],"class_list":{"0":"post-182288","1":"product","2":"type-product","3":"status-publish","4":"has-post-thumbnail","6":"product_cat-toate-produsele","7":"product_cat-jucarii","8":"product_cat-jucarii-pe-tematici","9":"product_cat-bucatarii","11":"first","12":"instock","13":"shipping-taxable","14":"purchasable","15":"product-type-simple"},"_links":{"self":[{"href":"https:\/\/toystoys.md\/ru\/wp-json\/wp\/v2\/product\/182288","targetHints":{"allow":["GET"]}}],"collection":[{"href":"https:\/\/toystoys.md\/ru\/wp-json\/wp\/v2\/product"}],"about":[{"href":"https:\/\/toystoys.md\/ru\/wp-json\/wp\/v2\/types\/product"}],"replies":[{"embeddable":true,"href":"https:\/\/toystoys.md\/ru\/wp-json\/wp\/v2\/comments?post=182288"}],"wp:featuredmedia":[{"embeddable":true,"href":"https:\/\/toystoys.md\/ru\/wp-json\/wp\/v2\/media\/182312"}],"wp:attachment":[{"href":"https:\/\/toystoys.md\/ru\/wp-json\/wp\/v2\/media?parent=182288"}],"wp:term":[{"taxonomy":"product_brand","embeddable":true,"href":"https:\/\/toystoys.md\/ru\/wp-json\/wp\/v2\/product_brand?post=182288"},{"taxonomy":"product_cat","embeddable":true,"href":"https:\/\/toystoys.md\/ru\/wp-json\/wp\/v2\/product_cat?post=182288"},{"taxonomy":"product_tag","embeddable":true,"href":"https:\/\/toystoys.md\/ru\/wp-json\/wp\/v2\/product_tag?post=182288"}],"curies":[{"name":"wp","href":"https:\/\/api.w.org\/{rel}","templated":true}]}}