{"id":182016,"date":"2024-03-28T15:33:01","date_gmt":"2024-03-28T13:33:01","guid":{"rendered":""},"modified":"2026-01-26T16:00:02","modified_gmt":"2026-01-26T14:00:02","slug":"prod_4820219343028_sc93241","status":"publish","type":"product","link":"https:\/\/toystoys.md\/ru\/shop\/prod_4820219343028_sc93241\/","title":{"rendered":"\u041f\u044e\u0440\u0435 \u042f\u0431\u043b\u043e\u043a\u043e-\u0411\u0430\u043d\u0430\u043d 5+ 90\u0433 Bob Snail"},"content":{"rendered":"<p>\u041d\u0430\u0442\u0443\u0440\u0430\u043b\u044c\u043d\u043e\u0435 \u041f\u044e\u0440\u0435 \u042f\u0431\u043b\u043e\u043a\u043e-\u0431\u0430\u043d\u0430\u043d 90 \u0433 \u0441\u043e\u0437\u0434\u0430\u043d\u043e \u0441\u0430\u043c\u043e\u0439 \u043f\u0440\u0438\u0440\u043e\u0434\u043e\u0439. \u041f\u0440\u0438\u0440\u043e\u0434\u043d\u044b\u0439 \u0432\u043a\u0443\u0441 \u0444\u0440\u0443\u043a\u0442\u043e\u0432 \u0441\u043e\u0445\u0440\u0430\u043d\u0435\u043d \u0432 \u043f\u044e\u0440\u0435 \u0431\u043b\u0430\u0433\u043e\u0434\u0430\u0440\u044f \u043f\u0430\u0441\u0442\u0435\u0440\u0438\u0437\u0430\u0446\u0438\u0438 \u0438 \u043e\u0442\u0441\u0443\u0442\u0441\u0442\u0432\u0438\u044e \u043a\u0440\u0430\u0441\u0438\u0442\u0435\u043b\u0435\u0439 \u0438 \u043a\u043e\u043d\u0441\u0435\u0440\u0432\u0430\u043d\u0442\u043e\u0432. \u0412 \u043f\u044e\u0440\u0435 \u043d\u0435 \u0441\u043e\u0434\u0435\u0440\u0436\u0438\u0442\u0441\u044f \u0441\u0430\u0445\u0430\u0440\u0430, \u0435\u0433\u043e \u0440\u0435\u043a\u043e\u043c\u0435\u043d\u0434\u0443\u0435\u0442\u0441\u044f \u0434\u0430\u0432\u0430\u0442\u044c \u0434\u0435\u0442\u044f\u043c \u0432 \u043a\u0430\u0447\u0435\u0441\u0442\u0432\u0435 \u043b\u0435\u0433\u043a\u043e\u0433\u043e \u043f\u0435\u0440\u0435\u043a\u0443\u0441\u0430 \u0441 5 \u043c\u0435\u0441\u044f\u0446\u0435\u0432. \u0412 \u043f\u044e\u0440\u0435 \u043f\u0440\u0435\u043c\u0438\u0443\u043c \u043a\u043b\u0430\u0441\u0441\u0430 \u0441\u043e\u0445\u0440\u0430\u043d\u0435\u043d\u044b \u0432\u0441\u0435 \u043f\u043e\u043b\u0435\u0437\u043d\u044b\u0435 \u0432\u0438\u0442\u0430\u043c\u0438\u043d\u044b \u0438 \u043c\u0438\u043d\u0435\u0440\u0430\u043b\u044b, \u043e\u043d\u043e \u2013 \u0438\u0441\u0442\u043e\u0447\u043d\u0438\u043a \u0432\u0438\u0442\u0430\u043c\u0438\u043d\u043e\u0432 \u0438 \u044d\u043d\u0435\u0440\u0433\u0438\u0438 \u0434\u043b\u044f \u0432\u0437\u0440\u043e\u0441\u043b\u044b\u0445 \u0438 \u0434\u0435\u0442\u0435\u0439. \u0414\u0435\u0442\u0438 \u043c\u043e\u0433\u0443\u0442 \u0441\u0430\u043c\u043e\u0441\u0442\u043e\u044f\u0442\u0435\u043b\u044c\u043d\u043e \u0441\u043e\u0434\u0435\u0440\u0436\u0430\u0442\u044c \u043f\u0430\u0443\u0447-\u0443\u043f\u0430\u043a\u043e\u0432\u043a\u0443 \u0438 \u0435\u0441\u0442\u044c \u0438\u0437 \u043d\u0435\u0435.<\/p>\n<p><strong>\u0425\u0430\u0440\u0430\u043a\u0442\u0435\u0440\u0438\u0441\u0442\u0438\u043a\u0430 \u041f\u044e\u0440\u0435 \u0423\u043b\u0438\u0442\u043a\u0430 \u0411\u043e\u0431 \u042f\u0431\u043b\u043e\u043a\u043e-\u0431\u0430\u043d\u0430\u043d 90 \u0433:<br \/>\n<\/strong>\u00a0- \u043f\u044e\u0440\u0435 \u0438\u0437 \u044f\u0431\u043b\u043e\u043a 70%, \u043f\u044e\u0440\u0435 \u0438\u0437 \u0431\u0430\u043d\u0430\u043d\u043e\u0432 30%, \u0432\u0438\u0442\u0430\u043c\u0438\u043d \u0421;<br \/>\n- \u043d\u0435 \u0441\u043e\u0434\u0435\u0440\u0436\u0438\u0442 \u0441\u0430\u0445\u0430\u0440\u0430, \u043a\u0440\u0430\u0441\u0438\u0442\u0435\u043b\u0435\u0439 \u0438 \u043a\u043e\u043d\u0441\u0435\u0440\u0432\u0430\u043d\u0442\u043e\u0432;<br \/>\n- \u043d\u0435 \u0441\u043e\u0434\u0435\u0440\u0436\u0438\u0442 \u0433\u043b\u044e\u0442\u0435\u043d \u0438 \u0413\u041c\u041e.<\/p>\n<p><strong>\u041f\u0438\u0442\u0430\u0442\u0435\u043b\u044c\u043d\u044b\u0435 \u0445\u0430\u0440\u0430\u043a\u0442\u0435\u0440\u0438\u0441\u0442\u0438\u043a\u0438 \u043d\u0430 100 \u0433:<\/strong>\u00a0\u0436\u0438\u0440\u044b \u2013 0,2 \u0433, \u0443\u0433\u043b\u0435\u0432\u043e\u0434\u044b \u2013 16,5 \u0433, \u0431\u0435\u043b\u043a\u0438 \u2013 0,6 \u0433.<\/p>","protected":false},"excerpt":{"rendered":"<p>Piure Mar-Banana 90 g creat chiar de natura. Gustul natural al fructelor se p\u0103streaz\u0103 \u00een piure datorit\u0103 pasteuriz\u0103rii \u0219i absen\u021bei<\/p>","protected":false},"featured_media":182024,"comment_status":"closed","ping_status":"closed","template":"","meta":{"_monsterinsights_skip_tracking":false,"_monsterinsights_sitenote_active":false,"_monsterinsights_sitenote_note":"","_monsterinsights_sitenote_category":0},"product_brand":[],"product_cat":[51,451,1141,55],"product_tag":[],"class_list":{"0":"post-182016","1":"product","2":"type-product","3":"status-publish","4":"has-post-thumbnail","6":"product_cat-alimentatie","7":"product_cat-piure-pentru-copii","8":"product_cat-produse-pentru-bebelusi","9":"product_cat-toate-produsele","11":"first","12":"instock","13":"shipping-taxable","14":"purchasable","15":"product-type-simple"},"_links":{"self":[{"href":"https:\/\/toystoys.md\/ru\/wp-json\/wp\/v2\/product\/182016","targetHints":{"allow":["GET"]}}],"collection":[{"href":"https:\/\/toystoys.md\/ru\/wp-json\/wp\/v2\/product"}],"about":[{"href":"https:\/\/toystoys.md\/ru\/wp-json\/wp\/v2\/types\/product"}],"replies":[{"embeddable":true,"href":"https:\/\/toystoys.md\/ru\/wp-json\/wp\/v2\/comments?post=182016"}],"wp:featuredmedia":[{"embeddable":true,"href":"https:\/\/toystoys.md\/ru\/wp-json\/wp\/v2\/media\/182024"}],"wp:attachment":[{"href":"https:\/\/toystoys.md\/ru\/wp-json\/wp\/v2\/media?parent=182016"}],"wp:term":[{"taxonomy":"product_brand","embeddable":true,"href":"https:\/\/toystoys.md\/ru\/wp-json\/wp\/v2\/product_brand?post=182016"},{"taxonomy":"product_cat","embeddable":true,"href":"https:\/\/toystoys.md\/ru\/wp-json\/wp\/v2\/product_cat?post=182016"},{"taxonomy":"product_tag","embeddable":true,"href":"https:\/\/toystoys.md\/ru\/wp-json\/wp\/v2\/product_tag?post=182016"}],"curies":[{"name":"wp","href":"https:\/\/api.w.org\/{rel}","templated":true}]}}