{"id":178762,"date":"2024-03-01T14:19:00","date_gmt":"2024-03-01T14:19:00","guid":{"rendered":"https:\/\/toystoys.md\/shop\/prod_4013283720615_sc92614\/"},"modified":"2024-03-05T00:49:29","modified_gmt":"2024-03-04T22:49:29","slug":"prod_4013283720615_sc92614","status":"publish","type":"product","link":"https:\/\/toystoys.md\/ru\/shop\/prod_4013283720615_sc92614\/","title":{"rendered":"\u0417\u0430\u0449\u0438\u0442\u0430 \u0434\u043b\u044f \u0434\u0432\u0435\u0440\u0435\u0439 REER"},"content":{"rendered":"<p>- \u041f\u043e\u043c\u043e\u0433\u0430\u0435\u0442 \u043f\u0440\u0435\u0434\u043e\u0442\u0432\u0440\u0430\u0442\u0438\u0442\u044c \u043e\u0442\u043a\u0440\u044b\u0442\u0438\u044f \u0434\u0435\u0442\u044c\u043c\u0438 \u0445\u043e\u043b\u043e\u0434\u0438\u043b\u044c\u043d\u0438\u043a\u0430, \u0448\u043a\u0430\u0444\u0430, \u0448\u043a\u0430\u0444\u044b, \u0442\u0443\u0430\u043b\u0435\u0442\u0430 \u0438 \u0442.\u0434.<br \/>\n- \u041c\u043e\u0436\u0435\u0442 \u0431\u044b\u0442\u044c \u0438\u0441\u043f\u043e\u043b\u044c\u0437\u043e\u0432\u0430\u043d \u043d\u0430 \u0438\u0437\u043e\u0433\u043d\u0443\u0442\u044b\u0445 \u043f\u043e\u0432\u0435\u0440\u0445\u043d\u043e\u0441\u0442\u044f\u0445 \u0438 \u0432 \u0443\u0433\u043b\u0430\u0445 \u0438 \u043d\u0430 \u0440\u0430\u0437\u043b\u0438\u0447\u043d\u044b\u0445 \u043f\u043e\u0432\u0435\u0440\u0445\u043d\u043e\u0441\u0442\u044f\u0445, \u0432\u043a\u043b\u044e\u0447\u0430\u044f \u0441\u0442\u0435\u043a\u043b\u043e, \u043c\u0435\u0442\u0430\u043b\u043b, \u0434\u0435\u0440\u0435\u0432\u043e \u0438 \u043f\u043b\u0430\u0441\u0442\u0438\u043a.<br \/>\n- \u041f\u0440\u043e\u0441\u0442 \u0432 \u0443\u0441\u0442\u0430\u043d\u043e\u0432\u043a\u0435, \u043d\u0435 \u0442\u0440\u0435\u0431\u0443\u0435\u0442\u0441\u044f \u043d\u0438\u043a\u0430\u043a\u0438\u0445 \u0432\u0438\u043d\u0442\u043e\u0432<\/p>","protected":false},"excerpt":{"rendered":"<p>&#8211; Ajut\u0103 la prevenirea copiilor s\u0103 deschid\u0103 frigiderul, dulapul, dulapurile, toaleta etc. &#8211; Poate fi folosit pe suprafe\u021be curbate \u0219i<\/p>","protected":false},"featured_media":178937,"comment_status":"closed","ping_status":"closed","template":"..\/public\/views\/revslider-page-template.php","meta":{"_monsterinsights_skip_tracking":false,"_monsterinsights_sitenote_active":false,"_monsterinsights_sitenote_note":"","_monsterinsights_sitenote_category":0},"product_brand":[],"product_cat":[55,1141,52,1070],"product_tag":[],"class_list":{"0":"post-178762","1":"product","2":"type-product","3":"status-publish","4":"has-post-thumbnail","6":"product_cat-toate-produsele","7":"product_cat-produse-pentru-bebelusi","8":"product_cat-mobila-pentru-copii-accesorii","9":"product_cat-siguranta-si-accesorii","11":"first","12":"instock","13":"shipping-taxable","14":"purchasable","15":"product-type-simple"},"_links":{"self":[{"href":"https:\/\/toystoys.md\/ru\/wp-json\/wp\/v2\/product\/178762","targetHints":{"allow":["GET"]}}],"collection":[{"href":"https:\/\/toystoys.md\/ru\/wp-json\/wp\/v2\/product"}],"about":[{"href":"https:\/\/toystoys.md\/ru\/wp-json\/wp\/v2\/types\/product"}],"replies":[{"embeddable":true,"href":"https:\/\/toystoys.md\/ru\/wp-json\/wp\/v2\/comments?post=178762"}],"wp:featuredmedia":[{"embeddable":true,"href":"https:\/\/toystoys.md\/ru\/wp-json\/wp\/v2\/media\/178937"}],"wp:attachment":[{"href":"https:\/\/toystoys.md\/ru\/wp-json\/wp\/v2\/media?parent=178762"}],"wp:term":[{"taxonomy":"product_brand","embeddable":true,"href":"https:\/\/toystoys.md\/ru\/wp-json\/wp\/v2\/product_brand?post=178762"},{"taxonomy":"product_cat","embeddable":true,"href":"https:\/\/toystoys.md\/ru\/wp-json\/wp\/v2\/product_cat?post=178762"},{"taxonomy":"product_tag","embeddable":true,"href":"https:\/\/toystoys.md\/ru\/wp-json\/wp\/v2\/product_tag?post=178762"}],"curies":[{"name":"wp","href":"https:\/\/api.w.org\/{rel}","templated":true}]}}