{"id":178759,"date":"2024-03-01T14:18:50","date_gmt":"2024-03-01T14:18:50","guid":{"rendered":"https:\/\/toystoys.md\/shop\/prod_4013283905012_sc92617\/"},"modified":"2024-03-05T00:31:39","modified_gmt":"2024-03-04T22:31:39","slug":"prod_4013283905012_sc92617","status":"publish","type":"product","link":"https:\/\/toystoys.md\/ru\/shop\/prod_4013283905012_sc92617\/","title":{"rendered":"\u0422\u0435\u0440\u043c\u043e\u0441 \u0438\u0437 \u043d\u0435\u0440\u0436\u0430\u0432\u0435\u044e\u0449\u0435\u0439 \u0441\u0442\u0430\u043b\u0438 500 \u043c\u043b Reer"},"content":{"rendered":"<p>\u0421 \u0442\u0435\u0440\u043c\u043e\u0441\u043e\u043c \u0438\u0437 \u043d\u0435\u0440\u0436\u0430\u0432\u0435\u044e\u0449\u0435\u0439 \u0441\u0442\u0430\u043b\u0438 \u0443 \u0432\u0430\u0441 \u0432\u0441\u0435\u0433\u0434\u0430 \u0431\u0443\u0434\u0435\u0442 \u0433\u043e\u0440\u044f\u0447\u0430\u044f \u0432\u043e\u0434\u0430. \u0415\u0441\u043b\u0438 \u043d\u0430\u043b\u0438\u0442\u044c \u0432\u043e\u0434\u0443 \u0442\u0435\u043c\u043f\u0435\u0440\u0430\u0442\u0443\u0440\u043e\u0439 100\u00b0\u0421, \u0442\u043e \u0447\u0435\u0440\u0435\u0437 24 \u0447\u0430\u0441\u0430 \u043e\u043d\u0430 \u043e\u0441\u0442\u0430\u043d\u0435\u0442\u0441\u044f \u0433\u043e\u0440\u044f\u0447\u0435\u0439 \u043f\u0440\u0438 40\u00b0\u0421. \u0422\u0430\u043a\u0436\u0435 \u043f\u043e\u0434\u0445\u043e\u0434\u0438\u0442 \u0434\u043b\u044f \u0445\u043e\u043b\u043e\u0434\u043d\u044b\u0445 \u043d\u0430\u043f\u0438\u0442\u043a\u043e\u0432. \u041d\u0435 \u043f\u043e\u0434\u0445\u043e\u0434\u0438\u0442 \u0434\u043b\u044f \u043f\u043e\u0441\u0443\u0434\u043e\u043c\u043e\u0435\u0447\u043d\u044b\u0445 \u043c\u0430\u0448\u0438\u043d.<\/p>","protected":false},"excerpt":{"rendered":"<p>Cu un termos din o\u021bel inoxidabil ve\u021bi avea \u00eentotdeauna ap\u0103 cald\u0103. Dac\u0103 turna\u021bi ap\u0103 la o temperatur\u0103 de 100\u00b0C, dup\u0103<\/p>","protected":false},"featured_media":178914,"comment_status":"closed","ping_status":"closed","template":"..\/public\/views\/revslider-page-template.php","meta":{"_monsterinsights_skip_tracking":false,"_monsterinsights_sitenote_active":false,"_monsterinsights_sitenote_note":"","_monsterinsights_sitenote_category":0},"product_brand":[],"product_cat":[55,1141,1040,809],"product_tag":[],"class_list":{"0":"post-178759","1":"product","2":"type-product","3":"status-publish","4":"has-post-thumbnail","6":"product_cat-toate-produsele","7":"product_cat-produse-pentru-bebelusi","8":"product_cat-totul-pentru-hranire","9":"product_cat-vase-si-accesorii-pentru-masa","11":"first","12":"instock","13":"shipping-taxable","14":"purchasable","15":"product-type-simple"},"_links":{"self":[{"href":"https:\/\/toystoys.md\/ru\/wp-json\/wp\/v2\/product\/178759","targetHints":{"allow":["GET"]}}],"collection":[{"href":"https:\/\/toystoys.md\/ru\/wp-json\/wp\/v2\/product"}],"about":[{"href":"https:\/\/toystoys.md\/ru\/wp-json\/wp\/v2\/types\/product"}],"replies":[{"embeddable":true,"href":"https:\/\/toystoys.md\/ru\/wp-json\/wp\/v2\/comments?post=178759"}],"wp:featuredmedia":[{"embeddable":true,"href":"https:\/\/toystoys.md\/ru\/wp-json\/wp\/v2\/media\/178914"}],"wp:attachment":[{"href":"https:\/\/toystoys.md\/ru\/wp-json\/wp\/v2\/media?parent=178759"}],"wp:term":[{"taxonomy":"product_brand","embeddable":true,"href":"https:\/\/toystoys.md\/ru\/wp-json\/wp\/v2\/product_brand?post=178759"},{"taxonomy":"product_cat","embeddable":true,"href":"https:\/\/toystoys.md\/ru\/wp-json\/wp\/v2\/product_cat?post=178759"},{"taxonomy":"product_tag","embeddable":true,"href":"https:\/\/toystoys.md\/ru\/wp-json\/wp\/v2\/product_tag?post=178759"}],"curies":[{"name":"wp","href":"https:\/\/api.w.org\/{rel}","templated":true}]}}