{"id":178262,"date":"2024-02-27T14:48:29","date_gmt":"2024-02-27T12:48:29","guid":{"rendered":""},"modified":"2025-01-17T17:09:24","modified_gmt":"2025-01-17T15:09:24","slug":"prod_686268624969_sc92323","status":"publish","type":"product","link":"https:\/\/toystoys.md\/ru\/shop\/prod_686268624969_sc92323\/","title":{"rendered":"\u0411\u0435\u0433\u043e\u0432\u0435\u043b Racer \u0441 \u043d\u0430\u0434\u0443\u0432\u043d\u044b\u043c\u0438 \u043a\u043e\u043b\u0435\u0441\u0430\u043c\u0438 \u043a\u0440\u0430\u0441\u043d\u044b\u0439\/\u0431\u0435\u043b\u044b\u0439 Qplay"},"content":{"rendered":"<p>\u0411\u0435\u0433\u043e\u0432\u0435\u043b Racer \u043e\u0442 QPlay \u2013 \u044d\u0442\u043e \u0443\u043d\u0438\u043a\u0430\u043b\u044c\u043d\u043e\u0435 \u0441\u043e\u0447\u0435\u0442\u0430\u043d\u0438\u0435 \u0441\u0442\u0438\u043b\u044f \u0438 \u043d\u0430\u0434\u0435\u0436\u043d\u043e\u0441\u0442\u0438, \u0441\u043e\u0437\u0434\u0430\u043d\u043d\u043e\u0435 \u0441 \u0438\u0441\u043f\u043e\u043b\u044c\u0437\u043e\u0432\u0430\u043d\u0438\u0435\u043c \u043f\u0435\u0440\u0435\u0434\u043e\u0432\u044b\u0445 \u0442\u0435\u0445\u043d\u043e\u043b\u043e\u0433\u0438\u0439. \u0420\u0430\u0437\u0440\u0430\u0431\u043e\u0442\u0430\u043d\u043d\u044b\u0439 \u0441 \u0443\u0447\u0435\u0442\u043e\u043c \u043f\u043e\u0441\u043b\u0435\u0434\u043d\u0438\u0445 \u0442\u0435\u043d\u0434\u0435\u043d\u0446\u0438\u0439 \u0432 \u0438\u043d\u0434\u0443\u0441\u0442\u0440\u0438\u0438, \u044d\u0442\u043e\u0442 \u0432\u0435\u043b\u043e\u0441\u0438\u043f\u0435\u0434 \u043f\u0440\u0435\u043a\u0440\u0430\u0441\u043d\u043e \u0441\u043e\u0447\u0435\u0442\u0430\u0435\u0442 \u0432 \u0441\u0435\u0431\u0435 \u0444\u0443\u043d\u043a\u0446\u0438\u043e\u043d\u0430\u043b\u044c\u043d\u043e\u0441\u0442\u044c \u0438 \u044d\u0441\u0442\u0435\u0442\u0438\u0447\u0435\u0441\u043a\u0443\u044e \u043f\u0440\u0438\u0432\u043b\u0435\u043a\u0430\u0442\u0435\u043b\u044c\u043d\u043e\u0441\u0442\u044c.<\/p>\n<p>\u041e\u0441\u043e\u0431\u0435\u043d\u043d\u043e\u0441\u0442\u044c\u044e RACER QPlay \u044f\u0432\u043b\u044f\u0435\u0442\u0441\u044f \u043c\u0430\u0433\u043d\u0438\u0435\u0432\u044b\u0439 \u0441\u043f\u043b\u0430\u0432, \u0438\u0441\u043f\u043e\u043b\u044c\u0437\u0443\u0435\u043c\u044b\u0439 \u0432 \u0440\u0443\u043b\u0435\u0432\u043e\u043c \u043a\u043e\u043b\u0435\u0441\u0435, \u0447\u0442\u043e \u043e\u0431\u0435\u0441\u043f\u0435\u0447\u0438\u0432\u0430\u0435\u0442 \u043b\u0435\u0433\u043a\u043e\u0441\u0442\u044c \u0438 \u043f\u0440\u043e\u0447\u043d\u043e\u0441\u0442\u044c. \u042d\u0442\u043e\u0442 \u043c\u0430\u0442\u0435\u0440\u0438\u0430\u043b \u043d\u0435 \u0442\u043e\u043b\u044c\u043a\u043e \u0437\u043d\u0430\u0447\u0438\u0442\u0435\u043b\u044c\u043d\u043e \u0441\u043d\u0438\u0436\u0430\u0435\u0442 \u0432\u0435\u0441 \u0432\u0435\u043b\u043e\u0441\u0438\u043f\u0435\u0434\u0430, \u043d\u043e \u0442\u0430\u043a\u0436\u0435 \u043e\u0431\u043b\u0430\u0434\u0430\u0435\u0442 \u0432\u044b\u0441\u043e\u043a\u043e\u0439 \u043f\u0440\u043e\u0447\u043d\u043e\u0441\u0442\u044c\u044e \u0438 \u044d\u043b\u0430\u0441\u0442\u0438\u0447\u043d\u043e\u0441\u0442\u044c\u044e, \u0433\u0430\u0440\u0430\u043d\u0442\u0438\u0440\u0443\u044f \u0434\u043e\u043b\u0433\u043e\u0432\u0435\u0447\u043d\u043e\u0441\u0442\u044c \u0438 \u0431\u0435\u0437\u043e\u043f\u0430\u0441\u043d\u043e\u0441\u0442\u044c.<\/p>\n<p>\u041f\u0440\u0435\u0438\u043c\u0443\u0449\u0435\u0441\u0442\u0432\u0430:<br \/>\n- \u0420\u0435\u0433\u0443\u043b\u0438\u0440\u0443\u0435\u043c\u0430\u044f \u0432\u044b\u0441\u043e\u0442\u0430 \u0441\u0438\u0434\u0435\u043d\u0438\u044f<br \/>\n- \u0420\u0435\u0433\u0443\u043b\u0438\u0440\u0443\u0435\u043c\u044b\u0439 \u0440\u0443\u043b\u044c<br \/>\n- \u041b\u0435\u0433\u043a\u0430\u044f \u0440\u0430\u043c\u0430 \u0438\u0437 \u043c\u0430\u0433\u043d\u0438\u0435\u0432\u043e\u0433\u043e \u0441\u043f\u043b\u0430\u0432\u0430<br \/>\n- \u0420\u0443\u0447\u043a\u0438 \u0441 \u043d\u0430\u0441\u0430\u0434\u043a\u0430\u043c\u0438, \u0447\u0442\u043e \u043f\u043e\u0437\u0432\u043e\u043b\u044f\u0435\u0442 \u043d\u0435 \u0441\u043a\u043e\u043b\u044c\u0437\u0438\u0442\u044c \u0440\u0443\u043a\u0430\u043c<br \/>\n- \u0423\u0434\u043e\u0431\u043d\u043e\u0435 \u0441\u0438\u0434\u0435\u043d\u044c\u0435<br \/>\n- \u041d\u0430\u0434\u0443\u0432\u043d\u044b\u0435 \u043a\u043e\u043b\u0435\u0441\u0430 \u0441 \u043f\u043e\u0434\u0448\u0438\u043f\u043d\u0438\u043a\u043e\u0432\u044b\u043c \u043a\u0440\u0435\u043f\u043b\u0435\u043d\u0438\u0435\u043c<br \/>\n- \u0421\u043e\u043e\u0442\u0432\u0435\u0442\u0441\u0442\u0432\u0443\u0435\u0442 \u0435\u0432\u0440\u043e\u043f\u0435\u0439\u0441\u043a\u0438\u043c \u043d\u043e\u0440\u043c\u0430\u043c \u0431\u0435\u0437\u043e\u043f\u0430\u0441\u043d\u043e\u0441\u0442\u0438<br \/>\n- \u041d\u0430\u0434\u0443\u0432\u043d\u044b\u0435 \u043a\u043e\u043b\u0435\u0441\u0430<\/p>\n<p>\u0420\u0430\u0437\u043c\u0435\u0440\u044b:<br \/>\n- \u041e\u0431\u0449\u0430\u044f \u0434\u043b\u0438\u043d\u0430: 85 \u0441\u043c<br \/>\n- \u0420\u0435\u0433\u0443\u043b\u0438\u0440\u0443\u0435\u043c\u0430\u044f \u0432\u044b\u0441\u043e\u0442\u0430 \u0440\u0443\u043b\u044f: 51-55,5 \u0441\u043c<br \/>\n- \u0420\u0435\u0433\u0443\u043b\u0438\u0440\u0443\u0435\u043c\u0430\u044f \u0432\u044b\u0441\u043e\u0442\u0430 \u0441\u0438\u0434\u0435\u043d\u044c\u044f: 33-40 \u0441\u043c<br \/>\n- \u0428\u0438\u0440\u0438\u043d\u0430 \u0440\u0443\u043b\u044f: 33 \u0441\u043c<br \/>\n- \u041c\u0430\u043a\u0441\u0438\u043c\u0430\u043b\u044c\u043d\u0430\u044f \u043d\u0430\u0433\u0440\u0443\u0437\u043a\u0430 \u0434\u043e 30 \u043a\u0433<br \/>\n- \u0412\u0435\u0441: 3,7 \u043a\u0433<\/p>","protected":false},"excerpt":{"rendered":"<p>Bicicleta de echilibru Racer de la QPlay este o combina\u021bie unic\u0103 de stil \u0219i fiabilitate, creat\u0103 folosind tehnologie avansat\u0103. Proiectat\u0103<\/p>","protected":false},"featured_media":178305,"comment_status":"closed","ping_status":"closed","template":"..\/public\/views\/revslider-page-template.php","meta":{"_monsterinsights_skip_tracking":false,"_monsterinsights_sitenote_active":false,"_monsterinsights_sitenote_note":"","_monsterinsights_sitenote_category":0},"product_brand":[],"product_cat":[55,1141,48,1056],"product_tag":[],"class_list":{"0":"post-178262","1":"product","2":"type-product","3":"status-publish","4":"has-post-thumbnail","6":"product_cat-toate-produsele","7":"product_cat-produse-pentru-bebelusi","8":"product_cat-biciclete-si-scutere","9":"product_cat-biciclete-fara-pedale","11":"first","12":"outofstock","13":"shipping-taxable","14":"purchasable","15":"product-type-simple"},"_links":{"self":[{"href":"https:\/\/toystoys.md\/ru\/wp-json\/wp\/v2\/product\/178262","targetHints":{"allow":["GET"]}}],"collection":[{"href":"https:\/\/toystoys.md\/ru\/wp-json\/wp\/v2\/product"}],"about":[{"href":"https:\/\/toystoys.md\/ru\/wp-json\/wp\/v2\/types\/product"}],"replies":[{"embeddable":true,"href":"https:\/\/toystoys.md\/ru\/wp-json\/wp\/v2\/comments?post=178262"}],"wp:featuredmedia":[{"embeddable":true,"href":"https:\/\/toystoys.md\/ru\/wp-json\/wp\/v2\/media\/178305"}],"wp:attachment":[{"href":"https:\/\/toystoys.md\/ru\/wp-json\/wp\/v2\/media?parent=178262"}],"wp:term":[{"taxonomy":"product_brand","embeddable":true,"href":"https:\/\/toystoys.md\/ru\/wp-json\/wp\/v2\/product_brand?post=178262"},{"taxonomy":"product_cat","embeddable":true,"href":"https:\/\/toystoys.md\/ru\/wp-json\/wp\/v2\/product_cat?post=178262"},{"taxonomy":"product_tag","embeddable":true,"href":"https:\/\/toystoys.md\/ru\/wp-json\/wp\/v2\/product_tag?post=178262"}],"curies":[{"name":"wp","href":"https:\/\/api.w.org\/{rel}","templated":true}]}}