{"id":175056,"date":"2024-01-26T17:16:09","date_gmt":"2024-01-26T15:16:09","guid":{"rendered":""},"modified":"2024-01-27T17:43:48","modified_gmt":"2024-01-27T15:43:48","slug":"prod_7290117585146_sc92193","status":"publish","type":"product","link":"https:\/\/toystoys.md\/ru\/shop\/prod_7290117585146_sc92193\/","title":{"rendered":"\u0424\u0438\u0433\u0443\u0440\u043a\u0430 PUDGY PENGUINS 11,5 \u0441\u043c \u0432 \u0430\u0441\u0441\u043e\u0440\u0442\u0438\u043c\u0435\u043d\u0442\u0435 PMI"},"content":{"rendered":"<p>\u041f\u0435\u0440\u0432\u0430\u044f \u0441\u0435\u0440\u0438\u044f NFT \u0444\u0438\u0433\u0443\u0440\u043e\u043a Pudgy Penguins \u0443\u0436\u0435 \u0443 \u043d\u0430\u0441! \u041e\u0442\u043a\u0440\u043e\u0439\u0442\u0435 \u0434\u043b\u044f \u0441\u0435\u0431\u044f \u043d\u043e\u0432\u044b\u0439 \u043e\u043f\u044b\u0442 \u043f\u043e\u043a\u0443\u043f\u043a\u0438 \u0438\u0433\u0440\u0443\u0448\u0435\u043a: \u043e\u0442 \u0444\u0438\u0437\u0438\u0447\u0435\u0441\u043a\u043e\u0439 \u0438\u0433\u0440\u0443\u0448\u043a\u0438 \u043f\u0438\u043d\u0433\u0432\u0438\u043d\u0430 \u043a \u0446\u0438\u0444\u0440\u043e\u0432\u043e\u043c\u0443 \u043f\u0435\u0440\u0441\u043e\u043d\u0430\u0436\u0443 NFT. \u041a\u0430\u0436\u0434\u0430\u044f \u0444\u0438\u0433\u0443\u0440\u043a\u0430 \u0440\u0430\u0437\u043c\u0435\u0440\u043e\u043c 11,5 \u0441\u043c. \u0438\u043c\u0435\u0435\u0442 \u0441\u0432\u043e\u0439 \u0443\u043d\u0438\u043a\u0430\u043b\u044c\u043d\u044b\u0439 \u043d\u0430\u0431\u043e\u0440 \u0441\u044a\u0435\u043c\u043d\u044b\u0445 \u0430\u043a\u0441\u0435\u0441\u0441\u0443\u0430\u0440\u043e\u0432, \u0430 \u0442\u0430\u043a\u0436\u0435 \u0432\u044b\u043f\u043e\u043b\u043d\u0435\u043d\u0430 \u0441 \u0431\u043e\u043b\u044c\u0448\u0438\u043c \u0432\u043d\u0438\u043c\u0430\u043d\u0438\u0435\u043c \u043a \u0434\u0435\u0442\u0430\u043b\u044f\u043c \u0438 \u0438\u0437\u0433\u043e\u0442\u043e\u0432\u043b\u0435\u043d\u0430 \u0438\u0437 \u0432\u044b\u0441\u043e\u043a\u043e\u043a\u0430\u0447\u0435\u0441\u0442\u0432\u0435\u043d\u043d\u044b\u0445 \u043c\u0430\u0442\u0435\u0440\u0438\u0430\u043b\u043e\u0432. \u041f\u043e\u043b\u0443\u0447\u0438\u0442\u044c \u0446\u0438\u0444\u0440\u043e\u0432\u043e\u0433\u043e \u043f\u0438\u043d\u0433\u0432\u0438\u043d\u0430 \u043b\u0435\u0433\u043a\u043e, \u0434\u043e\u0441\u0442\u0430\u0442\u043e\u0447\u043d\u043e \u043e\u0442\u0441\u043a\u0430\u043d\u0438\u0440\u043e\u0432\u0430\u0442\u044c QR-\u043a\u043e\u0434 \u0438 \u043d\u0430\u0440\u044f\u0434\u0438\u0442\u044c \u0441\u0432\u043e\u0435\u0433\u043e \u043f\u0438\u043d\u0433\u0432\u0438\u043d\u0430, \u0438 \u0442\u044b \u0443\u0436\u0435 \u0447\u0430\u0441\u0442\u044c NFT-CLUB.<\/p>","protected":false},"excerpt":{"rendered":"<p>Prima serie de figurine NFT Pudgy Penguins este aici! Descoperi\u021bi o nou\u0103 experien\u021b\u0103 de cump\u0103rare a juc\u0103riilor, de la o<\/p>","protected":false},"featured_media":175079,"comment_status":"closed","ping_status":"closed","template":"..\/public\/views\/revslider-page-template.php","meta":{"_monsterinsights_skip_tracking":false,"_monsterinsights_sitenote_active":false,"_monsterinsights_sitenote_note":"","_monsterinsights_sitenote_category":0},"product_brand":[],"product_cat":[55,1137,35,1508],"product_tag":[],"class_list":{"0":"post-175056","1":"product","2":"type-product","3":"status-publish","4":"has-post-thumbnail","6":"product_cat-toate-produsele","7":"product_cat-jucarii","8":"product_cat-roboti-si-figurine","9":"product_cat-animale-si-pasari","11":"first","12":"instock","13":"shipping-taxable","14":"purchasable","15":"product-type-simple"},"_links":{"self":[{"href":"https:\/\/toystoys.md\/ru\/wp-json\/wp\/v2\/product\/175056","targetHints":{"allow":["GET"]}}],"collection":[{"href":"https:\/\/toystoys.md\/ru\/wp-json\/wp\/v2\/product"}],"about":[{"href":"https:\/\/toystoys.md\/ru\/wp-json\/wp\/v2\/types\/product"}],"replies":[{"embeddable":true,"href":"https:\/\/toystoys.md\/ru\/wp-json\/wp\/v2\/comments?post=175056"}],"wp:featuredmedia":[{"embeddable":true,"href":"https:\/\/toystoys.md\/ru\/wp-json\/wp\/v2\/media\/175079"}],"wp:attachment":[{"href":"https:\/\/toystoys.md\/ru\/wp-json\/wp\/v2\/media?parent=175056"}],"wp:term":[{"taxonomy":"product_brand","embeddable":true,"href":"https:\/\/toystoys.md\/ru\/wp-json\/wp\/v2\/product_brand?post=175056"},{"taxonomy":"product_cat","embeddable":true,"href":"https:\/\/toystoys.md\/ru\/wp-json\/wp\/v2\/product_cat?post=175056"},{"taxonomy":"product_tag","embeddable":true,"href":"https:\/\/toystoys.md\/ru\/wp-json\/wp\/v2\/product_tag?post=175056"}],"curies":[{"name":"wp","href":"https:\/\/api.w.org\/{rel}","templated":true}]}}