{"id":174957,"date":"2024-01-26T18:17:36","date_gmt":"2024-01-26T18:17:36","guid":{"rendered":"https:\/\/toystoys.md\/shop\/prod_48242385004_sc92169\/"},"modified":"2024-01-30T15:14:54","modified_gmt":"2024-01-30T13:14:54","slug":"prod_48242385004_sc92169","status":"publish","type":"product","link":"https:\/\/toystoys.md\/ru\/shop\/prod_48242385004_sc92169\/","title":{"rendered":"\u0424\u0438\u0433\u0443\u0440\u043a\u0430 Galactic Force STAR TROOPERS LANARD"},"content":{"rendered":"<p>\u0412\u0435\u043b\u0438\u0447\u0430\u0439\u0448\u0430\u044f \u043a\u043e\u0441\u043c\u0438\u0447\u0435\u0441\u043a\u0430\u044f \u0431\u0438\u0442\u0432\u0430 \u043d\u0430\u0447\u0438\u043d\u0430\u0435\u0442\u0441\u044f! \u041b\u0438\u0447\u0438\u043d\u043a\u0438 \u2014 \u043f\u0430\u0440\u0430\u0437\u0438\u0442\u044b, \u0432\u044b\u0441\u0430\u0441\u044b\u0432\u0430\u044e\u0449\u0438\u0435 \u043c\u043e\u0437\u0433, \u043f\u0435\u0440\u0435\u043c\u0435\u0449\u0430\u044e\u0442\u0441\u044f \u043f\u043e \u043f\u0440\u043e\u0441\u0442\u043e\u0440\u0430\u043c Spinark VL \u0438 \u0437\u0430\u0440\u0430\u0436\u0430\u044e\u0442 \u043b\u044e\u0431\u043e\u0439 \u0436\u0438\u0432\u043e\u0439 \u043e\u0440\u0433\u0430\u043d\u0438\u0437\u043c, \u043f\u043e\u043f\u0430\u0434\u0430\u044e\u0449\u0438\u0439\u0441\u044f \u043d\u0430 \u0438\u0445 \u043f\u0443\u0442\u0438. \u041f\u0430\u0440\u0430\u0437\u0438\u0442\u044b \u043a\u043e\u043d\u0442\u0440\u043e\u043b\u0438\u0440\u0443\u044e\u0442 \u0440\u0430\u0437\u0443\u043c \u0438 \u0442\u0435\u043b\u043e \u0436\u0435\u0440\u0442\u0432\u044b, \u0437\u0430\u0441\u0442\u0430\u0432\u043b\u044f\u044f \u0438\u0445 \u0430\u0442\u0430\u043a\u043e\u0432\u0430\u0442\u044c \u0434\u0440\u0443\u0433\u0438\u0445 \u043a\u043e\u0441\u043c\u0438\u0447\u0435\u0441\u043a\u0438\u0445 \u0432\u043e\u0438\u043d\u043e\u0432. \u041a\u043e\u0441\u043c\u0438\u0447\u0435\u0441\u043a\u0438\u0435 \u0441\u043e\u043b\u0434\u0430\u0442\u044b \u0441\u0442\u0430\u043d\u043e\u0432\u044f\u0442\u0441\u044f \u0443\u043f\u0440\u0430\u0432\u043b\u044f\u0435\u043c\u044b\u043c\u0438 \u043f\u0430\u0440\u0430\u0437\u0438\u0442\u0430\u043c\u0438 \u0437\u043e\u043c\u0431\u0438, \u043a\u043e\u0442\u043e\u0440\u044b\u0435 \u043d\u0430\u043f\u0430\u0434\u0430\u044e\u0442 \u0434\u0440\u0443\u0433 \u043d\u0430 \u0434\u0440\u0443\u0433\u0430. \u041e\u0441\u0442\u0430\u043d\u043e\u0432\u0438 \u0440\u0430\u0441\u043f\u0440\u043e\u0441\u0442\u0440\u0430\u043d\u0435\u043d\u0438\u0435 \u043f\u0430\u0440\u0430\u0437\u0438\u0442\u043e\u0432, \u043f\u0440\u0435\u0436\u0434\u0435 \u0447\u0435\u043c \u043e\u043d\u0438 \u043f\u0435\u0440\u0435\u0439\u0434\u0443\u0442 \u043d\u0430 \u0441\u043b\u0435\u0434\u0443\u044e\u0449\u0443\u044e \u0441\u0442\u0430\u0434\u0438\u044e \u0441\u0432\u043e\u0435\u0433\u043e \u0436\u0438\u0437\u043d\u0435\u043d\u043d\u043e\u0433\u043e \u0446\u0438\u043a\u043b\u0430 \u0438 \u043f\u0440\u0435\u0432\u0440\u0430\u0442\u044f\u0442\u0441\u044f \u0432\u043e \u0432\u0437\u0440\u043e\u0441\u043b\u044b\u0435 \u0441\u0443\u0431\u043e\u0440\u0433\u0430\u043d\u0438\u0437\u043c\u044b!<\/p>","protected":false},"excerpt":{"rendered":"<p>\u00cencepe cea mai mare b\u0103t\u0103lie spa\u021bial\u0103! Larvele sunt parazi\u021bi care sug creierul, care se deplaseaz\u0103 prin \u00eentinderile Spinark VL \u0219i<\/p>","protected":false},"featured_media":174975,"comment_status":"closed","ping_status":"closed","template":"..\/public\/views\/revslider-page-template.php","meta":{"_monsterinsights_skip_tracking":false,"_monsterinsights_sitenote_active":false,"_monsterinsights_sitenote_note":"","_monsterinsights_sitenote_category":0},"product_brand":[],"product_cat":[1137,1615,35,55],"product_tag":[],"class_list":{"0":"post-174957","1":"product","2":"type-product","3":"status-publish","4":"has-post-thumbnail","6":"product_cat-jucarii","7":"product_cat-personaje-figuri-si-seturi","8":"product_cat-roboti-si-figurine","9":"product_cat-toate-produsele","11":"first","12":"instock","13":"shipping-taxable","14":"purchasable","15":"product-type-simple"},"_links":{"self":[{"href":"https:\/\/toystoys.md\/ru\/wp-json\/wp\/v2\/product\/174957","targetHints":{"allow":["GET"]}}],"collection":[{"href":"https:\/\/toystoys.md\/ru\/wp-json\/wp\/v2\/product"}],"about":[{"href":"https:\/\/toystoys.md\/ru\/wp-json\/wp\/v2\/types\/product"}],"replies":[{"embeddable":true,"href":"https:\/\/toystoys.md\/ru\/wp-json\/wp\/v2\/comments?post=174957"}],"wp:featuredmedia":[{"embeddable":true,"href":"https:\/\/toystoys.md\/ru\/wp-json\/wp\/v2\/media\/174975"}],"wp:attachment":[{"href":"https:\/\/toystoys.md\/ru\/wp-json\/wp\/v2\/media?parent=174957"}],"wp:term":[{"taxonomy":"product_brand","embeddable":true,"href":"https:\/\/toystoys.md\/ru\/wp-json\/wp\/v2\/product_brand?post=174957"},{"taxonomy":"product_cat","embeddable":true,"href":"https:\/\/toystoys.md\/ru\/wp-json\/wp\/v2\/product_cat?post=174957"},{"taxonomy":"product_tag","embeddable":true,"href":"https:\/\/toystoys.md\/ru\/wp-json\/wp\/v2\/product_tag?post=174957"}],"curies":[{"name":"wp","href":"https:\/\/api.w.org\/{rel}","templated":true}]}}