{"id":174648,"date":"2024-01-23T14:21:04","date_gmt":"2024-01-23T12:21:04","guid":{"rendered":""},"modified":"2024-01-24T23:32:42","modified_gmt":"2024-01-24T21:32:42","slug":"prod_3700349330635_sc92094","status":"publish","type":"product","link":"https:\/\/toystoys.md\/ru\/shop\/prod_3700349330635_sc92094\/","title":{"rendered":"\u041f\u043b\u044e\u0448\u0435\u0432\u0430\u044f \u0438\u0433\u0440\u0443\u0448\u043a\u0430 \u0401\u0436\u0438\u043a 25 \u0441\u043c DOUDOU"},"content":{"rendered":"<p>\u0423 \u043a\u0430\u0436\u0434\u043e\u0433\u043e \u0435\u0441\u0442\u044c \u0441\u043b\u0430\u0431\u043e\u0441\u0442\u044c \u043a \u0451\u0436\u0438\u043a\u0430\u043c... \u043e\u043d\u0438 \u0442\u0430\u043a\u0438\u0435 \u043c\u0438\u043b\u044b\u0435. \u0415\u0436\u0438\u043a \u0438\u043c\u0435\u0435\u0442 \u0434\u043b\u0438\u043d\u043d\u044b\u0439, \u043e\u0447\u0435\u043d\u044c \u043c\u044f\u0433\u043a\u0438\u0439 \u0434\u0432\u0443\u0445\u0446\u0432\u0435\u0442\u043d\u044b\u0439 \u043c\u0435\u0445, \u043f\u0440\u0438\u0434\u0430\u044e\u0449\u0438\u0439 \u0435\u043c\u0443 \u043a\u0440\u0430\u0441\u0438\u0432\u0443\u044e \u043a\u0440\u0443\u0433\u043b\u0443\u044e \u0444\u043e\u0440\u043c\u0443 \u0438 \u043c\u0438\u043b\u0443\u044e \u043c\u043e\u0440\u0434\u043e\u0447\u043a\u0443. \u042d\u0442\u043e \u0438\u0441\u043a\u043b\u044e\u0447\u0438\u0442\u0435\u043b\u044c\u043d\u043e \u043d\u0435\u0436\u043d\u044b\u0439 \u0438 \u0432\u0435\u0441\u0435\u043b\u044b\u0439 \u043a\u043e\u043c\u043e\u043a \u043c\u0435\u0445\u0430. \u0418\u0434\u0435\u0430\u043b\u044c\u043d\u043e \u043f\u043e\u0434\u0445\u043e\u0434\u0438\u0442 \u0434\u043b\u044f \u043e\u0431\u044a\u044f\u0442\u0438\u0439, \u0438\u0433\u0440 \u0438\u043b\u0438 \u0443\u043a\u0440\u0430\u0448\u0435\u043d\u0438\u044f, \u043e\u043d \u043f\u043e\u0441\u0442\u0430\u0432\u043b\u044f\u0435\u0442\u0441\u044f \u0432 \u043a\u0440\u0430\u0441\u0438\u0432\u043e\u0439 \u043f\u043e\u0434\u0430\u0440\u043e\u0447\u043d\u043e\u0439 \u0443\u043f\u0430\u043a\u043e\u0432\u043a\u0435.<\/p>","protected":false},"excerpt":{"rendered":"<p>Toat\u0103 lumea are un punct slab pentru arici &#8230; e at\u00e2t de dr\u0103gu\u021b. Cu blan\u0103 lung\u0103, foarte moale, \u00een dou\u0103<\/p>","protected":false},"featured_media":174676,"comment_status":"closed","ping_status":"closed","template":"..\/public\/views\/revslider-page-template.php","meta":{"_monsterinsights_skip_tracking":false,"_monsterinsights_sitenote_active":false,"_monsterinsights_sitenote_note":"","_monsterinsights_sitenote_category":0},"product_brand":[],"product_cat":[1551,1137,46,55],"product_tag":[],"class_list":{"0":"post-174648","1":"product","2":"type-product","3":"status-publish","4":"has-post-thumbnail","6":"product_cat-animale","7":"product_cat-jucarii","8":"product_cat-jucarii-de-plus","9":"product_cat-toate-produsele","11":"first","12":"outofstock","13":"shipping-taxable","14":"purchasable","15":"product-type-simple"},"_links":{"self":[{"href":"https:\/\/toystoys.md\/ru\/wp-json\/wp\/v2\/product\/174648","targetHints":{"allow":["GET"]}}],"collection":[{"href":"https:\/\/toystoys.md\/ru\/wp-json\/wp\/v2\/product"}],"about":[{"href":"https:\/\/toystoys.md\/ru\/wp-json\/wp\/v2\/types\/product"}],"replies":[{"embeddable":true,"href":"https:\/\/toystoys.md\/ru\/wp-json\/wp\/v2\/comments?post=174648"}],"wp:featuredmedia":[{"embeddable":true,"href":"https:\/\/toystoys.md\/ru\/wp-json\/wp\/v2\/media\/174676"}],"wp:attachment":[{"href":"https:\/\/toystoys.md\/ru\/wp-json\/wp\/v2\/media?parent=174648"}],"wp:term":[{"taxonomy":"product_brand","embeddable":true,"href":"https:\/\/toystoys.md\/ru\/wp-json\/wp\/v2\/product_brand?post=174648"},{"taxonomy":"product_cat","embeddable":true,"href":"https:\/\/toystoys.md\/ru\/wp-json\/wp\/v2\/product_cat?post=174648"},{"taxonomy":"product_tag","embeddable":true,"href":"https:\/\/toystoys.md\/ru\/wp-json\/wp\/v2\/product_tag?post=174648"}],"curies":[{"name":"wp","href":"https:\/\/api.w.org\/{rel}","templated":true}]}}