{"id":174647,"date":"2024-01-23T14:21:01","date_gmt":"2024-01-23T12:21:01","guid":{"rendered":""},"modified":"2025-05-08T13:38:33","modified_gmt":"2025-05-08T11:38:33","slug":"prod_3700335236767_sc92089","status":"publish","type":"product","link":"https:\/\/toystoys.md\/ru\/shop\/prod_3700335236767_sc92089\/","title":{"rendered":"\u041f\u043b\u044e\u0448\u0435\u0432\u0430\u044f \u0438\u0433\u0440\u0443\u0448\u043a\u0430 \u041a\u0438\u0442 60 \u0441\u043c DOUDOU"},"content":{"rendered":"<p>\u0411\u043e\u043b\u044c\u0448\u0430\u044f \u043f\u043b\u044e\u0448\u0435\u0432\u0430\u044f \u0438\u0433\u0440\u0443\u0448\u043a\u0430 \u0441\u0438\u043d\u0438\u0439 \u043a\u0438\u0442 \u0443\u0442\u0435\u0448\u0438\u0442 \u0432\u0430\u0448\u0435\u0433\u043e \u0440\u0435\u0431\u0435\u043d\u043a\u0430 \u0432 \u0442\u0440\u0443\u0434\u043d\u0443\u044e \u043c\u0438\u043d\u0443\u0442\u0443 \u0438 \u200b\u200b\u043e\u0440\u0438\u0433\u0438\u043d\u0430\u043b\u044c\u043d\u043e \u0443\u043a\u0440\u0430\u0441\u0438\u0442 \u0435\u0433\u043e \u043a\u043e\u043c\u043d\u0430\u0442\u0443. \u042d\u0442\u0430 \u0438\u0433\u0440\u0443\u0448\u043a\u0430 \u0443\u0441\u043f\u043e\u043a\u0430\u0438\u0432\u0430\u0435\u0442 \u0440\u0435\u0431\u0435\u043d\u043a\u0430, \u0437\u0430\u0441\u0442\u0430\u0432\u043b\u044f\u0435\u0442 \u0435\u0433\u043e \u043c\u0435\u0447\u0442\u0430\u0442\u044c \u0438 \u0441\u0442\u0438\u043c\u0443\u043b\u0438\u0440\u0443\u0435\u0442 \u0432\u043e\u043e\u0431\u0440\u0430\u0436\u0435\u043d\u0438\u0435! \u041e\u043d\u0430 \u043d\u0430\u043f\u043e\u043c\u0438\u043d\u0430\u0435\u0442 \u043f\u0440\u0438\u044f\u0442\u043d\u044b\u0435 \u043c\u043e\u043c\u0435\u043d\u0442\u044b, \u043f\u0440\u043e\u0432\u0435\u0434\u0435\u043d\u043d\u044b\u0435 \u0432 \u043a\u043e\u043d\u0442\u0430\u043a\u0442\u0435 \u0441 \u0432\u043e\u0434\u043e\u0439 \u0438 \u043b\u0443\u0447\u0430\u043c\u0438 \u0441\u043e\u043b\u043d\u0446\u0430.<\/p>","protected":false},"excerpt":{"rendered":"<p>O juc\u0103rie mare de plu\u0219 balen\u0103 albastr\u0103 \u00ee\u021bi va m\u00e2ng\u00e2ia copilul \u00een momentele dificile \u0219i \u00eei va decora camera \u00eentr-un<\/p>","protected":false},"featured_media":174673,"comment_status":"closed","ping_status":"closed","template":"..\/public\/views\/revslider-page-template.php","meta":{"_monsterinsights_skip_tracking":false,"_monsterinsights_sitenote_active":false,"_monsterinsights_sitenote_note":"","_monsterinsights_sitenote_category":0},"product_brand":[],"product_cat":[55,1137,46,1551],"product_tag":[],"class_list":{"0":"post-174647","1":"product","2":"type-product","3":"status-publish","4":"has-post-thumbnail","6":"product_cat-toate-produsele","7":"product_cat-jucarii","8":"product_cat-jucarii-de-plus","9":"product_cat-animale","11":"first","12":"outofstock","13":"shipping-taxable","14":"purchasable","15":"product-type-simple"},"_links":{"self":[{"href":"https:\/\/toystoys.md\/ru\/wp-json\/wp\/v2\/product\/174647","targetHints":{"allow":["GET"]}}],"collection":[{"href":"https:\/\/toystoys.md\/ru\/wp-json\/wp\/v2\/product"}],"about":[{"href":"https:\/\/toystoys.md\/ru\/wp-json\/wp\/v2\/types\/product"}],"replies":[{"embeddable":true,"href":"https:\/\/toystoys.md\/ru\/wp-json\/wp\/v2\/comments?post=174647"}],"wp:featuredmedia":[{"embeddable":true,"href":"https:\/\/toystoys.md\/ru\/wp-json\/wp\/v2\/media\/174673"}],"wp:attachment":[{"href":"https:\/\/toystoys.md\/ru\/wp-json\/wp\/v2\/media?parent=174647"}],"wp:term":[{"taxonomy":"product_brand","embeddable":true,"href":"https:\/\/toystoys.md\/ru\/wp-json\/wp\/v2\/product_brand?post=174647"},{"taxonomy":"product_cat","embeddable":true,"href":"https:\/\/toystoys.md\/ru\/wp-json\/wp\/v2\/product_cat?post=174647"},{"taxonomy":"product_tag","embeddable":true,"href":"https:\/\/toystoys.md\/ru\/wp-json\/wp\/v2\/product_tag?post=174647"}],"curies":[{"name":"wp","href":"https:\/\/api.w.org\/{rel}","templated":true}]}}