{"id":173778,"date":"2024-01-17T00:56:34","date_gmt":"2024-01-16T22:56:34","guid":{"rendered":""},"modified":"2025-05-02T13:23:16","modified_gmt":"2025-05-02T11:23:16","slug":"prod_5702017584935_sc92045","status":"publish","type":"product","link":"https:\/\/toystoys.md\/ru\/shop\/prod_5702017584935_sc92045\/","title":{"rendered":"\u0420\u044b\u043d\u043e\u0447\u043d\u043e\u0435 \u043f\u0440\u0438\u043a\u043b\u044e\u0447\u0435\u043d\u0438\u0435 \u043f\u0440\u0438\u043d\u0446\u0435\u0441\u0441\u044b Disney\u2122 LEGO 43246"},"content":{"rendered":"<p><span lang=\"RO\">\u041f\u0440\u043e\u0438\u0437\u0432\u0435\u0434\u0438\u0442\u0435 \u0432\u043f\u0435\u0447\u0430\u0442\u043b\u0435\u043d\u0438\u0435 \u043d\u0430 \u043f\u043e\u043a\u043b\u043e\u043d\u043d\u0438\u043a\u043e\u0432 \u043f\u0440\u0438\u043d\u0446\u0435\u0441\u0441 \u0414\u0438\u0441\u043d\u0435\u044f \u0438 \u0434\u0435\u0442\u0435\u0439 \u043e\u0442 \u0448\u0435\u0441\u0442\u0438 \u043b\u0435\u0442 \u0438 \u0441\u0442\u0430\u0440\u0448\u0435 \u0441 \u043f\u043e\u043c\u043e\u0449\u044c\u044e \u044d\u0442\u043e\u0433\u043e \u043f\u043e\u0434\u0440\u043e\u0431\u043d\u043e\u0433\u043e \u0438\u0433\u0440\u043e\u0432\u043e\u0433\u043e \u043d\u0430\u0431\u043e\u0440\u0430 LEGO\u00ae | \u041f\u0440\u0438\u043d\u0446\u0435\u0441\u0441\u044b \u0414\u0438\u0441\u043d\u0435\u044f: \u041f\u0440\u0438\u043a\u043b\u044e\u0447\u0435\u043d\u0438\u044f \u043f\u0440\u0438\u043d\u0446\u0435\u0441\u0441 \u0414\u0438\u0441\u043d\u0435\u044f \u043d\u0430 \u044f\u0440\u043c\u0430\u0440\u043a\u0435 (43246). \u0412 \u043d\u0435\u0433\u043e \u0432\u0445\u043e\u0434\u044f\u0442 \u0447\u0435\u0442\u044b\u0440\u0435 \u043c\u043e\u0434\u0435\u043b\u0438 \u0437\u0434\u0430\u043d\u0438\u0439: \u043e\u0434\u043d\u0430 \u0441 \u043d\u0435\u0431\u043e\u043b\u044c\u0448\u0438\u043c \u043e\u0442\u0441\u0435\u043a\u043e\u043c \u0434\u043b\u044f \u0445\u0440\u0430\u043d\u0435\u043d\u0438\u044f \u0432\u0435\u0449\u0435\u0439 \u043d\u0430\u0432\u0435\u0440\u0445\u0443 \u0438 \u043d\u0435\u0431\u043e\u043b\u044c\u0448\u0430\u044f \u043c\u043e\u0434\u0435\u043b\u044c \u0441 \u0446\u0432\u0435\u0442\u043e\u0447\u043d\u044b\u043c \u0433\u043e\u0440\u0448\u043a\u043e\u043c, \u0441\u043a\u0430\u043c\u0435\u0439\u043a\u043e\u0439 \u0438 \u0444\u043e\u043d\u0442\u0430\u043d\u043e\u043c. \u0412 \u043d\u0430\u0431\u043e\u0440 \u0442\u0430\u043a\u0436\u0435 \u0432\u0445\u043e\u0434\u044f\u0442 \u0444\u0438\u0433\u0443\u0440\u043a\u0438 \u043c\u0438\u043d\u0438-\u043a\u0443\u043a\u043e\u043b\u043e\u043a \u0422\u0438\u0430\u043d\u044b, \u0410\u0432\u0440\u043e\u0440\u044b, \u0417\u043e\u043b\u0443\u0448\u043a\u0438 \u0438 \u0410\u0440\u0438\u044d\u043b\u044c LEGO\u00ae Disney, \u0430 \u0442\u0430\u043a\u0436\u0435 \u0434\u0432\u0430 \u043a\u043e\u043b\u043b\u0435\u043a\u0446\u0438\u043e\u043d\u043d\u044b\u0445 \u043a\u043e\u043b\u044c\u0446\u0430 \u0441 \u0447\u0435\u0442\u044b\u0440\u044c\u043c\u044f \u0441\u043c\u0435\u043d\u043d\u044b\u043c\u0438 \u0443\u043a\u0440\u0430\u0448\u0435\u043d\u0438\u044f\u043c\u0438. \u0414\u0435\u0442\u0438 \u043c\u043e\u0433\u0443\u0442 \u043f\u0440\u0438\u0434\u0443\u043c\u044b\u0432\u0430\u0442\u044c \u043f\u0440\u0438\u043a\u043b\u044e\u0447\u0435\u043d\u0438\u044f \u043d\u0430 \u0440\u044b\u043d\u043a\u0435, \u0430 \u0437\u0430\u0442\u0435\u043c \u0440\u0430\u0437\u044b\u0433\u0440\u044b\u0432\u0430\u0442\u044c \u0431\u0435\u0441\u043a\u043e\u043d\u0435\u0447\u043d\u044b\u0435 \u0438\u0441\u0442\u043e\u0440\u0438\u0438 \u0438\u043b\u0438 \u043f\u0440\u0438\u0434\u0443\u043c\u044b\u0432\u0430\u0442\u044c \u043d\u043e\u0432\u044b\u0435 \u043f\u0440\u0438\u043a\u043b\u044e\u0447\u0435\u043d\u0438\u044f \u0441 \u043f\u043e\u043c\u043e\u0449\u044c\u044e \u043c\u043d\u043e\u0436\u0435\u0441\u0442\u0432\u0430 \u0430\u043a\u0441\u0435\u0441\u0441\u0443\u0430\u0440\u043e\u0432.<\/span><\/p>\n<p><span lang=\"RO\">\u042d\u0442\u043e\u0442 \u043a\u043e\u043d\u0441\u0442\u0440\u0443\u043a\u0442\u043e\u0440 \u0414\u0438\u0441\u043d\u0435\u044f \u043f\u043e\u0432\u044b\u0448\u0430\u0435\u0442 \u0443\u0432\u0435\u0440\u0435\u043d\u043d\u043e\u0441\u0442\u044c \u0434\u0435\u0442\u0435\u0439 \u0438 \u0432\u0434\u043e\u0445\u043d\u043e\u0432\u043b\u044f\u0435\u0442 \u043d\u0430 \u0442\u0432\u043e\u0440\u0447\u0435\u0441\u043a\u0443\u044e \u0438\u0433\u0440\u0443. \u0418 \u0434\u0435\u0442\u0438, \u0438 \u0432\u0437\u0440\u043e\u0441\u043b\u044b\u0435 \u0431\u0443\u0434\u0443\u0442 \u043f\u043e\u0440\u0430\u0436\u0435\u043d\u044b \u0434\u0435\u0442\u0430\u043b\u044f\u043c\u0438 \u0440\u0430\u0437\u043b\u0438\u0447\u043d\u044b\u0445 \u0437\u0434\u0430\u043d\u0438\u0439, \u0446\u0432\u0435\u0442\u0430\u043c\u0438 \u043a\u043e\u0442\u043e\u0440\u044b\u0445 \u0441\u043e\u043e\u0442\u0432\u0435\u0442\u0441\u0442\u0432\u0443\u044e\u0442 \u043a\u043e\u0441\u0442\u044e\u043c\u0430\u043c \u043f\u0435\u0440\u0441\u043e\u043d\u0430\u0436\u0435\u0439. \u0421 \u043f\u0440\u0438\u043b\u043e\u0436\u0435\u043d\u0438\u0435\u043c LEGO Builder \u0434\u0435\u0442\u0438 \u043c\u043e\u0433\u0443\u0442 \u0438\u0441\u043f\u043e\u043b\u044c\u0437\u043e\u0432\u0430\u0442\u044c \u043f\u0440\u043e\u0441\u0442\u043e\u0439 \u0438 \u0438\u043d\u0442\u0443\u0438\u0442\u0438\u0432\u043d\u043e \u043f\u043e\u043d\u044f\u0442\u043d\u044b\u0439 \u0438\u043d\u0441\u0442\u0440\u0443\u043c\u0435\u043d\u0442. \u041e\u043d\u0438 \u043c\u043e\u0433\u0443\u0442 \u043c\u0430\u0441\u0448\u0442\u0430\u0431\u0438\u0440\u043e\u0432\u0430\u0442\u044c \u0438 \u0432\u0440\u0430\u0449\u0430\u0442\u044c \u043c\u043e\u0434\u0435\u043b\u0438 \u0432 3D, \u0441\u043e\u0445\u0440\u0430\u043d\u044f\u0442\u044c \u043d\u0430\u0431\u043e\u0440\u044b \u0438 \u043e\u0442\u0441\u043b\u0435\u0436\u0438\u0432\u0430\u0442\u044c \u0438\u0445 \u043f\u0440\u043e\u0433\u0440\u0435\u0441\u0441.<\/span><\/p>","protected":false},"excerpt":{"rendered":"<p>Fascineaz\u0103 \u0219i distreaz\u0103 fanii Disney Princess \u0219i copiii \u00een v\u00e2rst\u0103 de 6+ ani cu acest set de construit detaliat LEGO\u00ae<\/p>","protected":false},"featured_media":173788,"comment_status":"closed","ping_status":"closed","template":"..\/public\/views\/revslider-page-template.php","meta":{"_monsterinsights_skip_tracking":false,"_monsterinsights_sitenote_active":false,"_monsterinsights_sitenote_note":"","_monsterinsights_sitenote_category":0},"product_brand":[],"product_cat":[1137,288,285,55],"product_tag":[],"class_list":{"0":"post-173778","1":"product","2":"type-product","3":"status-publish","4":"has-post-thumbnail","6":"product_cat-jucarii","7":"product_cat-lego","8":"product_cat-lego-disney","9":"product_cat-toate-produsele","11":"first","12":"instock","13":"shipping-taxable","14":"purchasable","15":"product-type-simple"},"_links":{"self":[{"href":"https:\/\/toystoys.md\/ru\/wp-json\/wp\/v2\/product\/173778","targetHints":{"allow":["GET"]}}],"collection":[{"href":"https:\/\/toystoys.md\/ru\/wp-json\/wp\/v2\/product"}],"about":[{"href":"https:\/\/toystoys.md\/ru\/wp-json\/wp\/v2\/types\/product"}],"replies":[{"embeddable":true,"href":"https:\/\/toystoys.md\/ru\/wp-json\/wp\/v2\/comments?post=173778"}],"wp:featuredmedia":[{"embeddable":true,"href":"https:\/\/toystoys.md\/ru\/wp-json\/wp\/v2\/media\/173788"}],"wp:attachment":[{"href":"https:\/\/toystoys.md\/ru\/wp-json\/wp\/v2\/media?parent=173778"}],"wp:term":[{"taxonomy":"product_brand","embeddable":true,"href":"https:\/\/toystoys.md\/ru\/wp-json\/wp\/v2\/product_brand?post=173778"},{"taxonomy":"product_cat","embeddable":true,"href":"https:\/\/toystoys.md\/ru\/wp-json\/wp\/v2\/product_cat?post=173778"},{"taxonomy":"product_tag","embeddable":true,"href":"https:\/\/toystoys.md\/ru\/wp-json\/wp\/v2\/product_tag?post=173778"}],"curies":[{"name":"wp","href":"https:\/\/api.w.org\/{rel}","templated":true}]}}