{"id":173526,"date":"2024-01-16T23:22:44","date_gmt":"2024-01-16T21:22:44","guid":{"rendered":""},"modified":"2026-01-21T13:50:17","modified_gmt":"2026-01-21T11:50:17","slug":"prod_5702017583785_sc92070","status":"publish","type":"product","link":"https:\/\/toystoys.md\/ru\/shop\/prod_5702017583785_sc92070\/","title":{"rendered":"\u0421\u0431\u043e\u0440\u043d\u044b\u0435 \u043b\u044e\u0434\u0438 \u0441 \u0441\u0438\u043b\u044c\u043d\u044b\u043c\u0438 \u044d\u043c\u043e\u0446\u0438\u044f\u043c\u0438 DUPLO\u00ae LEGO 10423"},"content":{"rendered":"<p><span lang=\"RO\">\u041d\u0430\u043f\u043e\u043b\u043d\u0438\u0442\u0435 \u0438\u0433\u0440\u044b \u043c\u0430\u043b\u044b\u0448\u0435\u0439 \u0432 \u0432\u043e\u0437\u0440\u0430\u0441\u0442\u0435 \u043e\u0442 3 \u043b\u0435\u0442 \u0440\u0430\u0434\u043e\u0441\u0442\u043d\u044b\u043c \u0442\u0432\u043e\u0440\u0447\u0435\u0441\u0442\u0432\u043e\u043c \u0441 \u043f\u043e\u043c\u043e\u0449\u044c\u044e \u0441\u0431\u043e\u0440\u043d\u043e\u0433\u043e \u043d\u0430\u0431\u043e\u0440\u0430 \u00ab\u041b\u044e\u0434\u0438 \u0441\u043e \u043c\u043d\u043e\u0433\u0438\u043c\u0438 \u044d\u043c\u043e\u0446\u0438\u044f\u043c\u0438\u00bb LEGO DUPLO Town (10423). \u041b\u044e\u0431\u043e\u0437\u043d\u0430\u0442\u0435\u043b\u044c\u043d\u044b\u0435 \u043c\u0430\u043b\u044b\u0448\u0438 \u043f\u043e\u043d\u0438\u043c\u0430\u044e\u0442, \u0447\u0442\u043e \u043b\u044e\u0434\u0438 \u0431\u044b\u0432\u0430\u044e\u0442 \u0440\u0430\u0437\u043d\u044b\u0445 \u0444\u043e\u0440\u043c \u0438 \u0440\u0430\u0437\u043c\u0435\u0440\u043e\u0432, \u0438 \u044d\u0442\u0430 \u0438\u0433\u0440\u0443\u0448\u043a\u0430 \u0434\u043b\u044f \u0434\u0440\u0443\u0436\u0431\u044b \u043f\u043e\u043c\u043e\u0433\u0430\u0435\u0442 \u0438\u043c \u043f\u043e\u043d\u044f\u0442\u044c, \u0447\u0442\u043e, \u0445\u043e\u0442\u044f \u043c\u044b \u0432\u0441\u0435 \u0432\u044b\u0433\u043b\u044f\u0434\u0438\u043c \u043e\u0447\u0435\u043d\u044c \u043f\u043e-\u0440\u0430\u0437\u043d\u043e\u043c\u0443, \u043c\u044b \u0432\u0441\u0435 \u043c\u043e\u0436\u0435\u043c \u0431\u044b\u0442\u044c \u0434\u0440\u0443\u0437\u044c\u044f\u043c\u0438.<\/span><\/p>\n<p><span lang=\"RO\">\u0412 \u0441\u043e\u0441\u0442\u0430\u0432 \u044d\u0442\u043e\u0439 \u043d\u0430\u0441\u0442\u0440\u0430\u0438\u0432\u0430\u0435\u043c\u043e\u0439 \u0438\u0433\u0440\u0443\u0448\u043a\u0438 \u0432\u0445\u043e\u0434\u0438\u0442 71 \u043a\u0443\u0431\u0438\u043a \u0438 \u0434\u0435\u0442\u0430\u043b\u0438, \u0438\u0437 \u043a\u043e\u0442\u043e\u0440\u044b\u0445 \u043c\u043e\u0436\u043d\u043e \u0441\u043e\u0431\u0440\u0430\u0442\u044c 5 \u043f\u0435\u0440\u0441\u043e\u043d\u0430\u0436\u0435\u0439, \u0432 \u0442\u043e\u043c \u0447\u0438\u0441\u043b\u0435 5 \u043a\u0443\u0431\u0438\u043a\u043e\u0432 \u0434\u043b\u044f \u043f\u0430\u0440\u0438\u043a\u043e\u0432 \u0438 1 \u043a\u043e\u043b\u0435\u0441\u043d\u0443\u044e \u0431\u0430\u0437\u0443. \u0412\u043e\u043e\u0431\u0440\u0430\u0436\u0435\u043d\u0438\u0435 \u043c\u0430\u043b\u044b\u0448\u0435\u0439 \u0440\u0430\u0437\u0440\u0430\u0441\u0442\u0430\u0435\u0442\u0441\u044f, \u043a\u043e\u0433\u0434\u0430 \u043e\u043d\u0438 \u0441\u043c\u0435\u0448\u0438\u0432\u0430\u044e\u0442 \u0438 \u0441\u043e\u0447\u0435\u0442\u0430\u044e\u0442 \u0438\u0433\u0440\u0443\u0448\u0435\u0447\u043d\u044b\u0435 \u0442\u0435\u043b\u0430, \u043d\u043e\u0433\u0438, \u043b\u0438\u0446\u0430 \u0438 \u0432\u043e\u043b\u043e\u0441\u044b, \u0447\u0442\u043e\u0431\u044b \u0441\u043e\u0437\u0434\u0430\u0442\u044c \u0431\u0435\u0441\u043a\u043e\u043d\u0435\u0447\u043d\u043e\u0435 \u043c\u043d\u043e\u0436\u0435\u0441\u0442\u0432\u043e \u0434\u0440\u0443\u0436\u0435\u043b\u044e\u0431\u043d\u044b\u0445 \u043f\u0435\u0440\u0441\u043e\u043d\u0430\u0436\u0435\u0439. \u0421 \u043f\u043e\u043c\u043e\u0449\u044c\u044e 10 \u0440\u0430\u0437\u043b\u0438\u0447\u043d\u044b\u0445 \u043a\u0443\u0431\u0438\u043a\u043e\u0432 \u0441 \u043b\u0438\u0446\u0430\u043c\u0438 \u043c\u0430\u043b\u044b\u0448\u0438 \u0441\u043c\u043e\u0433\u0443\u0442 \u0432\u044b\u0440\u0430\u0437\u0438\u0442\u044c \u0447\u0443\u0432\u0441\u0442\u0432\u0430 \u0441\u0432\u043e\u0438\u0445 \u043f\u0435\u0440\u0441\u043e\u043d\u0430\u0436\u0435\u0439 \u0438 \u043e\u043f\u0438\u0441\u0430\u0442\u044c, \u0447\u0442\u043e \u043e\u0437\u043d\u0430\u0447\u0430\u044e\u0442 \u044d\u0442\u0438 \u0432\u044b\u0440\u0430\u0436\u0435\u043d\u0438\u044f. \u041d\u0430\u0431\u043e\u0440 \u0442\u0430\u043a\u0436\u0435 \u043f\u0440\u0435\u0434\u0441\u0442\u0430\u0432\u043b\u044f\u0435\u0442 \u0441\u043e\u0431\u043e\u0439 \u0432\u043e\u0437\u043c\u043e\u0436\u043d\u043e\u0441\u0442\u044c \u0434\u043b\u044f \u0432\u0437\u0440\u043e\u0441\u043b\u044b\u0445 \u043f\u043e\u0433\u043e\u0432\u043e\u0440\u0438\u0442\u044c \u0441 \u043c\u0430\u043b\u044b\u0448\u0430\u043c\u0438 \u043e \u0442\u043e\u043c, \u043d\u0430\u0441\u043a\u043e\u043b\u044c\u043a\u043e \u0432\u0441\u0435 \u0440\u0430\u0437\u043d\u044b\u0435!<\/span><\/p>\n<p><span lang=\"RO\">\u042d\u0442\u043e\u0442 \u043a\u043e\u043d\u0441\u0442\u0440\u0443\u043a\u0442\u043e\u0440 \u0441\u043e\u0434\u0435\u0440\u0436\u0438\u0442 \u043a\u0443\u0431\u0438\u043a\u0438 \u0440\u0430\u0437\u043d\u043e\u0439 \u0444\u043e\u0440\u043c\u044b, \u043a\u043e\u0442\u043e\u0440\u044b\u0435 \u0438\u043d\u0442\u0435\u0440\u0435\u0441\u043d\u043e \u0438\u0441\u0441\u043b\u0435\u0434\u043e\u0432\u0430\u0442\u044c \u043f\u0430\u043b\u044c\u0446\u0430\u043c\u0438, \u0447\u0442\u043e \u043e\u0442\u043a\u0440\u044b\u0432\u0430\u0435\u0442 \u0431\u0435\u0437\u0433\u0440\u0430\u043d\u0438\u0447\u043d\u044b\u0435 \u0432\u043e\u0437\u043c\u043e\u0436\u043d\u043e\u0441\u0442\u0438 \u0434\u043b\u044f \u0442\u0432\u043e\u0440\u0447\u0435\u0441\u0442\u0432\u0430 \u0432 \u0440\u0443\u043a\u0430\u0445 \u043c\u0430\u043b\u044b\u0448\u0435\u0439.<\/span><\/p>","protected":false},"excerpt":{"rendered":"<p>Umple orele de joac\u0103 ale copiilor mici \u00een v\u00e2rst\u0103 de 3+ ani cu creativitate voioas\u0103 cu setul LEGO\u00ae DUPLO\u00ae Oameni<\/p>","protected":false},"featured_media":173568,"comment_status":"closed","ping_status":"closed","template":"..\/public\/views\/revslider-page-template.php","meta":{"_monsterinsights_skip_tracking":false,"_monsterinsights_sitenote_active":false,"_monsterinsights_sitenote_note":"","_monsterinsights_sitenote_category":0},"product_brand":[],"product_cat":[55,1137,288,264],"product_tag":[1914],"class_list":{"0":"post-173526","1":"product","2":"type-product","3":"status-publish","4":"has-post-thumbnail","6":"product_cat-toate-produsele","7":"product_cat-jucarii","8":"product_cat-lego","9":"product_cat-lego-duplo","10":"product_tag-lego-30","12":"first","13":"instock","14":"shipping-taxable","15":"purchasable","16":"product-type-simple"},"_links":{"self":[{"href":"https:\/\/toystoys.md\/ru\/wp-json\/wp\/v2\/product\/173526","targetHints":{"allow":["GET"]}}],"collection":[{"href":"https:\/\/toystoys.md\/ru\/wp-json\/wp\/v2\/product"}],"about":[{"href":"https:\/\/toystoys.md\/ru\/wp-json\/wp\/v2\/types\/product"}],"replies":[{"embeddable":true,"href":"https:\/\/toystoys.md\/ru\/wp-json\/wp\/v2\/comments?post=173526"}],"wp:featuredmedia":[{"embeddable":true,"href":"https:\/\/toystoys.md\/ru\/wp-json\/wp\/v2\/media\/173568"}],"wp:attachment":[{"href":"https:\/\/toystoys.md\/ru\/wp-json\/wp\/v2\/media?parent=173526"}],"wp:term":[{"taxonomy":"product_brand","embeddable":true,"href":"https:\/\/toystoys.md\/ru\/wp-json\/wp\/v2\/product_brand?post=173526"},{"taxonomy":"product_cat","embeddable":true,"href":"https:\/\/toystoys.md\/ru\/wp-json\/wp\/v2\/product_cat?post=173526"},{"taxonomy":"product_tag","embeddable":true,"href":"https:\/\/toystoys.md\/ru\/wp-json\/wp\/v2\/product_tag?post=173526"}],"curies":[{"name":"wp","href":"https:\/\/api.w.org\/{rel}","templated":true}]}}