{"id":173446,"date":"2024-01-16T22:50:41","date_gmt":"2024-01-16T20:50:41","guid":{"rendered":""},"modified":"2026-03-12T10:02:24","modified_gmt":"2026-03-12T08:02:24","slug":"prod_5702017599564_sc92086","status":"publish","type":"product","link":"https:\/\/toystoys.md\/ru\/shop\/prod_5702017599564_sc92086\/","title":{"rendered":"\u0421\u0438\u043d\u0438\u0439 \u0437\u0438\u043c\u043e\u0440\u043e\u0434\u043e\u043a Icons LEGO 10331"},"content":{"rendered":"<p>\u0421\u043e\u0437\u0434\u0430\u0439\u0442\u0435 \u044f\u0440\u043a\u0438\u0439 \u0446\u0435\u043d\u0442\u0440\u0430\u043b\u044c\u043d\u044b\u0439 \u044d\u043b\u0435\u043c\u0435\u043d\u0442 \u0441\u0432\u043e\u0435\u0433\u043e \u0434\u043e\u043c\u0430 \u0438\u043b\u0438 \u043e\u0444\u0438\u0441\u0430 \u0441 \u043f\u043e\u043c\u043e\u0449\u044c\u044e \u044d\u0442\u043e\u0433\u043e \u043d\u0430\u0431\u043e\u0440\u0430 \u0434\u043b\u044f \u0434\u043e\u043c\u0430\u0448\u043d\u0435\u0433\u043e \u0434\u0435\u043a\u043e\u0440\u0430 \u0434\u043b\u044f \u0432\u0437\u0440\u043e\u0441\u043b\u044b\u0445. \u042d\u0442\u043e\u0442 \u043d\u0430\u0431\u043e\u0440 LEGO Icons \u00ab\u041f\u0442\u0438\u0446\u0430-\u0437\u0438\u043c\u043e\u0440\u043e\u0434\u043e\u043a\u00bb (10331) \u0441\u0442\u0430\u043d\u0435\u0442 \u043e\u0442\u043b\u0438\u0447\u043d\u044b\u043c \u043f\u043e\u0434\u0430\u0440\u043a\u043e\u043c \u0434\u043b\u044f \u043b\u044e\u0431\u0438\u0442\u0435\u043b\u0435\u0439 \u043f\u0442\u0438\u0446 \u0438 \u0437\u0430\u0445\u0432\u0430\u0442\u044b\u0432\u0430\u044e\u0449\u0438\u043c \u043f\u0440\u043e\u0435\u043a\u0442\u043e\u043c \u0434\u043b\u044f \u043d\u043e\u0432\u0438\u0447\u043a\u043e\u0432 \u0438 \u043e\u043f\u044b\u0442\u043d\u044b\u0445 \u0441\u0442\u0440\u043e\u0438\u0442\u0435\u043b\u0435\u0439 LEGO.<\/p>\n<p>\u041c\u043e\u0434\u0435\u043b\u044c \u0437\u0438\u043c\u043e\u0440\u043e\u0434\u043a\u0430 \u0438\u0437\u043e\u0431\u0440\u0430\u0436\u0430\u0435\u0442 \u043f\u0442\u0438\u0446\u0443, \u0438\u0437\u0432\u0435\u0441\u0442\u043d\u0443\u044e \u0441\u0432\u043e\u0438\u043c \u044f\u0440\u043a\u0438\u043c \u043e\u043f\u0435\u0440\u0435\u043d\u0438\u0435\u043c \u0438 \u0437\u0430\u043c\u0435\u0447\u0430\u0442\u0435\u043b\u044c\u043d\u044b\u043c\u0438 \u043e\u0445\u043e\u0442\u043d\u0438\u0447\u044c\u0438\u043c\u0438 \u0441\u043f\u043e\u0441\u043e\u0431\u043d\u043e\u0441\u0442\u044f\u043c\u0438, \u0432\u044b\u043b\u0435\u0442\u0430\u044e\u0449\u0443\u044e \u0438\u0437 \u0432\u043e\u0434\u044b \u0441 \u0443\u043b\u043e\u0432\u043e\u043c \u0440\u044b\u0431\u044b. \u0412\u043e\u0434\u043d\u0430\u044f \u0443\u0441\u0442\u0430\u043d\u043e\u0432\u043a\u0430 \u0432\u043a\u043b\u044e\u0447\u0430\u0435\u0442 \u0432 \u0441\u0435\u0431\u044f \u0441\u0431\u043e\u0440\u043d\u044b\u0435 \u0442\u0440\u043e\u0441\u0442\u0438 \u0438 \u043c\u043e\u0436\u0435\u0442 \u0441\u043b\u0443\u0436\u0438\u0442\u044c \u043f\u043e\u0434\u0441\u0442\u0430\u0432\u043a\u043e\u0439. \u0420\u0430\u0441\u043f\u043e\u043b\u043e\u0436\u0438\u0442\u0435 \u0433\u043e\u043b\u043e\u0432\u0443 \u0438 \u043a\u043e\u0433\u0442\u0438 \u043f\u0442\u0438\u0446\u044b, \u043f\u0440\u0438\u043d\u044f\u0432 \u043b\u044e\u0431\u0438\u043c\u0443\u044e \u043f\u043e\u0437\u0443, \u043f\u0440\u0435\u0436\u0434\u0435 \u0447\u0435\u043c \u0432\u044b\u0441\u0442\u0430\u0432\u0438\u0442\u044c \u0435\u0435 \u043d\u0430 \u0432\u0441\u0435\u043e\u0431\u0449\u0435\u0435 \u043e\u0431\u043e\u0437\u0440\u0435\u043d\u0438\u0435.<\/p>\n<p>\u041e\u0442\u043a\u0440\u043e\u0439\u0442\u0435 \u0434\u043b\u044f \u0441\u0435\u0431\u044f \u043f\u0440\u043e\u0441\u0442\u0440\u0430\u043d\u0441\u0442\u0432\u043e \u0434\u043b\u044f \u043e\u0442\u0434\u044b\u0445\u0430 \u0441 \u043f\u043e\u043c\u043e\u0449\u044c\u044e \u0432\u0434\u043e\u0445\u043d\u043e\u0432\u043b\u044f\u044e\u0449\u0435\u0433\u043e \u043d\u0430\u0431\u043e\u0440\u0430 \u0442\u0432\u043e\u0440\u0447\u0435\u0441\u043a\u0438\u0445 \u043a\u043e\u043d\u0441\u0442\u0440\u0443\u043a\u0442\u043e\u0440\u043e\u0432 LEGO, \u0441\u043e\u0437\u0434\u0430\u043d\u043d\u044b\u0445 \u0441\u043f\u0435\u0446\u0438\u0430\u043b\u044c\u043d\u043e \u0434\u043b\u044f \u0432\u0437\u0440\u043e\u0441\u043b\u044b\u0445. \u041f\u0440\u0438\u043b\u043e\u0436\u0435\u043d\u0438\u0435 LEGO Builder \u0441\u043e\u0434\u0435\u0440\u0436\u0438\u0442 \u0446\u0438\u0444\u0440\u043e\u0432\u0443\u044e \u0432\u0435\u0440\u0441\u0438\u044e \u0438\u043d\u0441\u0442\u0440\u0443\u043a\u0446\u0438\u0439 \u043f\u043e \u0441\u0431\u043e\u0440\u043a\u0435, \u0432\u043a\u043b\u044e\u0447\u0435\u043d\u043d\u044b\u0445 \u0432 \u044d\u0442\u043e\u0442 \u043d\u0430\u0431\u043e\u0440.<\/p>","protected":false},"excerpt":{"rendered":"<p>Creeaz\u0103 o pies\u0103 de decor uimitoare pentru cas\u0103 sau birou cu acest model de construit pentru adul\u021bi. Acest LEGO\u00ae Icons<\/p>","protected":false},"featured_media":173456,"comment_status":"closed","ping_status":"closed","template":"..\/public\/views\/revslider-page-template.php","meta":{"_monsterinsights_skip_tracking":false,"_monsterinsights_sitenote_active":false,"_monsterinsights_sitenote_note":"","_monsterinsights_sitenote_category":0},"product_brand":[],"product_cat":[1137,288,1598,55],"product_tag":[],"class_list":{"0":"post-173446","1":"product","2":"type-product","3":"status-publish","4":"has-post-thumbnail","6":"product_cat-jucarii","7":"product_cat-lego","8":"product_cat-lego-icons","9":"product_cat-toate-produsele","11":"first","12":"instock","13":"shipping-taxable","14":"purchasable","15":"product-type-simple"},"_links":{"self":[{"href":"https:\/\/toystoys.md\/ru\/wp-json\/wp\/v2\/product\/173446","targetHints":{"allow":["GET"]}}],"collection":[{"href":"https:\/\/toystoys.md\/ru\/wp-json\/wp\/v2\/product"}],"about":[{"href":"https:\/\/toystoys.md\/ru\/wp-json\/wp\/v2\/types\/product"}],"replies":[{"embeddable":true,"href":"https:\/\/toystoys.md\/ru\/wp-json\/wp\/v2\/comments?post=173446"}],"wp:featuredmedia":[{"embeddable":true,"href":"https:\/\/toystoys.md\/ru\/wp-json\/wp\/v2\/media\/173456"}],"wp:attachment":[{"href":"https:\/\/toystoys.md\/ru\/wp-json\/wp\/v2\/media?parent=173446"}],"wp:term":[{"taxonomy":"product_brand","embeddable":true,"href":"https:\/\/toystoys.md\/ru\/wp-json\/wp\/v2\/product_brand?post=173446"},{"taxonomy":"product_cat","embeddable":true,"href":"https:\/\/toystoys.md\/ru\/wp-json\/wp\/v2\/product_cat?post=173446"},{"taxonomy":"product_tag","embeddable":true,"href":"https:\/\/toystoys.md\/ru\/wp-json\/wp\/v2\/product_tag?post=173446"}],"curies":[{"name":"wp","href":"https:\/\/api.w.org\/{rel}","templated":true}]}}