{"id":173195,"date":"2024-01-13T23:41:34","date_gmt":"2024-01-13T21:41:34","guid":{"rendered":""},"modified":"2024-01-15T10:30:54","modified_gmt":"2024-01-15T08:30:54","slug":"prod_5011666735651_sc91950","status":"publish","type":"product","link":"https:\/\/toystoys.md\/ru\/shop\/prod_5011666735651_sc91950\/","title":{"rendered":"\u0420\u0430\u0437\u0432\u0438\u0432\u0430\u044e\u0449\u0430\u044f \u0438\u0433\u0440\u0443\u0448\u043a\u0430 Tomy"},"content":{"rendered":"<p>\u0418\u0433\u0440\u0443\u0448\u043a\u0430 \u0434\u043b\u044f \u0440\u0430\u043d\u043d\u0435\u0433\u043e \u0432\u043e\u0437\u0440\u0430\u0441\u0442\u0430, \u0441\u043f\u043e\u0441\u043e\u0431\u0441\u0442\u0432\u0443\u044e\u0449\u0430\u044f \u0438\u0437\u0443\u0447\u0435\u043d\u0438\u044e \u0444\u043e\u0440\u043c \u0438 \u0446\u0432\u0435\u0442\u043e\u0432. 6 \u0446\u0432\u0435\u0442\u043d\u044b\u0445 \u0438 \u043f\u0440\u043e\u043d\u0443\u043c\u0435\u0440\u043e\u0432\u0430\u043d\u043d\u044b\u0445 \u044f\u0438\u0446 \u0434\u043b\u044f \u0441\u0442\u0438\u043c\u0443\u043b\u0438\u0440\u043e\u0432\u0430\u043d\u0438\u044f \u0440\u0435\u0431\u0435\u043d\u043a\u0430 \u0438 \u0440\u0430\u0437\u0432\u0438\u0442\u0438\u044f \u0435\u0433\u043e \u043c\u043e\u0442\u043e\u0440\u0438\u043a\u0438. \u0418\u0433\u0440\u0430-\u0431\u0443\u0434\u0438\u043b\u044c\u043d\u0438\u043a, \u043a\u043e\u0442\u043e\u0440\u0430\u044f \u0443\u043b\u0443\u0447\u0448\u0430\u0435\u0442 \u043c\u043e\u0442\u043e\u0440\u0438\u043a\u0443 \u0440\u0435\u0431\u0435\u043d\u043a\u0430, \u0442\u0432\u043e\u0440\u0447\u0435\u0441\u043a\u0438\u0435 \u0441\u043f\u043e\u0441\u043e\u0431\u043d\u043e\u0441\u0442\u0438 \u0438 \u043b\u043e\u0433\u0438\u043a\u0443. \u041a\u043e\u043e\u0440\u0434\u0438\u043d\u0430\u0446\u0438\u044f \u0440\u0443\u043a \u0438 \u0433\u043b\u0430\u0437 \u043d\u0435\u043e\u0431\u0445\u043e\u0434\u0438\u043c\u0430, \u043a\u043e\u0433\u0434\u0430 \u0440\u0435\u0431\u0435\u043d\u043a\u0443 \u043f\u0440\u0438\u0445\u043e\u0434\u0438\u0442\u0441\u044f \u0441\u043a\u043b\u0430\u0434\u044b\u0432\u0430\u0442\u044c \u044f\u0439\u0446\u0430. 6 \u043f\u0440\u043e\u043d\u0443\u043c\u0435\u0440\u043e\u0432\u0430\u043d\u043d\u044b\u0445 \u044f\u0438\u0446 \u0441\u043a\u043b\u0430\u0434\u044b\u0432\u0430\u044e\u0442\u0441\u044f \u0434\u0440\u0443\u0433 \u043d\u0430 \u0434\u0440\u0443\u0433\u0430, \u043e\u0431\u0440\u0430\u0437\u0443\u044f \u043a\u0440\u0430\u0441\u043e\u0447\u043d\u0443\u044e \u0431\u0430\u0448\u043d\u044e! \u042f\u0439\u0446\u0430 \u0431\u0435\u0437\u043e\u043f\u0430\u0441\u043d\u043e\u0439 \u0444\u043e\u0440\u043c\u044b, \u0441 \u043d\u0438\u043c\u0438 \u043b\u0435\u0433\u043a\u043e \u043e\u0431\u0440\u0430\u0449\u0430\u0442\u044c\u0441\u044f \u043c\u0430\u043b\u0435\u043d\u044c\u043a\u0438\u043c \u0434\u0435\u0442\u044f\u043c. \u0426\u0432\u0435\u0442\u043d\u044b\u0435 \u044f\u0439\u0446\u0430 \u0440\u0430\u0437\u043d\u044b\u0445 \u0440\u0430\u0437\u043c\u0435\u0440\u043e\u0432. \u041d\u0430\u0436\u0430\u0442\u0438\u0435 \u043d\u0430 \u044f\u0439\u0446\u043e \u0438\u0437\u0434\u0430\u0435\u0442 \u0437\u0430\u0431\u0430\u0432\u043d\u044b\u0439 \u0437\u0432\u0443\u043a.<\/p>\n<div class=\"woocommerce-product-details__short-description\">\n<p>\u0420\u0435\u043a\u043e\u043c\u0435\u043d\u0434\u0443\u0435\u043c\u044b\u0439 \u0432\u043e\u0437\u0440\u0430\u0441\u0442: 6 \u043c\u0435\u0441\u044f\u0446\u0435\u0432+<\/p>\n<\/div>","protected":false},"excerpt":{"rendered":"<p>O juc\u0103rie de v\u00e2rst\u0103 fraged\u0103 care promoveaz\u0103 \u00eenv\u0103\u021barea formelor \u0219i a culorilor. 6 ou\u0103 colorate \u0219i numerotate pentru a stimula<\/p>","protected":false},"featured_media":173230,"comment_status":"closed","ping_status":"closed","template":"..\/public\/views\/revslider-page-template.php","meta":{"_monsterinsights_skip_tracking":false,"_monsterinsights_sitenote_active":false,"_monsterinsights_sitenote_note":"","_monsterinsights_sitenote_category":0},"product_brand":[],"product_cat":[55,1137,36,1136,44],"product_tag":[],"class_list":{"0":"post-173195","1":"product","2":"type-product","3":"status-publish","4":"has-post-thumbnail","6":"product_cat-toate-produsele","7":"product_cat-jucarii","8":"product_cat-jucarii-pentru-bebelusi","9":"product_cat-jucarii-de-dezvoltare","10":"product_cat-jucarii-educative","12":"first","13":"instock","14":"shipping-taxable","15":"purchasable","16":"product-type-simple"},"_links":{"self":[{"href":"https:\/\/toystoys.md\/ru\/wp-json\/wp\/v2\/product\/173195","targetHints":{"allow":["GET"]}}],"collection":[{"href":"https:\/\/toystoys.md\/ru\/wp-json\/wp\/v2\/product"}],"about":[{"href":"https:\/\/toystoys.md\/ru\/wp-json\/wp\/v2\/types\/product"}],"replies":[{"embeddable":true,"href":"https:\/\/toystoys.md\/ru\/wp-json\/wp\/v2\/comments?post=173195"}],"wp:featuredmedia":[{"embeddable":true,"href":"https:\/\/toystoys.md\/ru\/wp-json\/wp\/v2\/media\/173230"}],"wp:attachment":[{"href":"https:\/\/toystoys.md\/ru\/wp-json\/wp\/v2\/media?parent=173195"}],"wp:term":[{"taxonomy":"product_brand","embeddable":true,"href":"https:\/\/toystoys.md\/ru\/wp-json\/wp\/v2\/product_brand?post=173195"},{"taxonomy":"product_cat","embeddable":true,"href":"https:\/\/toystoys.md\/ru\/wp-json\/wp\/v2\/product_cat?post=173195"},{"taxonomy":"product_tag","embeddable":true,"href":"https:\/\/toystoys.md\/ru\/wp-json\/wp\/v2\/product_tag?post=173195"}],"curies":[{"name":"wp","href":"https:\/\/api.w.org\/{rel}","templated":true}]}}