{"id":172967,"date":"2024-01-11T12:10:11","date_gmt":"2024-01-11T10:10:11","guid":{"rendered":""},"modified":"2024-01-12T13:54:30","modified_gmt":"2024-01-12T11:54:30","slug":"prod_6900007345552_sc91824","status":"publish","type":"product","link":"https:\/\/toystoys.md\/ru\/shop\/prod_6900007345552_sc91824\/","title":{"rendered":"\u0418\u043d\u0442\u0435\u0440\u0430\u043a\u0442\u0438\u0432\u043d\u043e-\u0440\u0430\u0437\u0432\u0438\u0432\u0430\u044e\u0449\u0430\u044f \u0438\u0433\u0440\u0443\u0448\u043a\u0430 \u0441\u043e \u0437\u0432\u0443\u043a\u0430\u043c\u0438 \u0418\u043d\u0442\u0435\u043b\u043b\u0435\u043a\u0442\u0443\u0430\u043b\u044c\u043d\u044b\u0439 \u0433\u043e\u0440\u0448\u043e\u0447\u0435\u043a Kiddi Smart \u0430\u043d\u0433\u043b\u0438\u0439\u0441\u043a\u0438\u0439\/\u0443\u043a\u0440\u0430\u0438\u043d\u0441\u043a\u0438\u0439 \u044f\u0437\u044b\u043a"},"content":{"rendered":"<p>\u0418\u0449\u0435\u0442\u0435 \u043a\u0440\u0430\u0441\u0438\u0432\u044b\u0439 \u0438 \u043f\u0440\u0430\u043a\u0442\u0438\u0447\u043d\u044b\u0439 \u043f\u043e\u0434\u0430\u0440\u043e\u043a \u0434\u043b\u044f \u0440\u0435\u0431\u0435\u043d\u043a\u0430 \u0432\u043e\u0437\u0440\u0430\u0441\u0442\u043e\u043c \u043e\u0442 2 \u0434\u043e 5 \u043b\u0435\u0442? \u0422\u043e\u0433\u0434\u0430 \u0438\u043d\u0442\u0435\u0440\u0430\u043a\u0442\u0438\u0432\u043d\u0430\u044f \u043c\u043d\u043e\u0433\u043e\u0437\u0430\u0434\u0430\u0447\u043d\u0430\u044f \u0438\u0433\u0440\u0443\u0448\u043a\u0430 Smart-\u0413\u043e\u0440\u043d\u0438\u043b\u043a\u0430 \u043e\u0442 Kiddi Smart \u0438\u043c\u0435\u043d\u043d\u043e \u0442\u043e, \u0447\u0442\u043e \u043d\u0430\u0434\u043e! \u0418\u043d\u0442\u0435\u0440\u0435\u0441\u043d\u044b\u0439 \u043a\u0440\u0430\u0441\u043e\u0447\u043d\u044b\u0439 \u0434\u0438\u0437\u0430\u0439\u043d \u0432 \u0444\u043e\u0440\u043c\u0435 \u0447\u0430\u0448\u043a\u0438 \u0441 \u043f\u0435\u0447\u0435\u043d\u044c\u0435\u043c \u043d\u0435 \u043e\u0441\u0442\u0430\u0432\u0438\u0442 \u0440\u0435\u0431\u0435\u043d\u043a\u0430 \u0440\u0430\u0432\u043d\u043e\u0434\u0443\u0448\u043d\u044b\u043c.<\/p>\n<p>\u0418\u0433\u0440\u0443\u0448\u043a\u0430 \u0438\u043c\u0435\u0435\u0442 \u0434\u0432\u0430 \u0440\u0435\u0436\u0438\u043c\u0430 \u0438\u0433\u0440\u044b \u043d\u0430 \u043b\u0438\u0442\u0435\u0440\u0430\u0442\u0443\u0440\u043d\u043e\u043c \u0443\u043a\u0440\u0430\u0438\u043d\u0441\u043a\u043e\u043c \u0438 \u0430\u043d\u0433\u043b\u0438\u0439\u0441\u043a\u043e\u043c \u044f\u0437\u044b\u043a\u0430\u0445. \u0414\u043b\u044f \u0441\u043c\u0435\u043d\u044b \u0440\u0435\u0436\u0438\u043c\u0430, \u043d\u0430\u0436\u043c\u0438\u0442\u0435 \u043d\u0430 \u00ab\u043d\u043e\u0441\u0438\u043a\u00bb \u0427\u0430\u0448\u043a\u0438. \u0427\u0442\u043e\u0431\u044b \u043f\u0435\u0440\u0435\u043a\u043b\u044e\u0447\u0438\u0442\u044c \u044f\u0437\u044b\u043a, \u043f\u0435\u0440\u0435\u0434\u0432\u0438\u043d\u044c\u0442\u0435 \u043a\u0440\u0430\u0441\u043d\u044b\u0439 \u043f\u0435\u0440\u0435\u043a\u043b\u044e\u0447\u0430\u0442\u0435\u043b\u044c \u0432 \u043d\u0443\u0436\u043d\u0443\u044e \u0441\u0442\u043e\u0440\u043e\u043d\u0443.<br \/>\n- \u041f\u0435\u0440\u0432\u044b\u0439 \u0440\u0435\u0436\u0438\u043c \u0443\u0447\u0438\u0442 \u0441\u0447\u0438\u0442\u0430\u0442\u044c. \u0418\u0433\u0440\u0443\u0448\u043a\u0430 \u0441\u0447\u0438\u0442\u0430\u0435\u0442 \u043a\u043e\u043b\u0438\u0447\u0435\u0441\u0442\u0432\u043e \u043f\u0435\u0447\u0435\u043d\u044c\u044f, \u043a\u043e\u0442\u043e\u0440\u043e\u0435 \u0432\u044b \u043f\u043e\u043e\u0447\u0435\u0440\u0435\u0434\u043d\u043e \u043e\u043f\u0443\u0441\u043a\u0430\u0435\u0442\u0435 \u0432\u043d\u0443\u0442\u0440\u044c.<br \/>\n- \u0412\u0442\u043e\u0440\u043e\u0439 \u0440\u0435\u0436\u0438\u043c \u043f\u043e\u043c\u043e\u0433\u0430\u0435\u0442 \u0437\u0430\u043a\u0440\u0435\u043f\u0438\u0442\u044c \u0432\u044b\u0443\u0447\u0435\u043d\u043d\u043e\u0435. \u0418\u0433\u0440\u0443\u0448\u043a\u0430 \u0430\u0432\u0442\u043e\u043c\u0430\u0442\u0438\u0447\u0435\u0441\u043a\u0438 \u043d\u0430\u0437\u044b\u0432\u0430\u0435\u0442 \u043e\u043f\u0440\u0435\u0434\u0435\u043b\u0435\u043d\u043d\u043e\u0435 \u0447\u0438\u0441\u043b\u043e \u0438 \u043d\u0443\u0436\u043d\u043e \u043d\u0430\u0439\u0442\u0438 \u0444\u0438\u0433\u0443\u0440\u043a\u0443 \u0441 \u0441\u043e\u043e\u0442\u0432\u0435\u0442\u0441\u0442\u0432\u0443\u044e\u0449\u0438\u043c \u043d\u043e\u043c\u0435\u0440\u043e\u043c \u0438 \u043e\u043f\u0443\u0441\u0442\u0438\u0442\u044c \u0432\u043d\u0443\u0442\u0440\u044c. \u041f\u043e\u0441\u043b\u0435 \u0442\u0440\u0435\u0445 \u043d\u0435\u0443\u0434\u0430\u0447\u043d\u044b\u0445 \u043f\u043e\u043f\u044b\u0442\u043e\u043a \u0437\u0430\u043f\u0440\u043e\u0441 \u0438\u0437\u043c\u0435\u043d\u0438\u0442\u0441\u044f.<\/p>\n<p>Pute\u021bi stoca biscuti \u00een interiorul jucariei. Pentru a face acest lucru, de\u0219uruba\u021bi capacul de pe spatele juc\u0103riei. Ac\u021bionarea vocal\u0103 frumoas\u0103 \u0219i de \u00eenalt\u0103 calitate cu fraze pozitive \u0219i exclama\u021bii vesele ridic\u0103 starea de spirit \u0219i sprijin\u0103 copilul.<\/p>","protected":false},"excerpt":{"rendered":"<p>E\u0219ti \u00een c\u0103utarea unui cadou frumos \u0219i practic pentru un copil cu v\u00e2rsta cuprins\u0103 \u00eentre 2 \u0219i 5 ani? Atunci<\/p>","protected":false},"featured_media":173006,"comment_status":"closed","ping_status":"closed","template":"..\/public\/views\/revslider-page-template.php","meta":{"_monsterinsights_skip_tracking":false,"_monsterinsights_sitenote_active":false,"_monsterinsights_sitenote_note":"","_monsterinsights_sitenote_category":0},"product_brand":[],"product_cat":[55,1137,36,1136,44,76],"product_tag":[],"class_list":{"0":"post-172967","1":"product","2":"type-product","3":"status-publish","4":"has-post-thumbnail","6":"product_cat-toate-produsele","7":"product_cat-jucarii","8":"product_cat-jucarii-pentru-bebelusi","9":"product_cat-jucarii-de-dezvoltare","10":"product_cat-jucarii-educative","11":"product_cat-jucarii-interactiv","13":"first","14":"instock","15":"shipping-taxable","16":"purchasable","17":"product-type-simple"},"_links":{"self":[{"href":"https:\/\/toystoys.md\/ru\/wp-json\/wp\/v2\/product\/172967","targetHints":{"allow":["GET"]}}],"collection":[{"href":"https:\/\/toystoys.md\/ru\/wp-json\/wp\/v2\/product"}],"about":[{"href":"https:\/\/toystoys.md\/ru\/wp-json\/wp\/v2\/types\/product"}],"replies":[{"embeddable":true,"href":"https:\/\/toystoys.md\/ru\/wp-json\/wp\/v2\/comments?post=172967"}],"wp:featuredmedia":[{"embeddable":true,"href":"https:\/\/toystoys.md\/ru\/wp-json\/wp\/v2\/media\/173006"}],"wp:attachment":[{"href":"https:\/\/toystoys.md\/ru\/wp-json\/wp\/v2\/media?parent=172967"}],"wp:term":[{"taxonomy":"product_brand","embeddable":true,"href":"https:\/\/toystoys.md\/ru\/wp-json\/wp\/v2\/product_brand?post=172967"},{"taxonomy":"product_cat","embeddable":true,"href":"https:\/\/toystoys.md\/ru\/wp-json\/wp\/v2\/product_cat?post=172967"},{"taxonomy":"product_tag","embeddable":true,"href":"https:\/\/toystoys.md\/ru\/wp-json\/wp\/v2\/product_tag?post=172967"}],"curies":[{"name":"wp","href":"https:\/\/api.w.org\/{rel}","templated":true}]}}