{"id":166445,"date":"2023-11-15T17:30:11","date_gmt":"2023-11-15T15:30:11","guid":{"rendered":"https:\/\/toystoys.md\/shop\/prod_8050038141598_sc64945\/"},"modified":"2024-03-14T14:30:04","modified_gmt":"2024-03-14T12:30:04","slug":"prod_8050038141598_sc64945","status":"publish","type":"product","link":"https:\/\/toystoys.md\/ru\/shop\/prod_8050038141598_sc64945\/","title":{"rendered":"\u0410\u0432\u0442\u043e\u043a\u0440\u0435\u0441\u043b\u043e RECARO Monza Nova 2 Sealfix"},"content":{"rendered":"<p><strong>\u041e\u0441\u043d\u043e\u0432\u043d\u044b\u0435 \u0445\u0430\u0440\u0430\u043a\u0442\u0435\u0440\u0438\u0441\u0442\u0438\u043a\u0438:<\/strong><br \/>\n\u0421\u0435\u0440\u0442\u0438\u0444\u0438\u043a\u0430\u0446\u0438\u044f: \u041e\u041e\u041d R44\/04<br \/>\n\u041e\u0446\u0435\u043d\u043a\u0430 ADAC: 2,0<br \/>\n\u0420\u0435\u043a\u043e\u043c\u0435\u043d\u0434\u0443\u0435\u043c\u044b\u0439 \u0432\u043e\u0437\u0440\u0430\u0441\u0442: \u043e\u0442 3 \u043b\u0435\u0442 \u0434\u043e 12 \u043b\u0435\u0442<br \/>\n\u0420\u0435\u043a\u043e\u043c\u0435\u043d\u0434\u0443\u0435\u043c\u0430\u044f \u0432\u044b\u0441\u043e\u0442\u0430: 100 \u2013 150 \u0441\u043c<br \/>\n\u041c\u0430\u043a\u0441\u0438\u043c\u0430\u043b\u044c\u043d\u043e \u0440\u0430\u0437\u0440\u0435\u0448\u0435\u043d\u043d\u044b\u0439 \u0432\u0435\u0441: 15-36 \u043a\u0433<br \/>\n\u0420\u0435\u0433\u0443\u043b\u0438\u0440\u043e\u0432\u043a\u0430 \u0440\u0435\u043c\u043d\u044f \u0431\u0435\u0437\u043e\u043f\u0430\u0441\u043d\u043e\u0441\u0442\u0438: \u0434\u0430<br \/>\n\u0420\u0435\u0433\u0443\u043b\u0438\u0440\u043e\u0432\u043a\u0430 \u043f\u043e\u0434\u0433\u043e\u043b\u043e\u0432\u043d\u0438\u043a\u0430: \u0434\u0430<br \/>\n\u0420\u0430\u0441\u043f\u043e\u043b\u043e\u0436\u0435\u043d\u0438\u0435: \u043b\u0438\u0446\u043e\u043c \u0432\u043f\u0435\u0440\u0435\u0434: \u043e\u0442 15 \u043a\u0433 (100 \u0441\u043c) \u0434\u043e 36 \u043a\u0433 (150 \u0441\u043c)<br \/>\n\u0423\u0441\u0442\u0430\u043d\u043e\u0432\u043a\u0430: ISOFIX\/\u0440\u0435\u043c\u043d\u0438 \u0431\u0435\u0437\u043e\u043f\u0430\u0441\u043d\u043e\u0441\u0442\u0438<br \/>\n\u0411\u043e\u043a\u043e\u0432\u0430\u044f \u0437\u0430\u0449\u0438\u0442\u0430: \u0434\u0430<br \/>\n\u041f\u043e\u043b\u043e\u0436\u0435\u043d\u0438\u044f \u043d\u0430\u043a\u043b\u043e\u043d\u0430 \u0441\u043f\u0438\u043d\u043a\u0438: \u0434\u0430<br \/>\n\u041e\u043f\u0446\u0438\u0438: \u0437\u0432\u0443\u043a\u043e\u0432\u0430\u044f \u0441\u0438\u0441\u0442\u0435\u043c\u0430<br \/>\n\u0420\u0430\u0437\u043c\u0435\u0440 \u0441\u0438\u0434\u0435\u043d\u044c\u044f: 56 \u0445 45-54 \u0445 67-86 \u0441\u043c<br \/>\n\u0412\u0435\u0441 \u0441\u0438\u0434\u0435\u043d\u044c\u044f: 6,8 \u043a\u0433<\/p>\n<p>&nbsp;<\/p>","protected":false},"excerpt":{"rendered":"<p>Caracteristici generale: Certificare: UN R44\/04 Scor ADAC: 2.0 V\u00e2rsta recomandat\u0103: de la 3 ani pana la 12 ani \u00cen\u0103l\u021bimea recomandat\u0103:<\/p>","protected":false},"featured_media":166560,"comment_status":"closed","ping_status":"closed","template":"..\/public\/views\/revslider-page-template.php","meta":{"_monsterinsights_skip_tracking":false,"_monsterinsights_sitenote_active":false,"_monsterinsights_sitenote_note":"","_monsterinsights_sitenote_category":0},"product_brand":[],"product_cat":[55,1141,174,1097],"product_tag":[],"class_list":{"0":"post-166445","1":"product","2":"type-product","3":"status-publish","4":"has-post-thumbnail","6":"product_cat-toate-produsele","7":"product_cat-produse-pentru-bebelusi","8":"product_cat-calatorii-si-accesorii","9":"product_cat-scaune-auto","11":"first","12":"instock","13":"shipping-taxable","14":"purchasable","15":"product-type-simple"},"_links":{"self":[{"href":"https:\/\/toystoys.md\/ru\/wp-json\/wp\/v2\/product\/166445","targetHints":{"allow":["GET"]}}],"collection":[{"href":"https:\/\/toystoys.md\/ru\/wp-json\/wp\/v2\/product"}],"about":[{"href":"https:\/\/toystoys.md\/ru\/wp-json\/wp\/v2\/types\/product"}],"replies":[{"embeddable":true,"href":"https:\/\/toystoys.md\/ru\/wp-json\/wp\/v2\/comments?post=166445"}],"wp:featuredmedia":[{"embeddable":true,"href":"https:\/\/toystoys.md\/ru\/wp-json\/wp\/v2\/media\/166560"}],"wp:attachment":[{"href":"https:\/\/toystoys.md\/ru\/wp-json\/wp\/v2\/media?parent=166445"}],"wp:term":[{"taxonomy":"product_brand","embeddable":true,"href":"https:\/\/toystoys.md\/ru\/wp-json\/wp\/v2\/product_brand?post=166445"},{"taxonomy":"product_cat","embeddable":true,"href":"https:\/\/toystoys.md\/ru\/wp-json\/wp\/v2\/product_cat?post=166445"},{"taxonomy":"product_tag","embeddable":true,"href":"https:\/\/toystoys.md\/ru\/wp-json\/wp\/v2\/product_tag?post=166445"}],"curies":[{"name":"wp","href":"https:\/\/api.w.org\/{rel}","templated":true}]}}