{"id":162897,"date":"2023-10-17T15:30:24","date_gmt":"2023-10-17T13:30:24","guid":{"rendered":""},"modified":"2023-10-18T15:25:26","modified_gmt":"2023-10-18T13:25:26","slug":"prod_4607186591979_sc89728","status":"publish","type":"product","link":"https:\/\/toystoys.md\/ru\/shop\/prod_4607186591979_sc89728\/","title":{"rendered":"\u042d\u043a\u0441\u043a\u0430\u0432\u0430\u0442\u043e\u0440-\u043a\u043e\u043d\u0441\u0442\u0440\u0443\u043a\u0442\u043e\u0440, \u0437\u0432\u0443\u043a\/\u0441\u0432\u0435\u0442 Funky Toys"},"content":{"rendered":"<p>\u0418\u0433\u0440\u0443\u0448\u043a\u0430 \u043a\u043e\u043d\u0441\u0442\u0440\u0443\u043a\u0442\u043e\u0440 Funky Toys \u042d\u043a\u0441\u043a\u0430\u0432\u0430\u0442\u043e\u0440 \u0438\u0434\u0435\u0430\u043b\u044c\u043d\u0430\u044f \u0438\u0433\u0440\u0443\u0448\u043a\u0430 \u0434\u043b\u044f \u0434\u0435\u0442\u0435\u0439, \u043a\u043e\u0442\u043e\u0440\u044b\u0435 \u043b\u044e\u0431\u044f\u0442 \u0441\u0442\u0440\u043e\u0438\u0442\u0435\u043b\u044c\u043d\u044b\u0435 \u043c\u0430\u0448\u0438\u043d\u044b \u0438 \u0440\u044b\u0442\u044c\u0435. \u042d\u0442\u043e\u0442 \u044d\u043a\u0441\u043a\u0430\u0432\u0430\u0442\u043e\u0440 \u043e\u0441\u043d\u0430\u0449\u0435\u043d \u0440\u0435\u0430\u043b\u0438\u0441\u0442\u0438\u0447\u043d\u044b\u043c\u0438 \u0437\u0432\u0443\u043a\u043e\u0432\u044b\u043c\u0438 \u0438 \u0441\u0432\u0435\u0442\u043e\u0432\u044b\u043c\u0438 \u044d\u0444\u0444\u0435\u043a\u0442\u0430\u043c\u0438, \u043a\u043e\u0442\u043e\u0440\u044b\u0435 \u0434\u043e\u0431\u0430\u0432\u043b\u044f\u044e\u0442 \u0438\u0433\u0440\u0435 \u0431\u043e\u043b\u044c\u0448\u0435 \u0440\u0435\u0430\u043b\u0438\u0437\u043c\u0430.<\/p>\n<p>\u0412\u0430\u0448 \u0440\u0435\u0431\u0435\u043d\u043e\u043a \u0441\u043c\u043e\u0436\u0435\u0442 \u0441\u043e\u0437\u0434\u0430\u0432\u0430\u0442\u044c \u0441\u0432\u043e\u0438 \u0441\u043e\u0431\u0441\u0442\u0432\u0435\u043d\u043d\u044b\u0435 \u0441\u0442\u0440\u043e\u0438\u0442\u0435\u043b\u044c\u043d\u044b\u0435 \u043f\u043b\u043e\u0449\u0430\u0434\u043a\u0438 \u0438 \u043d\u0430\u0441\u043b\u0430\u0436\u0434\u0430\u0442\u044c\u0441\u044f \u0443\u043f\u0440\u0430\u0432\u043b\u0435\u043d\u0438\u0435\u043c \u044d\u043a\u0441\u043a\u0430\u0432\u0430\u0442\u043e\u0440\u043e\u043c. \u0421 \u043f\u043e\u043c\u043e\u0449\u044c\u044e \u044d\u0442\u043e\u0439 \u0438\u0433\u0440\u0443\u0448\u043a\u0438 \u0432\u0430\u0448 \u0440\u0435\u0431\u0435\u043d\u043e\u043a \u0440\u0430\u0437\u043e\u0432\u044c\u0435\u0442 \u0441\u0432\u043e\u0438 \u043c\u043e\u0442\u043e\u0440\u043d\u044b\u0435 \u043d\u0430\u0432\u044b\u043a\u0438 \u0438 \u0432\u043e\u043e\u0431\u0440\u0430\u0436\u0435\u043d\u0438\u0435, \u043f\u0440\u0435\u0434\u0441\u0442\u0430\u0432\u043b\u044f\u044f \u0441\u0435\u0431\u044f \u043d\u0430 \u0441\u0442\u0440\u043e\u0438\u0442\u0435\u043b\u044c\u043d\u043e\u0439 \u043f\u043b\u043e\u0449\u0430\u0434\u043a\u0435, \u0438 \u043f\u043e\u043b\u0443\u0447\u0438\u0442 \u0447\u0430\u0441\u044b \u0432\u0435\u0441\u0435\u043b\u044c\u044f \u0438 \u043f\u0440\u0438\u043a\u043b\u044e\u0447\u0435\u043d\u0438\u0439.<\/p>","protected":false},"excerpt":{"rendered":"<p>Juc\u0103ria constructor Funky Toys Excavator este perfect\u0103 pentru copiii care ador\u0103 ma\u0219inile de construc\u021bii \u0219i s\u0103p\u0103turile. Acest excavator este dotat<\/p>","protected":false},"featured_media":162953,"comment_status":"closed","ping_status":"closed","template":"..\/public\/views\/revslider-page-template.php","meta":{"_monsterinsights_skip_tracking":false,"_monsterinsights_sitenote_active":false,"_monsterinsights_sitenote_note":"","_monsterinsights_sitenote_category":0},"product_brand":[],"product_cat":[55,1137,49,1113,32],"product_tag":[],"class_list":{"0":"post-162897","1":"product","2":"type-product","3":"status-publish","4":"has-post-thumbnail","6":"product_cat-toate-produsele","7":"product_cat-jucarii","8":"product_cat-transport","9":"product_cat-camioane-si-echipament-special","10":"product_cat-info-categorie","12":"first","13":"instock","14":"shipping-taxable","15":"purchasable","16":"product-type-simple"},"_links":{"self":[{"href":"https:\/\/toystoys.md\/ru\/wp-json\/wp\/v2\/product\/162897","targetHints":{"allow":["GET"]}}],"collection":[{"href":"https:\/\/toystoys.md\/ru\/wp-json\/wp\/v2\/product"}],"about":[{"href":"https:\/\/toystoys.md\/ru\/wp-json\/wp\/v2\/types\/product"}],"replies":[{"embeddable":true,"href":"https:\/\/toystoys.md\/ru\/wp-json\/wp\/v2\/comments?post=162897"}],"wp:featuredmedia":[{"embeddable":true,"href":"https:\/\/toystoys.md\/ru\/wp-json\/wp\/v2\/media\/162953"}],"wp:attachment":[{"href":"https:\/\/toystoys.md\/ru\/wp-json\/wp\/v2\/media?parent=162897"}],"wp:term":[{"taxonomy":"product_brand","embeddable":true,"href":"https:\/\/toystoys.md\/ru\/wp-json\/wp\/v2\/product_brand?post=162897"},{"taxonomy":"product_cat","embeddable":true,"href":"https:\/\/toystoys.md\/ru\/wp-json\/wp\/v2\/product_cat?post=162897"},{"taxonomy":"product_tag","embeddable":true,"href":"https:\/\/toystoys.md\/ru\/wp-json\/wp\/v2\/product_tag?post=162897"}],"curies":[{"name":"wp","href":"https:\/\/api.w.org\/{rel}","templated":true}]}}