{"id":162016,"date":"2023-10-11T17:43:25","date_gmt":"2023-10-11T17:43:25","guid":{"rendered":"https:\/\/toystoys.md\/shop\/prod_6943478021556_sc89538\/"},"modified":"2023-10-12T21:53:29","modified_gmt":"2023-10-12T19:53:29","slug":"prod_6943478021556_sc89538","status":"publish","type":"product","link":"https:\/\/toystoys.md\/ru\/shop\/prod_6943478021556_sc89538\/","title":{"rendered":"\u041d\u0430\u0431\u043e\u0440 \u0438\u0433\u0440\u0443\u0448\u0435\u043a \u0434\u043b\u044f \u043a\u0443\u043f\u0430\u043d\u0438\u044f \u041d\u0430\u043a\u043e\u0440\u043c\u0438 \u043b\u044f\u0433\u0443\u0448\u043a\u0443 Hape"},"content":{"rendered":"<p><strong>\u042d\u0442\u0430 \u0441\u0447\u0430\u0441\u0442\u043b\u0438\u0432\u0430\u044f \u043b\u044f\u0433\u0443\u0448\u043a\u0430 \u043b\u044e\u0431\u0438\u0442 \u0435\u0441\u0442\u044c \u0432 \u0432\u0430\u043d\u043d\u0435!<\/strong><\/p>\n<p>\u041a\u043e\u0433\u0434\u0430 \u0434\u0435\u0442\u0438 \u043a\u043e\u0440\u043c\u044f\u0442 \u0435\u0435 \u0438\u0433\u0440\u0443\u0448\u043a\u0430\u043c\u0438 \u0432 \u0444\u043e\u0440\u043c\u0435 \u043d\u0430\u0441\u0435\u043a\u043e\u043c\u044b\u0445, \u043e\u043d\u0438 \u0442\u0430\u043a\u0436\u0435 \u0443\u0437\u043d\u0430\u044e\u0442 \u043e \u043c\u0438\u0440\u0435 \u0438 \u043e \u0444\u043e\u0440\u043c\u0430\u0445.<\/p>\n<p>\u041c\u043e\u0436\u043d\u043e \u0438\u0441\u043f\u043e\u043b\u044c\u0437\u043e\u0432\u0430\u0442\u044c \u0434\u043b\u044f \u0445\u0440\u0430\u043d\u0435\u043d\u0438\u044f \u0434\u0440\u0443\u0433\u0438\u0445 \u0438\u0433\u0440\u0443\u0448\u0435\u043a \u0434\u043b\u044f \u0432\u0430\u043d\u043d\u044b, \u043a \u043b\u044f\u0433\u0443\u0448\u043a\u0435 \u043a\u0440\u0435\u043f\u0438\u0442\u044c\u0441\u044f \u0441\u0435\u0442\u043e\u0447\u043a\u0430 \u0438 \u0438\u0433\u0440\u0443\u0448\u043a\u0438 \u043d\u0438\u0433\u0434\u0435 \u043d\u0435 \u0431\u0443\u0434\u0443\u0442 \u0440\u0430\u0437\u0431\u0440\u043e\u0441\u0430\u043d\u044b.<\/p>\n<p>\u0412 \u043d\u0430\u0431\u043e\u0440\u0435 6 \u044d\u043b\u0435\u043c\u0435\u043d\u0442\u043e\u0432: \u043b\u044f\u0433\u0443\u0448\u043e\u043d\u043e\u043a, 4 \u0440\u0430\u0437\u043b\u0438\u0447\u043d\u044b\u0435 \u0444\u0438\u0433\u0443\u0440\u043a\u0438 \u0438 \u043c\u0435\u0448\u043e\u0447\u0435\u043a \u0434\u043b\u044f \u0445\u0440\u0430\u043d\u0435\u043d\u0438\u044f \u0432 \u0441\u0430\u043c\u043e\u043c \u043b\u044f\u0433\u0443\u0448\u043e\u043d\u043a\u0435.<\/p>","protected":false},"excerpt":{"rendered":"<p>Aceast\u0103 broasc\u0103 vesel\u0103 \u00eei place s\u0103 m\u0103n\u00e2nce \u00een cad\u0103! C\u00e2nd copiii o hr\u0103nesc cu juc\u0103rii \u00een form\u0103 de insecte, ei<\/p>","protected":false},"featured_media":162196,"comment_status":"closed","ping_status":"closed","template":"..\/public\/views\/revslider-page-template.php","meta":{"_monsterinsights_skip_tracking":false,"_monsterinsights_sitenote_active":false,"_monsterinsights_sitenote_note":"","_monsterinsights_sitenote_category":0},"product_brand":[],"product_cat":[55,1137,36,1136,40],"product_tag":[],"class_list":{"0":"post-162016","1":"product","2":"type-product","3":"status-publish","4":"has-post-thumbnail","6":"product_cat-toate-produsele","7":"product_cat-jucarii","8":"product_cat-jucarii-pentru-bebelusi","9":"product_cat-jucarii-de-dezvoltare","10":"product_cat-jucarii-in-camera-de-baie","12":"first","13":"instock","14":"shipping-taxable","15":"purchasable","16":"product-type-simple"},"_links":{"self":[{"href":"https:\/\/toystoys.md\/ru\/wp-json\/wp\/v2\/product\/162016","targetHints":{"allow":["GET"]}}],"collection":[{"href":"https:\/\/toystoys.md\/ru\/wp-json\/wp\/v2\/product"}],"about":[{"href":"https:\/\/toystoys.md\/ru\/wp-json\/wp\/v2\/types\/product"}],"replies":[{"embeddable":true,"href":"https:\/\/toystoys.md\/ru\/wp-json\/wp\/v2\/comments?post=162016"}],"wp:featuredmedia":[{"embeddable":true,"href":"https:\/\/toystoys.md\/ru\/wp-json\/wp\/v2\/media\/162196"}],"wp:attachment":[{"href":"https:\/\/toystoys.md\/ru\/wp-json\/wp\/v2\/media?parent=162016"}],"wp:term":[{"taxonomy":"product_brand","embeddable":true,"href":"https:\/\/toystoys.md\/ru\/wp-json\/wp\/v2\/product_brand?post=162016"},{"taxonomy":"product_cat","embeddable":true,"href":"https:\/\/toystoys.md\/ru\/wp-json\/wp\/v2\/product_cat?post=162016"},{"taxonomy":"product_tag","embeddable":true,"href":"https:\/\/toystoys.md\/ru\/wp-json\/wp\/v2\/product_tag?post=162016"}],"curies":[{"name":"wp","href":"https:\/\/api.w.org\/{rel}","templated":true}]}}