{"id":161315,"date":"2023-10-08T14:35:43","date_gmt":"2023-10-08T14:35:43","guid":{"rendered":""},"modified":"2025-11-17T11:03:27","modified_gmt":"2025-11-17T09:03:27","slug":"prod_4063846054633_sc89485","status":"publish","type":"product","link":"https:\/\/toystoys.md\/ru\/shop\/prod_4063846054633_sc89485\/","title":{"rendered":"Adapter Beezy pentru scaune auto CYBEX"},"content":{"rendered":"<div class=\"product info detailed\">\n<div class=\"product data items\" role=\"tablist\">\n<div id=\"description\" class=\"data item content\" role=\"tabpanel\" data-role=\"content\" aria-labelledby=\"tab-label-description\" aria-hidden=\"false\">\n<div class=\"product attribute description\">\n<div class=\"value\">\n<p>Setul de adaptoare concepute special pentru c\u0103rucioarele Cybex Gold Beezy fac \u0219i mai u\u0219oar\u0103 c\u0103l\u0103toria al\u0103turi de bebelu\u0219ul t\u0103u. Cu ajutorul lor, montarea scoicilor din gama Cybex Aton \u0219i unele scoici Gb devine o joac\u0103 de copii.<\/p>\n<p><strong>\u0425\u0430\u0440\u0430\u043a\u0442\u0435\u0440\u0438\u0441\u0442\u0438\u043a\u0438 \u0442\u043e\u0432\u0430\u0440\u0430:<\/strong><\/p>\n<p>Culoare: Negru<br \/>\nTip accesoriu: Adaptor scaun auto<br \/>\n\u041c\u0430\u0442\u0435\u0440\u0438\u0430\u043b: \u041f\u043b\u0430\u0441\u0442\u0438\u043a<br \/>\nProduc\u0103tor: Cybex<\/p>\n<\/div>\n<\/div>\n<\/div>\n<\/div>\n<\/div>","protected":false},"excerpt":{"rendered":"<p>Setul de adaptoare concepute special pentru c\u0103rucioarele Cybex Gold Beezy fac \u0219i mai u\u0219oar\u0103 c\u0103l\u0103toria al\u0103turi de bebelu\u0219ul t\u0103u. Cu<\/p>","protected":false},"featured_media":161387,"comment_status":"closed","ping_status":"closed","template":"","meta":{"_monsterinsights_skip_tracking":false,"_monsterinsights_sitenote_active":false,"_monsterinsights_sitenote_note":"","_monsterinsights_sitenote_category":0},"product_brand":[],"product_cat":[55,1141,174,53],"product_tag":[],"class_list":{"0":"post-161315","1":"product","2":"type-product","3":"status-publish","4":"has-post-thumbnail","6":"product_cat-toate-produsele","7":"product_cat-produse-pentru-bebelusi","8":"product_cat-calatorii-si-accesorii","9":"product_cat-carucioare-siguranta","11":"first","12":"outofstock","13":"shipping-taxable","14":"purchasable","15":"product-type-simple"},"_links":{"self":[{"href":"https:\/\/toystoys.md\/ru\/wp-json\/wp\/v2\/product\/161315","targetHints":{"allow":["GET"]}}],"collection":[{"href":"https:\/\/toystoys.md\/ru\/wp-json\/wp\/v2\/product"}],"about":[{"href":"https:\/\/toystoys.md\/ru\/wp-json\/wp\/v2\/types\/product"}],"replies":[{"embeddable":true,"href":"https:\/\/toystoys.md\/ru\/wp-json\/wp\/v2\/comments?post=161315"}],"wp:featuredmedia":[{"embeddable":true,"href":"https:\/\/toystoys.md\/ru\/wp-json\/wp\/v2\/media\/161387"}],"wp:attachment":[{"href":"https:\/\/toystoys.md\/ru\/wp-json\/wp\/v2\/media?parent=161315"}],"wp:term":[{"taxonomy":"product_brand","embeddable":true,"href":"https:\/\/toystoys.md\/ru\/wp-json\/wp\/v2\/product_brand?post=161315"},{"taxonomy":"product_cat","embeddable":true,"href":"https:\/\/toystoys.md\/ru\/wp-json\/wp\/v2\/product_cat?post=161315"},{"taxonomy":"product_tag","embeddable":true,"href":"https:\/\/toystoys.md\/ru\/wp-json\/wp\/v2\/product_tag?post=161315"}],"curies":[{"name":"wp","href":"https:\/\/api.w.org\/{rel}","templated":true}]}}