{"id":160901,"date":"2023-10-03T18:40:10","date_gmt":"2023-10-03T16:40:10","guid":{"rendered":""},"modified":"2023-10-06T22:42:50","modified_gmt":"2023-10-06T20:42:50","slug":"prod_778988501818_sc89361","status":"publish","type":"product","link":"https:\/\/toystoys.md\/ru\/shop\/prod_778988501818_sc89361\/","title":{"rendered":"\u041a\u0443\u0431\u0438\u043a \u0440\u0443\u0431\u0438\u043a Disney \u041f\u043b\u0430\u0442\u0438\u043d\u0443\u043c 3\u00d73"},"content":{"rendered":"<p>\u041e\u0442\u043c\u0435\u0447\u0430\u044f 100-\u043b\u0435\u0442\u0438\u0435, Disney \u0432 \u0441\u043e\u0442\u0440\u0443\u0434\u043d\u0438\u0447\u0435\u0441\u0442\u0432\u0435 \u0441 Rubik\u2019s \u043f\u0440\u0435\u0434\u0441\u0442\u0430\u0432\u0438\u043b\u0430 \u0432\u0430\u043c \u043a\u0443\u0431\u0438\u043a \u0420\u0443\u0431\u0438\u043a Disney 100. \u041a\u043b\u0430\u0441\u0441\u0438\u0447\u0435\u0441\u043a\u0438\u0439 \u043a\u0443\u0431\u0438\u043a 3x3 \u0438\u043c\u0435\u0435\u0442 \u043f\u043b\u0430\u0442\u0438\u043d\u043e\u0432\u0443\u044e \u043e\u0442\u0434\u0435\u043b\u043a\u0443 \u0438 \u0443\u043a\u0440\u0430\u0448\u0435\u043d \u0438\u0437\u043e\u0431\u0440\u0430\u0436\u0435\u043d\u0438\u044f\u043c\u0438 \u043a\u043b\u0430\u0441\u0441\u0438\u0447\u0435\u0441\u043a\u0438\u0445 \u0438 \u0441\u043e\u0432\u0440\u0435\u043c\u0435\u043d\u043d\u044b\u0445 \u043f\u0435\u0440\u0441\u043e\u043d\u0430\u0436\u0435\u0439 \u0414\u0438\u0441\u043d\u0435\u044f \u0438\u0437 \u0432\u0430\u0448\u0438\u0445 \u043b\u044e\u0431\u0438\u043c\u044b\u0445 \u0444\u0438\u043b\u044c\u043c\u043e\u0432.<\/p>","protected":false},"excerpt":{"rendered":"<p>S\u0103rb\u0103torind cea de-a 100-a aniversare, Disney a \u00eencheiat un parteneriat cu Rubik&#8217;s pentru a v\u0103 aduce Disney 100 Rubik&#8217;s Cube.<\/p>","protected":false},"featured_media":160947,"comment_status":"closed","ping_status":"closed","template":"..\/public\/views\/revslider-page-template.php","meta":{"_monsterinsights_skip_tracking":false,"_monsterinsights_sitenote_active":false,"_monsterinsights_sitenote_note":"","_monsterinsights_sitenote_category":0},"product_brand":[],"product_cat":[55,1137,44],"product_tag":[],"class_list":{"0":"post-160901","1":"product","2":"type-product","3":"status-publish","4":"has-post-thumbnail","6":"product_cat-toate-produsele","7":"product_cat-jucarii","8":"product_cat-jucarii-educative","10":"first","11":"instock","12":"shipping-taxable","13":"purchasable","14":"product-type-simple"},"_links":{"self":[{"href":"https:\/\/toystoys.md\/ru\/wp-json\/wp\/v2\/product\/160901","targetHints":{"allow":["GET"]}}],"collection":[{"href":"https:\/\/toystoys.md\/ru\/wp-json\/wp\/v2\/product"}],"about":[{"href":"https:\/\/toystoys.md\/ru\/wp-json\/wp\/v2\/types\/product"}],"replies":[{"embeddable":true,"href":"https:\/\/toystoys.md\/ru\/wp-json\/wp\/v2\/comments?post=160901"}],"wp:featuredmedia":[{"embeddable":true,"href":"https:\/\/toystoys.md\/ru\/wp-json\/wp\/v2\/media\/160947"}],"wp:attachment":[{"href":"https:\/\/toystoys.md\/ru\/wp-json\/wp\/v2\/media?parent=160901"}],"wp:term":[{"taxonomy":"product_brand","embeddable":true,"href":"https:\/\/toystoys.md\/ru\/wp-json\/wp\/v2\/product_brand?post=160901"},{"taxonomy":"product_cat","embeddable":true,"href":"https:\/\/toystoys.md\/ru\/wp-json\/wp\/v2\/product_cat?post=160901"},{"taxonomy":"product_tag","embeddable":true,"href":"https:\/\/toystoys.md\/ru\/wp-json\/wp\/v2\/product_tag?post=160901"}],"curies":[{"name":"wp","href":"https:\/\/api.w.org\/{rel}","templated":true}]}}