{"id":160826,"date":"2023-10-03T09:53:44","date_gmt":"2023-10-03T07:53:44","guid":{"rendered":""},"modified":"2023-10-06T22:44:40","modified_gmt":"2023-10-06T20:44:40","slug":"prod_000772005111_sc89297","status":"publish","type":"product","link":"https:\/\/toystoys.md\/ru\/shop\/prod_000772005111_sc89297\/","title":{"rendered":"\u0414\u0435\u0440\u0435\u0432\u044f\u043d\u043d\u044b\u0439 \u043d\u0430\u0431\u043e\u0440 \u2013 \u0422\u043e\u0440\u0442 \u043d\u0430 \u0434\u0435\u043d\u044c \u0440\u043e\u0436\u0434\u0435\u043d\u0438\u044f Melissa and Doug"},"content":{"rendered":"<pre id=\"tw-target-text\" class=\"tw-data-text tw-text-large tw-ta\" dir=\"ltr\" data-placeholder=\"\u041f\u0435\u0440\u0435\u0432\u043e\u0434\" data-ved=\"2ahUKEwicsqL3kNeBAxU0_7sIHXjsAhoQ3ewLegQIDBAQ\"><span class=\"Y2IQFc\" lang=\"ro\">\u0411\u043b\u0430\u0433\u043e\u0434\u0430\u0440\u044f \u044d\u0442\u043e\u0439 \u0438\u0433\u0440\u0443\u0448\u043a\u0435 \u0443 \u0412\u0430\u0448\u0435\u0433\u043e \u0440\u0435\u0431\u0435\u043d\u043a\u0430 \u043a\u0430\u0436\u0434\u044b\u0439 \u0434\u0435\u043d\u044c \u0431\u0443\u0434\u0435\u0442 \u0432\u0435\u0441\u0435\u043b\u044b\u043c \u0434\u043d\u0435\u043c \u0440\u043e\u0436\u0434\u0435\u043d\u0438\u044f! \u0412 \u043d\u0430\u0431\u043e\u0440 \u0432\u0445\u043e\u0434\u0438\u0442 34 \u044d\u043b\u0435\u043c\u0435\u043d\u0442\u0430 \u2013 \u043d\u0430\u0440\u0435\u0437\u0430\u043d\u043d\u044b\u0439 \u043d\u0430 6 \u043a\u0443\u0441\u043e\u0447\u043a\u043e\u0432 \u0442\u043e\u0440\u0442, \u0441\u044a\u0435\u043c\u043d\u044b\u0435 \u0441\u0432\u0435\u0447\u043a\u0438 \u0438 \u0440\u0430\u0437\u043d\u043e\u043e\u0431\u0440\u0430\u0437\u043d\u044b\u0435 \u0432\u0435\u0440\u0445\u0443\u0448\u043a\u0438, \u0430 \u0442\u0430\u043a\u0436\u0435 \u043f\u043e\u0434\u043d\u043e\u0441 \u0438 \u043a\u0443\u0445\u043e\u043d\u043d\u0430\u044f \u043b\u043e\u043f\u0430\u0442\u043a\u0430. \u0412\u0441\u0435 \u044d\u0442\u0438 \u044d\u043b\u0435\u043c\u0435\u043d\u0442\u044b \u0445\u0440\u0430\u043d\u044f\u0442\u0441\u044f \u0432 \u0443\u0434\u043e\u0431\u043d\u043e\u043c \u0434\u0435\u0440\u0435\u0432\u044f\u043d\u043d\u043e\u043c \u044f\u0449\u0438\u0447\u043a\u0435. \u041a\u0440\u043e\u043c\u0435 \u0442\u043e\u0433\u043e, \u0442\u043e\u0440\u0442 \u0438\u0437\u0434\u0430\u0435\u0442 \u0445\u0440\u0443\u0441\u0442\u044f\u0449\u0438\u0435 \u0437\u0432\u0443\u043a\u0438 \u043f\u0440\u0438 \u043d\u0430\u0440\u0435\u0437\u0430\u043d\u0438\u0438!<\/span><\/pre>","protected":false},"excerpt":{"rendered":"<p>Datorit\u0103 acestei juc\u0103rii, copilul t\u0103u va avea o zi de na\u0219tere distractiv\u0103 \u00een fiecare zi! Setul include 34 de piese<\/p>","protected":false},"featured_media":160841,"comment_status":"closed","ping_status":"closed","template":"..\/public\/views\/revslider-page-template.php","meta":{"_monsterinsights_skip_tracking":false,"_monsterinsights_sitenote_active":false,"_monsterinsights_sitenote_note":"","_monsterinsights_sitenote_category":0},"product_brand":[],"product_cat":[55,1137,45,1122],"product_tag":[],"class_list":{"0":"post-160826","1":"product","2":"type-product","3":"status-publish","4":"has-post-thumbnail","6":"product_cat-toate-produsele","7":"product_cat-jucarii","8":"product_cat-jucarii-pe-tematici","9":"product_cat-totul-pentru-bucatarie","11":"first","12":"instock","13":"shipping-taxable","14":"purchasable","15":"product-type-simple"},"_links":{"self":[{"href":"https:\/\/toystoys.md\/ru\/wp-json\/wp\/v2\/product\/160826","targetHints":{"allow":["GET"]}}],"collection":[{"href":"https:\/\/toystoys.md\/ru\/wp-json\/wp\/v2\/product"}],"about":[{"href":"https:\/\/toystoys.md\/ru\/wp-json\/wp\/v2\/types\/product"}],"replies":[{"embeddable":true,"href":"https:\/\/toystoys.md\/ru\/wp-json\/wp\/v2\/comments?post=160826"}],"wp:featuredmedia":[{"embeddable":true,"href":"https:\/\/toystoys.md\/ru\/wp-json\/wp\/v2\/media\/160841"}],"wp:attachment":[{"href":"https:\/\/toystoys.md\/ru\/wp-json\/wp\/v2\/media?parent=160826"}],"wp:term":[{"taxonomy":"product_brand","embeddable":true,"href":"https:\/\/toystoys.md\/ru\/wp-json\/wp\/v2\/product_brand?post=160826"},{"taxonomy":"product_cat","embeddable":true,"href":"https:\/\/toystoys.md\/ru\/wp-json\/wp\/v2\/product_cat?post=160826"},{"taxonomy":"product_tag","embeddable":true,"href":"https:\/\/toystoys.md\/ru\/wp-json\/wp\/v2\/product_tag?post=160826"}],"curies":[{"name":"wp","href":"https:\/\/api.w.org\/{rel}","templated":true}]}}