{"id":159238,"date":"2023-09-08T19:54:13","date_gmt":"2023-09-08T19:54:13","guid":{"rendered":"https:\/\/toystoys.md\/shop\/prod_5900516402358_sc88804\/"},"modified":"2023-09-08T19:23:59","modified_gmt":"2023-09-08T17:23:59","slug":"prod_5900516402358_sc88804","status":"publish","type":"product","link":"https:\/\/toystoys.md\/ru\/shop\/prod_5900516402358_sc88804\/","title":{"rendered":"Bella dischete mamare \u041c\u0410\u041c\u041c\u0410 60 buc"},"content":{"rendered":"<p>Absorbantele pentru san Bella Mamma sunt potrivite \u00een mod ideal pentru forma s\u00e2nului, protejeaz\u0103 \u00eempotriva scurgerilor de lapte \u0219i murd\u0103riei lenjeriei.<\/p>\n<p>C\u0103ptu\u0219elile de unic\u0103 folosin\u021b\u0103 sunt din bumbac natural \u0219i sunt echipate cu un velcro special care v\u0103 permite s\u0103 le ata\u0219a\u021bi de sutien.<\/p>\n<p>Stratul exterior este realizat dintr-un material care permite trecerea aerului, ceea ce asigur\u0103 usc\u0103ciunea \u0219i reduce semnificativ riscul de durere a mameloanelor. Tamponul moale absoarbe excesul de lapte.<\/p>\n<p>Forma anatomic\u0103 a inlay-urilor ofer\u0103 o senza\u021bie excelent\u0103 de confort \u00een timpul utiliz\u0103rii.<\/p>","protected":false},"excerpt":{"rendered":"<p>Absorbantele pentru san Bella Mamma sunt potrivite \u00een mod ideal pentru forma s\u00e2nului, protejeaz\u0103 \u00eempotriva scurgerilor de lapte \u0219i murd\u0103riei<\/p>","protected":false},"featured_media":159272,"comment_status":"closed","ping_status":"closed","template":"","meta":{"_monsterinsights_skip_tracking":false,"_monsterinsights_sitenote_active":false,"_monsterinsights_sitenote_note":"","_monsterinsights_sitenote_category":0},"product_brand":[],"product_cat":[55,50,1138],"product_tag":[],"class_list":{"0":"post-159238","1":"product","2":"type-product","3":"status-publish","4":"has-post-thumbnail","6":"product_cat-toate-produsele","7":"product_cat-iginina","8":"product_cat-accesorii-pentru-mama","10":"first","11":"instock","12":"shipping-taxable","13":"purchasable","14":"product-type-simple"},"_links":{"self":[{"href":"https:\/\/toystoys.md\/ru\/wp-json\/wp\/v2\/product\/159238","targetHints":{"allow":["GET"]}}],"collection":[{"href":"https:\/\/toystoys.md\/ru\/wp-json\/wp\/v2\/product"}],"about":[{"href":"https:\/\/toystoys.md\/ru\/wp-json\/wp\/v2\/types\/product"}],"replies":[{"embeddable":true,"href":"https:\/\/toystoys.md\/ru\/wp-json\/wp\/v2\/comments?post=159238"}],"wp:featuredmedia":[{"embeddable":true,"href":"https:\/\/toystoys.md\/ru\/wp-json\/wp\/v2\/media\/159272"}],"wp:attachment":[{"href":"https:\/\/toystoys.md\/ru\/wp-json\/wp\/v2\/media?parent=159238"}],"wp:term":[{"taxonomy":"product_brand","embeddable":true,"href":"https:\/\/toystoys.md\/ru\/wp-json\/wp\/v2\/product_brand?post=159238"},{"taxonomy":"product_cat","embeddable":true,"href":"https:\/\/toystoys.md\/ru\/wp-json\/wp\/v2\/product_cat?post=159238"},{"taxonomy":"product_tag","embeddable":true,"href":"https:\/\/toystoys.md\/ru\/wp-json\/wp\/v2\/product_tag?post=159238"}],"curies":[{"name":"wp","href":"https:\/\/api.w.org\/{rel}","templated":true}]}}