{"id":159237,"date":"2023-09-08T19:54:10","date_gmt":"2023-09-08T19:54:10","guid":{"rendered":"https:\/\/toystoys.md\/shop\/prod_5900516422097_sc88794\/"},"modified":"2025-01-01T22:49:20","modified_gmt":"2025-01-01T20:49:20","slug":"prod_5900516422097_sc88794","status":"publish","type":"product","link":"https:\/\/toystoys.md\/ru\/shop\/prod_5900516422097_sc88794\/","title":{"rendered":"Servetele umede Bella Baby Happy Almond and Olive 64 buc"},"content":{"rendered":"<p>\u0218erve\u021belele umede Bella Baby Happy sunt un produs indispensabil \u00een fiecare cas\u0103 \u00een care exist\u0103 un bebelu\u0219. \u0218erve\u021bele cur\u0103\u021b\u0103 perfect \u0219i \u00eemprosp\u0103teaz\u0103 pielea sensibil\u0103, \u00een timp ce o hidrateaz\u0103 \u0219i o hr\u0103nesc. Fabricat din material ne\u021besut bl\u00e2nd care nu provoac\u0103 irita\u021bii.<\/p>\n<p>\u0218erve\u021belele umede sunt un instrument excelent care v\u0103 permite s\u0103 cur\u0103\u021ba\u021bi rapid pielea bebelu\u0219ului, de exemplu, \u00een timpul \u00eembr\u0103c\u0103rii sau a jocului. Con\u021bin frunze de m\u0103slin \u0219i extract de migdale, datorit\u0103 c\u0103rora hr\u0103nesc \u0219i hidrateaz\u0103 pielea copiilor.<\/p>","protected":false},"excerpt":{"rendered":"<p>\u0218erve\u021belele umede Bella Baby Happy sunt un produs indispensabil \u00een fiecare cas\u0103 \u00een care exist\u0103 un bebelu\u0219. \u0218erve\u021bele cur\u0103\u021b\u0103 perfect<\/p>","protected":false},"featured_media":159275,"comment_status":"closed","ping_status":"closed","template":"..\/public\/views\/revslider-page-template.php","meta":{"_monsterinsights_skip_tracking":false,"_monsterinsights_sitenote_active":false,"_monsterinsights_sitenote_note":"","_monsterinsights_sitenote_category":0},"product_brand":[],"product_cat":[55,1141,50,319],"product_tag":[],"class_list":{"0":"post-159237","1":"product","2":"type-product","3":"status-publish","4":"has-post-thumbnail","6":"product_cat-toate-produsele","7":"product_cat-produse-pentru-bebelusi","8":"product_cat-iginina","9":"product_cat-servetele-umede","11":"first","12":"instock","13":"shipping-taxable","14":"purchasable","15":"product-type-simple"},"_links":{"self":[{"href":"https:\/\/toystoys.md\/ru\/wp-json\/wp\/v2\/product\/159237","targetHints":{"allow":["GET"]}}],"collection":[{"href":"https:\/\/toystoys.md\/ru\/wp-json\/wp\/v2\/product"}],"about":[{"href":"https:\/\/toystoys.md\/ru\/wp-json\/wp\/v2\/types\/product"}],"replies":[{"embeddable":true,"href":"https:\/\/toystoys.md\/ru\/wp-json\/wp\/v2\/comments?post=159237"}],"wp:featuredmedia":[{"embeddable":true,"href":"https:\/\/toystoys.md\/ru\/wp-json\/wp\/v2\/media\/159275"}],"wp:attachment":[{"href":"https:\/\/toystoys.md\/ru\/wp-json\/wp\/v2\/media?parent=159237"}],"wp:term":[{"taxonomy":"product_brand","embeddable":true,"href":"https:\/\/toystoys.md\/ru\/wp-json\/wp\/v2\/product_brand?post=159237"},{"taxonomy":"product_cat","embeddable":true,"href":"https:\/\/toystoys.md\/ru\/wp-json\/wp\/v2\/product_cat?post=159237"},{"taxonomy":"product_tag","embeddable":true,"href":"https:\/\/toystoys.md\/ru\/wp-json\/wp\/v2\/product_tag?post=159237"}],"curies":[{"name":"wp","href":"https:\/\/api.w.org\/{rel}","templated":true}]}}