{"id":159236,"date":"2023-09-08T19:54:06","date_gmt":"2023-09-08T19:54:06","guid":{"rendered":"https:\/\/toystoys.md\/shop\/prod_5900516698881_sc88787\/"},"modified":"2023-09-08T19:26:26","modified_gmt":"2023-09-08T17:26:26","slug":"prod_5900516698881_sc88787","status":"publish","type":"product","link":"https:\/\/toystoys.md\/ru\/shop\/prod_5900516698881_sc88787\/","title":{"rendered":"Pelinci absorbante igienice p\/u copii Panda Basic 60*60 30 buc"},"content":{"rendered":"<p>Pelincile de unica folosinta Panda sunt fabricate din fibr\u0103 moale, pl\u0103cut\u0103 la atingere.<\/p>\n<p>\u0425\u0430\u0440\u0430\u043a\u0442\u0435\u0440\u0438\u0441\u0442\u0438\u043a\u0438:<\/p>\n<p>Partea exterioar\u0103 a pelincii este protejat\u0103 de o p\u00e2nz\u0103 impermeabil\u0103. Acestea ofer\u0103 o protec\u021bie perfect\u0103 pentru copil la schimbarea scutecelor &#8211; mai ales atunci c\u00e2nd c\u0103l\u0103tore\u0219te sau la plimbare. De asemenea, serve\u0219te ca protec\u021bie suplimentar\u0103 \u00eentr-un p\u0103tu\u021b. Dac\u0103 pelinca nu se murd\u0103re\u0219te, poate fi folosit \u00een mod repetat. Acestea asigur\u0103 o protec\u021bie ideal\u0103 \u00eempotriva contamin\u0103rii \u00een timpul schimb\u0103rii scutecului.<\/p>\n<p>Dimensiune pelinica de unica folosinta: 60 \u00d7 60 cm.<\/p>","protected":false},"excerpt":{"rendered":"<p>Pelincile de unica folosinta Panda sunt fabricate din fibr\u0103 moale, pl\u0103cut\u0103 la atingere. Propriet\u0103\u021bi: Partea exterioar\u0103 a pelincii este protejat\u0103<\/p>","protected":false},"featured_media":159277,"comment_status":"closed","ping_status":"closed","template":"","meta":{"_monsterinsights_skip_tracking":false,"_monsterinsights_sitenote_active":false,"_monsterinsights_sitenote_note":"","_monsterinsights_sitenote_category":0},"product_brand":[],"product_cat":[55,1141,50,1106],"product_tag":[],"class_list":{"0":"post-159236","1":"product","2":"type-product","3":"status-publish","4":"has-post-thumbnail","6":"product_cat-toate-produsele","7":"product_cat-produse-pentru-bebelusi","8":"product_cat-iginina","9":"product_cat-accesorii-pentru-bebelusi","11":"first","12":"instock","13":"shipping-taxable","14":"purchasable","15":"product-type-simple"},"_links":{"self":[{"href":"https:\/\/toystoys.md\/ru\/wp-json\/wp\/v2\/product\/159236","targetHints":{"allow":["GET"]}}],"collection":[{"href":"https:\/\/toystoys.md\/ru\/wp-json\/wp\/v2\/product"}],"about":[{"href":"https:\/\/toystoys.md\/ru\/wp-json\/wp\/v2\/types\/product"}],"replies":[{"embeddable":true,"href":"https:\/\/toystoys.md\/ru\/wp-json\/wp\/v2\/comments?post=159236"}],"wp:featuredmedia":[{"embeddable":true,"href":"https:\/\/toystoys.md\/ru\/wp-json\/wp\/v2\/media\/159277"}],"wp:attachment":[{"href":"https:\/\/toystoys.md\/ru\/wp-json\/wp\/v2\/media?parent=159236"}],"wp:term":[{"taxonomy":"product_brand","embeddable":true,"href":"https:\/\/toystoys.md\/ru\/wp-json\/wp\/v2\/product_brand?post=159236"},{"taxonomy":"product_cat","embeddable":true,"href":"https:\/\/toystoys.md\/ru\/wp-json\/wp\/v2\/product_cat?post=159236"},{"taxonomy":"product_tag","embeddable":true,"href":"https:\/\/toystoys.md\/ru\/wp-json\/wp\/v2\/product_tag?post=159236"}],"curies":[{"name":"wp","href":"https:\/\/api.w.org\/{rel}","templated":true}]}}