{"id":159233,"date":"2023-09-08T19:53:57","date_gmt":"2023-09-08T19:53:57","guid":{"rendered":"https:\/\/toystoys.md\/shop\/prod_5029053583235_sc88939\/"},"modified":"2026-03-23T17:32:48","modified_gmt":"2026-03-23T15:32:48","slug":"prod_5029053583235_sc88939","status":"publish","type":"product","link":"https:\/\/toystoys.md\/ru\/shop\/prod_5029053583235_sc88939\/","title":{"rendered":"\u041f\u043e\u0434\u0433\u0443\u0437\u043d\u0438\u043a\u0438 Huggies Extra Care 1 (2-5 \u043a\u0433) 22 \u0448\u0442"},"content":{"rendered":"<p>Scutecele Huggies Extra Care sunt urm\u0103toarea genera\u021bie a bine-cunoscutelor \u0219i \u00eendr\u0103gitelor scutece premium Huggies Elite Soft. Acestea sunt concepute \u021bin\u00e2nd cont de pielea delicat\u0103 a nou-n\u0103scu\u021bilor, care este de 3 ori mai sub\u021bire \u0219i mai sensibil\u0103 dec\u00e2t pielea adul\u021bilor. Scutecele Huggies Extra Care sunt aprobate de dermatologi \u0219i sunt potrivite pentru pielea predispus\u0103 la irita\u021bii.<\/p>\n<p>\u00cen plus, scutecele Huggies Extra Care actualizate sunt \u0219i mai moi* \u0219i au acum 2 zone absorbante speciale:<\/p>\n<ul>\n<li>tampoane moi \u00een partea din fa\u021b\u0103 care absorb umezeala \u00een c\u00e2teva secunde<\/li>\n<li>o zon\u0103 absorbant\u0103 special\u0103 \u00een partea din spate pentru scaunul lichid, care acum absoarbe \u0219i re\u021bine \u0219i mai bine scaunul lichid*.<\/li>\n<\/ul>\n<p>Scutecele Huggies Extra Care au grij\u0103 de pielea delicat\u0103 a bebelu\u0219ului dumneavoastr\u0103 \u0219i sunt potrivite at\u00e2t pentru b\u0103ie\u021bi, c\u00e2t \u0219i pentru fete. Fiecare pachet are modele Disney unice \u0219i colorate, cu personaje din desenele animate Winnie the Pooh.<\/p>\n<p>Caracteristicile noilor scutece Huggies Extra Care:<\/p>\n<ul>\n<li>au 2 zone absorbante speciale: tampoane moi \u00een partea din fa\u021b\u0103 \u0219i o zon\u0103 pentru scaune lichide \u00een spate<\/li>\n<li>sunt confec\u021bionate cu materiale foarte moi la interior \u0219i la exterior pentru pielea delicat\u0103 a bebelu\u0219ului.<\/li>\n<li>\u00eengrijire a pielii 4 \u00een 1: moale, respirabil, absorbant \u0219i hipoalergenic.<\/li>\n<li>talie elastic\u0103 moale, ajut\u0103 la evitarea semnelor ro\u0219ii \u0219i a irita\u021biilor pe pielea delicat\u0103 a bebelu\u0219ului.<\/li>\n<li>stratul interior cu canale absorbante absoarbe \u0219i distribuie uniform umezeala, astfel \u00eenc\u00e2t scutecul nu se las\u0103 s\u0103 cad\u0103.<\/li>\n<li>materialele poroase permit pielii s\u0103 respire, datorit\u0103 miilor de micropori care asigur\u0103 respirabilitatea scutecului.<\/li>\n<li>indicatorul de umezeal\u0103 v\u0103 spune c\u00e2nd este timpul s\u0103 schimba\u021bi scutecul.<\/li>\n<\/ul>\n<p>Huggies, suntem al\u0103turi de tine, drag\u0103!<\/p>","protected":false},"excerpt":{"rendered":"<p>Scutecele Huggies Extra Care sunt urm\u0103toarea genera\u021bie a bine-cunoscutelor \u0219i \u00eendr\u0103gitelor scutece premium Huggies Elite Soft. Acestea sunt concepute \u021bin\u00e2nd<\/p>","protected":false},"featured_media":166411,"comment_status":"closed","ping_status":"closed","template":"","meta":{"_monsterinsights_skip_tracking":false,"_monsterinsights_sitenote_active":false,"_monsterinsights_sitenote_note":"","_monsterinsights_sitenote_category":0},"product_brand":[],"product_cat":[55,1141,50,317],"product_tag":[],"class_list":{"0":"post-159233","1":"product","2":"type-product","3":"status-publish","4":"has-post-thumbnail","6":"product_cat-toate-produsele","7":"product_cat-produse-pentru-bebelusi","8":"product_cat-iginina","9":"product_cat-scutece","11":"first","12":"instock","13":"shipping-taxable","14":"purchasable","15":"product-type-simple"},"_links":{"self":[{"href":"https:\/\/toystoys.md\/ru\/wp-json\/wp\/v2\/product\/159233","targetHints":{"allow":["GET"]}}],"collection":[{"href":"https:\/\/toystoys.md\/ru\/wp-json\/wp\/v2\/product"}],"about":[{"href":"https:\/\/toystoys.md\/ru\/wp-json\/wp\/v2\/types\/product"}],"replies":[{"embeddable":true,"href":"https:\/\/toystoys.md\/ru\/wp-json\/wp\/v2\/comments?post=159233"}],"wp:featuredmedia":[{"embeddable":true,"href":"https:\/\/toystoys.md\/ru\/wp-json\/wp\/v2\/media\/166411"}],"wp:attachment":[{"href":"https:\/\/toystoys.md\/ru\/wp-json\/wp\/v2\/media?parent=159233"}],"wp:term":[{"taxonomy":"product_brand","embeddable":true,"href":"https:\/\/toystoys.md\/ru\/wp-json\/wp\/v2\/product_brand?post=159233"},{"taxonomy":"product_cat","embeddable":true,"href":"https:\/\/toystoys.md\/ru\/wp-json\/wp\/v2\/product_cat?post=159233"},{"taxonomy":"product_tag","embeddable":true,"href":"https:\/\/toystoys.md\/ru\/wp-json\/wp\/v2\/product_tag?post=159233"}],"curies":[{"name":"wp","href":"https:\/\/api.w.org\/{rel}","templated":true}]}}