{"id":158953,"date":"2023-09-07T18:03:10","date_gmt":"2023-09-07T18:03:10","guid":{"rendered":""},"modified":"2024-09-30T10:00:11","modified_gmt":"2024-09-30T08:00:11","slug":"prod_5905279370135_sc88790","status":"publish","type":"product","link":"https:\/\/toystoys.md\/ru\/shop\/prod_5905279370135_sc88790\/","title":{"rendered":"Solutie p\/u baie FRENCH LAVENDER 750 ml YOPE"},"content":{"rendered":"<p>Solu\u021bia de cur\u0103\u021bare pentru baie Yope French Lavanda, cu o capacitate de 750 ml, este special formulat\u0103 pentru a cur\u0103\u021ba eficient \u0219i \u00een profunzime suprafe\u021bele din baie.<\/p>\n<p>Cu un amestec de ingrediente naturale \u0219i aroma delicat\u0103 a lavandei franceze, aceast\u0103 solu\u021bie \u00eendep\u0103rteaz\u0103 eficient murd\u0103ria, depunerile de s\u0103pun \u0219i reziduurile de calcar, l\u0103s\u00e2nd \u00een urm\u0103 o senza\u021bie pl\u0103cut\u0103 de prospe\u021bime \u0219i cur\u0103\u021benie.<\/p>","protected":false},"excerpt":{"rendered":"<p>Solu\u021bia de cur\u0103\u021bare pentru baie Yope French Lavanda, cu o capacitate de 750 ml, este special formulat\u0103 pentru a cur\u0103\u021ba<\/p>","protected":false},"featured_media":159130,"comment_status":"closed","ping_status":"closed","template":"","meta":{"_monsterinsights_skip_tracking":false,"_monsterinsights_sitenote_active":false,"_monsterinsights_sitenote_note":"","_monsterinsights_sitenote_category":0},"product_brand":[],"product_cat":[55,50,1107],"product_tag":[],"class_list":{"0":"post-158953","1":"product","2":"type-product","3":"status-publish","4":"has-post-thumbnail","6":"product_cat-toate-produsele","7":"product_cat-iginina","8":"product_cat-produse-pentru-rufe-si-curatenie","10":"first","11":"instock","12":"shipping-taxable","13":"purchasable","14":"product-type-simple"},"_links":{"self":[{"href":"https:\/\/toystoys.md\/ru\/wp-json\/wp\/v2\/product\/158953","targetHints":{"allow":["GET"]}}],"collection":[{"href":"https:\/\/toystoys.md\/ru\/wp-json\/wp\/v2\/product"}],"about":[{"href":"https:\/\/toystoys.md\/ru\/wp-json\/wp\/v2\/types\/product"}],"replies":[{"embeddable":true,"href":"https:\/\/toystoys.md\/ru\/wp-json\/wp\/v2\/comments?post=158953"}],"wp:featuredmedia":[{"embeddable":true,"href":"https:\/\/toystoys.md\/ru\/wp-json\/wp\/v2\/media\/159130"}],"wp:attachment":[{"href":"https:\/\/toystoys.md\/ru\/wp-json\/wp\/v2\/media?parent=158953"}],"wp:term":[{"taxonomy":"product_brand","embeddable":true,"href":"https:\/\/toystoys.md\/ru\/wp-json\/wp\/v2\/product_brand?post=158953"},{"taxonomy":"product_cat","embeddable":true,"href":"https:\/\/toystoys.md\/ru\/wp-json\/wp\/v2\/product_cat?post=158953"},{"taxonomy":"product_tag","embeddable":true,"href":"https:\/\/toystoys.md\/ru\/wp-json\/wp\/v2\/product_tag?post=158953"}],"curies":[{"name":"wp","href":"https:\/\/api.w.org\/{rel}","templated":true}]}}