{"id":158950,"date":"2023-09-07T18:03:00","date_gmt":"2023-09-07T18:03:00","guid":{"rendered":""},"modified":"2024-11-02T12:16:25","modified_gmt":"2024-11-02T10:16:25","slug":"prod_5903760203580_sc88812","status":"publish","type":"product","link":"https:\/\/toystoys.md\/ru\/shop\/prod_5903760203580_sc88812\/","title":{"rendered":"Solutie universala naturala 750 ml YOPE FAMILOVE"},"content":{"rendered":"<p>Solu\u021bia universal\u0103 natural\u0103 de cur\u0103\u021bare Yope Familove, cu un volum de 750 ml, este un produs versatil \u0219i eficient pentru cur\u0103\u021barea diverselor suprafe\u021be din gospod\u0103rie.<\/p>\n<p>Aceast\u0103 solu\u021bie este creat\u0103 cu ingrediente naturale \u0219i poate fi utilizat\u0103 pe diferite tipuri de suprafe\u021be, cum ar fi mobilierul, blaturile, geamurile \u0219i multe altele. Formula sa delicat\u0103 \u0219i puternic\u0103 \u00een acela\u0219i timp \u00eendep\u0103rteaz\u0103 eficient murd\u0103ria \u0219i las\u0103 o arom\u0103 pl\u0103cut\u0103 de prospe\u021bime.<\/p>","protected":false},"excerpt":{"rendered":"<p>Solu\u021bia universal\u0103 natural\u0103 de cur\u0103\u021bare Yope Familove, cu un volum de 750 ml, este un produs versatil \u0219i eficient pentru<\/p>","protected":false},"featured_media":159135,"comment_status":"closed","ping_status":"closed","template":"","meta":{"_monsterinsights_skip_tracking":false,"_monsterinsights_sitenote_active":false,"_monsterinsights_sitenote_note":"","_monsterinsights_sitenote_category":0},"product_brand":[],"product_cat":[55,50,1107],"product_tag":[],"class_list":{"0":"post-158950","1":"product","2":"type-product","3":"status-publish","4":"has-post-thumbnail","6":"product_cat-toate-produsele","7":"product_cat-iginina","8":"product_cat-produse-pentru-rufe-si-curatenie","10":"first","11":"instock","12":"shipping-taxable","13":"purchasable","14":"product-type-simple"},"_links":{"self":[{"href":"https:\/\/toystoys.md\/ru\/wp-json\/wp\/v2\/product\/158950","targetHints":{"allow":["GET"]}}],"collection":[{"href":"https:\/\/toystoys.md\/ru\/wp-json\/wp\/v2\/product"}],"about":[{"href":"https:\/\/toystoys.md\/ru\/wp-json\/wp\/v2\/types\/product"}],"replies":[{"embeddable":true,"href":"https:\/\/toystoys.md\/ru\/wp-json\/wp\/v2\/comments?post=158950"}],"wp:featuredmedia":[{"embeddable":true,"href":"https:\/\/toystoys.md\/ru\/wp-json\/wp\/v2\/media\/159135"}],"wp:attachment":[{"href":"https:\/\/toystoys.md\/ru\/wp-json\/wp\/v2\/media?parent=158950"}],"wp:term":[{"taxonomy":"product_brand","embeddable":true,"href":"https:\/\/toystoys.md\/ru\/wp-json\/wp\/v2\/product_brand?post=158950"},{"taxonomy":"product_cat","embeddable":true,"href":"https:\/\/toystoys.md\/ru\/wp-json\/wp\/v2\/product_cat?post=158950"},{"taxonomy":"product_tag","embeddable":true,"href":"https:\/\/toystoys.md\/ru\/wp-json\/wp\/v2\/product_tag?post=158950"}],"curies":[{"name":"wp","href":"https:\/\/api.w.org\/{rel}","templated":true}]}}