{"id":158832,"date":"2023-09-04T16:00:15","date_gmt":"2023-09-04T16:00:15","guid":{"rendered":"https:\/\/toystoys.md\/shop\/prod_5901435414644_sc88773\/"},"modified":"2023-09-04T16:20:35","modified_gmt":"2023-09-04T14:20:35","slug":"prod_5901435414644_sc88773","status":"publish","type":"product","link":"https:\/\/toystoys.md\/ru\/shop\/prod_5901435414644_sc88773\/","title":{"rendered":"Jucarie teether RABBIT MILLY BabyOno"},"content":{"rendered":"<p>Juc\u0103riile pentru copii mici sunt foarte distractive pentru copii. Acest animal de plu\u0219 sc\u00e2r\u021b\u00e2ie \u0219i atrage aten\u021bia cu o varietate de culori \u0219i texturi de materiale. Iepurele te va l\u0103sa s\u0103-i tragi urechile moi \u0219i s\u0103-l atingi. Aten\u021bia bebelu\u0219ului va fi atras\u0103 de fo\u0219netul din interiorul urechilor &#8211; acesta este un sunet suplimentar \u0219i senza\u021bii tactile.<\/p>\n<p>Datorit\u0103 etichetelor colorate, copilul se va distra \u0219i \u00ee\u0219i va dezvolta abilit\u0103\u021bile manuale.<\/p>\n<p>Copilul tau poate folosi si dantura practica, care calmeaza durerea si mancarimile gingiilor in timpul dentitiei.<\/p>\n<div>Sc\u00e2r\u021b\u00e2itul este o juc\u0103rie sonor\u0103 care necesit\u0103 participarea \u0219i activitatea copilului. C\u00e2nd bebelu\u0219ul \u00eel str\u00e2nge, va auzi un sunet pl\u0103cut &#8211; a\u0219a func\u021bioneaz\u0103 sc\u00e2r\u021b\u00e2itorul ascuns \u00een interior.<br \/>\nEtichetele colorate \u00eencurajeaz\u0103 explorarea \u0219i stimuleaz\u0103 curiozitatea copilului. Ele ajut\u0103 copilul s\u0103 dezvolte imagina\u021bia \u0219i abilit\u0103\u021bile manuale.<\/p>\n<p>Dispozitivul de dentitie flexibil calmeaza gingiile iritate pe masura ce primii dinti cresc.<\/p>\n<div><span style=\"color: #5f5e5e; font-family: Source Sans Pro, sans-serif;\">Sc\u00e2r\u021b\u00e2itorul de plu\u0219 \u00eel ajut\u0103 pe bebelu\u0219ul s\u0103-\u0219i antreneze abilit\u0103\u021bile motorii fine \u0219i s\u0103 dezvolte abilit\u0103\u021bile de apucare \u0219i \u021binere. Copilul verific\u0103 ce se va \u00eent\u00e2mpla dac\u0103 apuc\u0103 juc\u0103ria sau o scutur\u0103. Astfel, el studiaz\u0103 rela\u021biile de cauz\u0103 \u0219i efect.<br \/>\n<\/span><\/p>\n<div>Date tehnice<\/div>\n<div>Material: 100% poliester<\/div>\n<div>V\u00e2rsta copilului: 3 m+<\/div>\n<div>Dimensiuni: 6,5 x 25 cm<\/div>\n<\/div>\n<\/div>","protected":false},"excerpt":{"rendered":"<p>Juc\u0103riile pentru copii mici sunt foarte distractive pentru copii. Acest animal de plu\u0219 sc\u00e2r\u021b\u00e2ie \u0219i atrage aten\u021bia cu o varietate<\/p>","protected":false},"featured_media":158867,"comment_status":"closed","ping_status":"closed","template":"","meta":{"_monsterinsights_skip_tracking":false,"_monsterinsights_sitenote_active":false,"_monsterinsights_sitenote_note":"","_monsterinsights_sitenote_category":0},"product_brand":[],"product_cat":[55,1137,36,1132],"product_tag":[],"class_list":{"0":"post-158832","1":"product","2":"type-product","3":"status-publish","4":"has-post-thumbnail","6":"product_cat-toate-produsele","7":"product_cat-jucarii","8":"product_cat-jucarii-pentru-bebelusi","9":"product_cat-jucarii-cu-pandantiv","11":"first","12":"instock","13":"shipping-taxable","14":"purchasable","15":"product-type-simple"},"_links":{"self":[{"href":"https:\/\/toystoys.md\/ru\/wp-json\/wp\/v2\/product\/158832","targetHints":{"allow":["GET"]}}],"collection":[{"href":"https:\/\/toystoys.md\/ru\/wp-json\/wp\/v2\/product"}],"about":[{"href":"https:\/\/toystoys.md\/ru\/wp-json\/wp\/v2\/types\/product"}],"replies":[{"embeddable":true,"href":"https:\/\/toystoys.md\/ru\/wp-json\/wp\/v2\/comments?post=158832"}],"wp:featuredmedia":[{"embeddable":true,"href":"https:\/\/toystoys.md\/ru\/wp-json\/wp\/v2\/media\/158867"}],"wp:attachment":[{"href":"https:\/\/toystoys.md\/ru\/wp-json\/wp\/v2\/media?parent=158832"}],"wp:term":[{"taxonomy":"product_brand","embeddable":true,"href":"https:\/\/toystoys.md\/ru\/wp-json\/wp\/v2\/product_brand?post=158832"},{"taxonomy":"product_cat","embeddable":true,"href":"https:\/\/toystoys.md\/ru\/wp-json\/wp\/v2\/product_cat?post=158832"},{"taxonomy":"product_tag","embeddable":true,"href":"https:\/\/toystoys.md\/ru\/wp-json\/wp\/v2\/product_tag?post=158832"}],"curies":[{"name":"wp","href":"https:\/\/api.w.org\/{rel}","templated":true}]}}