{"id":158570,"date":"2023-08-30T22:56:34","date_gmt":"2023-08-30T22:56:34","guid":{"rendered":"https:\/\/toystoys.md\/shop\/prod_194735149315_sc88724\/"},"modified":"2025-01-21T15:01:57","modified_gmt":"2025-01-21T13:01:57","slug":"prod_194735149315_sc88724","status":"publish","type":"product","link":"https:\/\/toystoys.md\/ru\/shop\/prod_194735149315_sc88724\/","title":{"rendered":"\u0418\u0433\u0440\u043e\u0432\u043e\u0439 \u043d\u0430\u0431\u043e\u0440 Enchantimals \u2014 R\u0443\u043a\u043b\u0430 Ladonna \u0441 \u0431\u043e\u0436\u044c\u0435\u0439 \u043a\u043e\u0440\u043e\u0432\u043a\u043e\u0439 MATTEL"},"content":{"rendered":"<p>Doll Enchantimals Glam Party Sunny Ladonna din seria \u201eGlamorous Party\u201d \u00ee\u021bi va oferi momente de neuitat de joac\u0103, tandre\u021be \u0219i grij\u0103!<\/p>\n<p>P\u0103pu\u0219ile Enchantimals sunt fete adorabile care au o leg\u0103tur\u0103 magic\u0103 cu prietenii lor animale!<\/p>\n<p>Petrecerea glam este cel mai mare eveniment de mod\u0103 al sezonului \u0219i toat\u0103 lumea este invitat\u0103!<\/p>\n<p>\u041e\u0441\u043e\u0431\u0435\u043d\u043d\u043e\u0441\u0442\u0438:<\/p>\n<p>P\u0103pu\u0219a buburuz\u0103 Ladonna \u0219i prietenul ei animal Waft sunt de nedesp\u0103r\u021bit \u0219i chiar asem\u0103n\u0103toare<br \/>\nLadonna flutur\u0103 \u00eentr-un top \u0219i fust\u0103 cu model de g\u0103rg\u0103ri\u021b\u0103<br \/>\nea \u0219i Waft au o mul\u021bime de accesorii incredibile pentru a le ar\u0103ta tuturor c\u0103 sunt cei mai buni prieteni<br \/>\ncopiilor le va pl\u0103cea s\u0103 joace pove\u0219ti despre aventurile acestor prieteni dr\u0103gu\u021bi \u0219i amabili din Enchantimals<br \/>\njocurile cu o p\u0103pu\u0219\u0103 \u0219i elevul ei dezvolt\u0103 g\u00e2ndirea creativ\u0103, \u00ee\u0219i l\u0103rgesc orizonturile \u0219i, de asemenea, \u00eenva\u021b\u0103 copilul s\u0103 fie responsabil pentru natur\u0103 \u0219i s\u0103 iubeasc\u0103 animalele<br \/>\nB\u044b\u0441\u043e\u0442\u0430 \u043a\u0443\u043a\u043b\u044b: 15 \u0441\u043c<\/p>\n<p>\u0420\u0435\u043a\u043e\u043c\u0435\u043d\u0434\u043e\u0432\u0430\u043d\u043e \u0434\u043b\u044f \u0434\u0435\u0442\u0435\u0439 \u043e\u0442 4-\u0445 \u043b\u0435\u0442.<\/p>","protected":false},"excerpt":{"rendered":"<p>Doll Enchantimals Glam Party Sunny Ladonna din seria \u201eGlamorous Party\u201d \u00ee\u021bi va oferi momente de neuitat de joac\u0103, tandre\u021be \u0219i<\/p>","protected":false},"featured_media":158581,"comment_status":"closed","ping_status":"closed","template":"..\/public\/views\/revslider-page-template.php","meta":{"_monsterinsights_skip_tracking":false,"_monsterinsights_sitenote_active":false,"_monsterinsights_sitenote_note":"","_monsterinsights_sitenote_category":0},"product_brand":[],"product_cat":[55,1137,34,1117],"product_tag":[],"class_list":{"0":"post-158570","1":"product","2":"type-product","3":"status-publish","4":"has-post-thumbnail","6":"product_cat-toate-produsele","7":"product_cat-jucarii","8":"product_cat-papusi-casute","9":"product_cat-papusi-si-seturi","11":"first","12":"instock","13":"shipping-taxable","14":"purchasable","15":"product-type-simple"},"_links":{"self":[{"href":"https:\/\/toystoys.md\/ru\/wp-json\/wp\/v2\/product\/158570","targetHints":{"allow":["GET"]}}],"collection":[{"href":"https:\/\/toystoys.md\/ru\/wp-json\/wp\/v2\/product"}],"about":[{"href":"https:\/\/toystoys.md\/ru\/wp-json\/wp\/v2\/types\/product"}],"replies":[{"embeddable":true,"href":"https:\/\/toystoys.md\/ru\/wp-json\/wp\/v2\/comments?post=158570"}],"wp:featuredmedia":[{"embeddable":true,"href":"https:\/\/toystoys.md\/ru\/wp-json\/wp\/v2\/media\/158581"}],"wp:attachment":[{"href":"https:\/\/toystoys.md\/ru\/wp-json\/wp\/v2\/media?parent=158570"}],"wp:term":[{"taxonomy":"product_brand","embeddable":true,"href":"https:\/\/toystoys.md\/ru\/wp-json\/wp\/v2\/product_brand?post=158570"},{"taxonomy":"product_cat","embeddable":true,"href":"https:\/\/toystoys.md\/ru\/wp-json\/wp\/v2\/product_cat?post=158570"},{"taxonomy":"product_tag","embeddable":true,"href":"https:\/\/toystoys.md\/ru\/wp-json\/wp\/v2\/product_tag?post=158570"}],"curies":[{"name":"wp","href":"https:\/\/api.w.org\/{rel}","templated":true}]}}