{"id":158561,"date":"2023-08-30T22:56:07","date_gmt":"2023-08-30T22:56:07","guid":{"rendered":"https:\/\/toystoys.md\/shop\/prod_194735149971_sc88680\/"},"modified":"2024-12-03T16:54:43","modified_gmt":"2024-12-03T14:54:43","slug":"prod_194735149971_sc88680","status":"publish","type":"product","link":"https:\/\/toystoys.md\/ru\/shop\/prod_194735149971_sc88680\/","title":{"rendered":"\u0418\u0433\u0440\u043e\u0432\u043e\u0439 \u043d\u0430\u0431\u043e\u0440 Enchantimals \u2013 \u041a\u0443\u043a\u043b\u0430 \u0441 \u0437\u0435\u0431\u0440\u043e\u0439 MATTEL"},"content":{"rendered":"<p>Aceast\u0103 colec\u021bie de p\u0103pu\u0219i Enchantimals Deluxe Hair celebreaz\u0103 un grup de prieteni adorabili care \u00eemp\u0103rt\u0103\u0219esc o leg\u0103tur\u0103 special\u0103 cu cei mai buni prieteni animale.<\/p>\n<p>Glam Party este cel mai mare eveniment de mod\u0103 al sezonului, iar acesasta papusa va fi centrul atentiei cu siguran\u021b\u0103 datorita cu p\u0103rului sau super lung<\/p>\n<p>Setul vine cu o mul\u021bime de accesorii de coafare, cum ar fi o extensie de p\u0103r, 3 agrafe de p\u0103r \u0219i o perie. Fiecare p\u0103pu\u0219\u0103 vine, de asemenea, cu un prieten animal simpatic.<\/p>\n<p>Ele sunt mereu \u00eempreun\u0103 \u0219i arat\u0103 la fel, de asemenea. Cu un styling pe tema animalelor \u0219i o fust\u0103 deta\u0219abil\u0103, copiii vor dori s\u0103 le colec\u021bioneze pe toate.<\/p>\n<p>\u0425\u0430\u0440\u0430\u043a\u0442\u0435\u0440\u0438\u0441\u0442\u0438\u043a\u0438:<\/p>\n<p>&#8211; Dimensiune produs:15 cm<br \/>\n&#8211; Dimensiunea pachetului: 35 x 17 x 22 cm<br \/>\n&#8211; Varsta recomandata: 4+<\/p>","protected":false},"excerpt":{"rendered":"<p>Aceast\u0103 colec\u021bie de p\u0103pu\u0219i Enchantimals Deluxe Hair celebreaz\u0103 un grup de prieteni adorabili care \u00eemp\u0103rt\u0103\u0219esc o leg\u0103tur\u0103 special\u0103 cu cei<\/p>","protected":false},"featured_media":158604,"comment_status":"closed","ping_status":"closed","template":"","meta":{"_monsterinsights_skip_tracking":false,"_monsterinsights_sitenote_active":false,"_monsterinsights_sitenote_note":"","_monsterinsights_sitenote_category":0},"product_brand":[],"product_cat":[55,1137,34,1117],"product_tag":[],"class_list":{"0":"post-158561","1":"product","2":"type-product","3":"status-publish","4":"has-post-thumbnail","6":"product_cat-toate-produsele","7":"product_cat-jucarii","8":"product_cat-papusi-casute","9":"product_cat-papusi-si-seturi","11":"first","12":"instock","13":"shipping-taxable","14":"purchasable","15":"product-type-simple"},"_links":{"self":[{"href":"https:\/\/toystoys.md\/ru\/wp-json\/wp\/v2\/product\/158561","targetHints":{"allow":["GET"]}}],"collection":[{"href":"https:\/\/toystoys.md\/ru\/wp-json\/wp\/v2\/product"}],"about":[{"href":"https:\/\/toystoys.md\/ru\/wp-json\/wp\/v2\/types\/product"}],"replies":[{"embeddable":true,"href":"https:\/\/toystoys.md\/ru\/wp-json\/wp\/v2\/comments?post=158561"}],"wp:featuredmedia":[{"embeddable":true,"href":"https:\/\/toystoys.md\/ru\/wp-json\/wp\/v2\/media\/158604"}],"wp:attachment":[{"href":"https:\/\/toystoys.md\/ru\/wp-json\/wp\/v2\/media?parent=158561"}],"wp:term":[{"taxonomy":"product_brand","embeddable":true,"href":"https:\/\/toystoys.md\/ru\/wp-json\/wp\/v2\/product_brand?post=158561"},{"taxonomy":"product_cat","embeddable":true,"href":"https:\/\/toystoys.md\/ru\/wp-json\/wp\/v2\/product_cat?post=158561"},{"taxonomy":"product_tag","embeddable":true,"href":"https:\/\/toystoys.md\/ru\/wp-json\/wp\/v2\/product_tag?post=158561"}],"curies":[{"name":"wp","href":"https:\/\/api.w.org\/{rel}","templated":true}]}}