{"id":158560,"date":"2023-08-30T22:56:04","date_gmt":"2023-08-30T22:56:04","guid":{"rendered":"https:\/\/toystoys.md\/shop\/prod_194735069842_sc88678\/"},"modified":"2025-08-14T13:24:33","modified_gmt":"2025-08-14T11:24:33","slug":"prod_194735069842_sc88678","status":"publish","type":"product","link":"https:\/\/toystoys.md\/ru\/shop\/prod_194735069842_sc88678\/","title":{"rendered":"\u0418\u0433\u0440\u043e\u0432\u043e\u0439 \u043d\u0430\u0431\u043e\u0440 - \u0421\u043f\u0430\u043b\u044c\u043d\u044f Monster High Clawdeen Wolf MATTEL"},"content":{"rendered":"<p>Acest set de joac\u0103 pentru dormitor Monster High are tot ce \u0219i-ar putea dori un v\u00e2rcolac! Include mobilier \u0219i decor cool, cum ar fi un pat, birou, mini-frigider \u0219i oglind\u0103 de lucru, precum \u0219i o mul\u021bime de accesorii pentru distrac\u021bie \u00eenfrico\u0219\u0103toare. \u00cen plus, autocolantul duce poten\u021bialul decorului la un cu totul alt nivel. Papusa nu este inclusa.<\/p>\n<p>Intr\u0103 \u00een dormitorul p\u0103pu\u0219ii Clawdeen Wolf cu acest set de joac\u0103 Monster High! Mai multe locuri de joac\u0103 \u0219i 15 pove\u0219ti aprind imagina\u021bia \u0219i creeaz\u0103 un timp \u00eenfrico\u0219\u0103tor. Papusa nu este inclusa.<\/p>\n<p>Autocolantul permite personalizarea, \u00eencurajeaz\u0103 copiii s\u0103 fie creativi \u0219i s\u0103-\u0219i dezl\u0103n\u021buie designerul interior. Pot decora mobilier, accesorii \u0219i multe altele cu autocolante dr\u0103gu\u021be \u0219i \u00eenfrico\u0219\u0103toare!<\/p>\n<p>Patul de culoare aurie este \u00eempodobit cu detalii frumoase, cum ar fi crengi, un lan\u021b de stele, un decupaj de semilun\u0103 \u0219i o pern\u0103 pentru labe. O p\u0103tur\u0103 de blan\u0103 artificial\u0103 \u021besut\u0103 face lucrurile \u0219i mai confortabile!<\/p>\n<p>Aceast\u0103 b\u00e2rlog confortabil\u0103 a v\u00e2rcolacilor include o oglind\u0103 adev\u0103rat\u0103, un pouf texturat \u0219i un mini-frigider care chiar se deschide! P\u0103stra\u021bi un sandvi\u0219 cu pr\u0103jituri cu \u00eenghe\u021bat\u0103 \u0219i ap\u0103 spumante \u00een\u0103untru.<\/p>\n<p>Ce montaj! Biroul \u0219i scaunul cu etaje vin cu accesorii precum un panou de mesaje, dou\u0103 c\u0103r\u021bi, un craniu, un laptop \u0219i un articol de decor stilizat de lup \u0219i lun\u0103.<\/p>\n<p>Copiii \u00ee\u0219i pot extinde lumea Monster High cu setul de joac\u0103 pentru dormitor Clawdeen Wolf \u0219i pot colecta alte p\u0103pu\u0219i \u0219i seturi de joac\u0103 pentru o distrac\u021bie mai \u00eenfrico\u0219\u0103toare! Fiecare se vinde separat, \u00een func\u021bie de disponibilitate.<\/p>\n<p>&nbsp;<\/p>\n<p>Varsta recomandata de la 4 ani.<br \/>\nProducator Mattel<\/p>","protected":false},"excerpt":{"rendered":"<p>Acest set de joac\u0103 pentru dormitor Monster High are tot ce \u0219i-ar putea dori un v\u00e2rcolac! Include mobilier \u0219i decor<\/p>","protected":false},"featured_media":158608,"comment_status":"closed","ping_status":"closed","template":"..\/public\/views\/revslider-page-template.php","meta":{"_monsterinsights_skip_tracking":false,"_monsterinsights_sitenote_active":false,"_monsterinsights_sitenote_note":"","_monsterinsights_sitenote_category":0},"product_brand":[],"product_cat":[55,1137,35],"product_tag":[1885],"class_list":{"0":"post-158560","1":"product","2":"type-product","3":"status-publish","4":"has-post-thumbnail","6":"product_cat-toate-produsele","7":"product_cat-jucarii","8":"product_cat-roboti-si-figurine","9":"product_tag-mattel50","11":"first","12":"instock","13":"shipping-taxable","14":"purchasable","15":"product-type-simple"},"_links":{"self":[{"href":"https:\/\/toystoys.md\/ru\/wp-json\/wp\/v2\/product\/158560","targetHints":{"allow":["GET"]}}],"collection":[{"href":"https:\/\/toystoys.md\/ru\/wp-json\/wp\/v2\/product"}],"about":[{"href":"https:\/\/toystoys.md\/ru\/wp-json\/wp\/v2\/types\/product"}],"replies":[{"embeddable":true,"href":"https:\/\/toystoys.md\/ru\/wp-json\/wp\/v2\/comments?post=158560"}],"wp:featuredmedia":[{"embeddable":true,"href":"https:\/\/toystoys.md\/ru\/wp-json\/wp\/v2\/media\/158608"}],"wp:attachment":[{"href":"https:\/\/toystoys.md\/ru\/wp-json\/wp\/v2\/media?parent=158560"}],"wp:term":[{"taxonomy":"product_brand","embeddable":true,"href":"https:\/\/toystoys.md\/ru\/wp-json\/wp\/v2\/product_brand?post=158560"},{"taxonomy":"product_cat","embeddable":true,"href":"https:\/\/toystoys.md\/ru\/wp-json\/wp\/v2\/product_cat?post=158560"},{"taxonomy":"product_tag","embeddable":true,"href":"https:\/\/toystoys.md\/ru\/wp-json\/wp\/v2\/product_tag?post=158560"}],"curies":[{"name":"wp","href":"https:\/\/api.w.org\/{rel}","templated":true}]}}