{"id":158557,"date":"2023-08-30T22:55:54","date_gmt":"2023-08-30T22:55:54","guid":{"rendered":"https:\/\/toystoys.md\/shop\/prod_194735069910_sc88719\/"},"modified":"2025-10-21T09:17:52","modified_gmt":"2025-10-21T07:17:52","slug":"prod_194735069910_sc88719","status":"publish","type":"product","link":"https:\/\/toystoys.md\/ru\/shop\/prod_194735069910_sc88719\/","title":{"rendered":"\u041a\u0443\u043a\u043b\u0430 Monster High Draculaura \u0441 \u0434\u043e\u043c\u0430\u0448\u043d\u0438\u043c\u0438 \u0436\u0438\u0432\u043e\u0442\u043d\u044b\u043c\u0438 \u0438 \u0430\u043a\u0441\u0435\u0441\u0441\u0443\u0430\u0440\u0430\u043c\u0438 MATTEL"},"content":{"rendered":"<p>\u0218coala revine \u00een ac\u021biune, iar mon\u0219trii de la \u0218coala Mon\u0219trilor apar \u00een stil \u021bip\u0103tor! Papusa Draculaura se plimba pe coridoarele Scolii Monstrilor in pantaloni scurti cu inimioare si o bluza corset cu maneci transparente. Aspectul ei capricios, inspirat de vampir, este completat cu ciorapi puri cu volane, pantofii roz cu platform\u0103, o benti\u021b\u0103 \u0219i ochelari de soare cu detalii ciudate. Du-\u021bi aspectul de p\u0103pu\u0219\u0103 Draculaura la urm\u0103torul nivel cu o pelerin\u0103 \u0219i accesorii de lux. \u0218i inspir\u0103 pove\u0219ti \u00eenfrico\u0219\u0103toare cu liliacul ei \u00eenfior\u0103tor \u0219i dr\u0103gu\u021b, Contele Fabulos!<\/p>\n<p>\u0218coala este din nou \u00een ac\u021biune, iar Monster High se plimb\u0103 pe holuri \u00een stil \u021bip\u0103tor!<br \/>\nP\u0103pu\u0219a Draculaura poart\u0103 pantaloni scur\u021bi eleganti cu imprimeu de inim\u0103 \u0219i o bluz\u0103 tip corset \u00een stil vamp, cu m\u00e2neci transparente \u0219i detalii cu volane.<br \/>\nDetaliile superbe includ un rucsac \u00een form\u0103 de inim\u0103, ciorapi transparenti, pantofi eleganti cu platform\u0103, ochelari de soare liliac \u0219i o benti\u021b\u0103 \u00een p\u0103rul ei roz \u0219i negru.<br \/>\nDu-\u021bi aspectul de p\u0103pu\u0219\u0103 Draculaura la urm\u0103torul nivel cu o pelerin\u0103 \u00eenfior\u0103tor-chic \u0219i accesorii uimitoare precum un rucsac, smartphone, gust\u0103ri \u0219i protec\u021bie solar\u0103 SPF 500.<br \/>\nInspir\u0103 povestiri \u00eenfrico\u0219\u0103toare cu liliacul ei \u00eenfior\u0103tor \u0219i dr\u0103gu\u021b, Contele Fabulos!<br \/>\nDatorit\u0103 flexibilit\u0103\u021bii trunchiului, coatelor, \u00eencheieturilor \u0219i genunchilor, fanii pot surprinde p\u0103pu\u0219a Draculaura \u00een tot felul de ipostaze monstruoase.<br \/>\nCopiii pot colecta to\u021bi mon\u0219trii Monster High pentru a-\u0219i juca pove\u0219tile ca o echip\u0103! Fiecare se vinde separat, \u00een func\u021bie de disponibilitate.<\/p>\n<p>Include p\u0103pu\u0219a Monster High\u2122 Draculaura\u2122 care poart\u0103 haine, pantofi \u0219i accesorii, plus 1 pelerin\u0103, 1 animal de companie, 1 rucsac, 1 b\u0103utur\u0103, 1 covrig, 1 sticl\u0103 de protec\u021bie solar\u0103 \u0219i 1 accesoriu pentru smartphone.<br \/>\nVarsta recomandata de la 4 ani<br \/>\n\u041f\u0440\u043e\u0438\u0437\u0432\u043e\u0434\u0438\u0442\u0435\u043b\u044c: Mattel<\/p>","protected":false},"excerpt":{"rendered":"<p>\u0218coala revine \u00een ac\u021biune, iar mon\u0219trii de la \u0218coala Mon\u0219trilor apar \u00een stil \u021bip\u0103tor! Papusa Draculaura se plimba pe coridoarele<\/p>","protected":false},"featured_media":158615,"comment_status":"closed","ping_status":"closed","template":"..\/public\/views\/revslider-page-template.php","meta":{"_monsterinsights_skip_tracking":false,"_monsterinsights_sitenote_active":false,"_monsterinsights_sitenote_note":"","_monsterinsights_sitenote_category":0},"product_brand":[],"product_cat":[55,1137,34,1117],"product_tag":[],"class_list":{"0":"post-158557","1":"product","2":"type-product","3":"status-publish","4":"has-post-thumbnail","6":"product_cat-toate-produsele","7":"product_cat-jucarii","8":"product_cat-papusi-casute","9":"product_cat-papusi-si-seturi","11":"first","12":"instock","13":"shipping-taxable","14":"purchasable","15":"product-type-simple"},"_links":{"self":[{"href":"https:\/\/toystoys.md\/ru\/wp-json\/wp\/v2\/product\/158557","targetHints":{"allow":["GET"]}}],"collection":[{"href":"https:\/\/toystoys.md\/ru\/wp-json\/wp\/v2\/product"}],"about":[{"href":"https:\/\/toystoys.md\/ru\/wp-json\/wp\/v2\/types\/product"}],"replies":[{"embeddable":true,"href":"https:\/\/toystoys.md\/ru\/wp-json\/wp\/v2\/comments?post=158557"}],"wp:featuredmedia":[{"embeddable":true,"href":"https:\/\/toystoys.md\/ru\/wp-json\/wp\/v2\/media\/158615"}],"wp:attachment":[{"href":"https:\/\/toystoys.md\/ru\/wp-json\/wp\/v2\/media?parent=158557"}],"wp:term":[{"taxonomy":"product_brand","embeddable":true,"href":"https:\/\/toystoys.md\/ru\/wp-json\/wp\/v2\/product_brand?post=158557"},{"taxonomy":"product_cat","embeddable":true,"href":"https:\/\/toystoys.md\/ru\/wp-json\/wp\/v2\/product_cat?post=158557"},{"taxonomy":"product_tag","embeddable":true,"href":"https:\/\/toystoys.md\/ru\/wp-json\/wp\/v2\/product_tag?post=158557"}],"curies":[{"name":"wp","href":"https:\/\/api.w.org\/{rel}","templated":true}]}}