{"id":158555,"date":"2023-08-30T22:55:48","date_gmt":"2023-08-30T22:55:48","guid":{"rendered":"https:\/\/toystoys.md\/shop\/prod_194735106738_sc88701\/"},"modified":"2025-11-20T10:04:50","modified_gmt":"2025-11-20T08:04:50","slug":"prod_194735106738_sc88701","status":"publish","type":"product","link":"https:\/\/toystoys.md\/ru\/shop\/prod_194735106738_sc88701\/","title":{"rendered":"\u041a\u0443\u043a\u043b\u0430 Barbie Cutie Reveal - \u042f\u0433\u043d\u0435\u043d\u043e\u043a MATTEL"},"content":{"rendered":"<p>P\u0103pu\u0219ile Barbie Cutie Reveal Cozy Cute Tees ofer\u0103 cea mai dr\u0103gu\u021b\u0103 experien\u021b\u0103 de unboxing cu 10 surprize! Descoper\u0103 mielul dulce \u00eentr-un tricou cu un vis brodat pe el. Scoate\u021bi costumul de plu\u0219 pentru a dezv\u0103lui o p\u0103pu\u0219\u0103 Barbie pozabil\u0103, cu p\u0103r lung \u0219i colorat. Fii confortabil debloc\u00e2nd noi surprize, cum ar fi o band\u0103 pentru cap, o fust\u0103 din satin \u0219i un mini animal de companie asortat. \u00centoarce\u021bi blatul de plu\u0219 pe jacheta din l\u00e2n\u0103 \u0219i \u00eentoarce\u021bi capul costumului pe patul pentru animale de companie. Apa rece ca ghea\u021b\u0103 adaug\u0103 \u0219i mai mult\u0103 dr\u0103g\u0103l\u0103\u0219enie prin schimbarea culorii p\u0103pu\u0219ii \u0219i a p\u0103rului mini-animalului de companie &#8211; apa cald\u0103 le schimb\u0103 \u00eenapoi pentru distrac\u021bie repetat\u0103! Copiilor le va pl\u0103cea s\u0103 descopere toate surprizele dr\u0103gu\u021be din aceast\u0103 gam\u0103 dr\u0103gu\u021b\u0103 \u0219i confortabil\u0103 Barbie Cutie Reveal. Include o p\u0103pu\u0219\u0103 \u00eembr\u0103cat\u0103 ca un animal \u0219i 10 surprize.<\/p>\n<p>Cu 10 surprize \u00eentr-un singur pachet, p\u0103pu\u0219ile Barbie Cutie Reveal Cozy Cute Tees Series \u00ee\u021bi ofer\u0103 cea mai dr\u0103gu\u021b\u0103 experien\u021b\u0103 de despachetare cu prieteni animale de plu\u0219, \u021binute la mod\u0103 \u0219i distrac\u021bie cu makeover! Ce p\u0103pu\u0219\u0103 vei ar\u0103ta?<br \/>\nDeschide cutia pentru a g\u0103si un miel dr\u0103gu\u021b de plu\u0219 care poart\u0103 un tricou colorat cu un slogan inspira\u021bional \u201eVis\u201d \u0219i o p\u0103pu\u0219\u0103 Barbie ascuns\u0103 \u00een\u0103untru!<br \/>\nRidica\u021bi capul costumului pentru a dezv\u0103lui o p\u0103pu\u0219\u0103 Barbie articulabil\u0103, cu p\u0103r lung \u0219i blond, cu dungi roz, articula\u021bii articulabile \u0219i detalii str\u0103lucitoare ale fe\u021bei!<br \/>\nDeschide 4 gen\u021bi surpriz\u0103 pentru a g\u0103si haine \u0219i accesorii la mod\u0103, cum ar fi o fust\u0103 din satin, o benti\u021b\u0103 cu tema Barbie, o pereche de pantofi, o perie cu burete \u0219i o oaie \u00een miniatur\u0103 adorabil\u0103!<br \/>\nCopiii se pot \u00eembr\u0103ca \u0219i pot coafa p\u0103pu\u0219a Barbie dr\u0103gu\u021b\u0103, r\u0103sturn\u00e2nd partea superioar\u0103 a costumului \u0219i g\u0103sind o jachet\u0103 din l\u00e2n\u0103 cu imprimeu nor, super moale, de culoarea bomboanelor. Capul costumului se transform\u0103 \u00eentr-un pat \u0219i pentru un mic animal de companie!<br \/>\nFolose\u0219te ap\u0103 cu ghea\u021b\u0103 pentru a transforma p\u0103rul p\u0103pu\u0219ii Barbie \u00eentr-o suvi\u021b\u0103 colorat\u0103 \u0219i pentru a \u201edeschide\u201d \u0219i \u201e\u00eenchide\u201d ochii mini-animalului de companie \u2013 treci \u00eenapoi la ap\u0103 cald\u0103. Repeta\u021bi din nou \u0219i din nou!<br \/>\nP\u0103pu\u0219ile Barbie Cutie Reveal Cozy Cute Tees sunt un cadou grozav pentru copiii cu v\u00e2rste cuprinse \u00eentre 3 \u0219i 7 ani, \u00een special pentru cei c\u0103rora le place s\u0103 descopere surprize dr\u0103gu\u021be!<\/p>\n<p>Varsta recomandata de la 3 ani<br \/>\n\u041f\u0440\u043e\u0438\u0437\u0432\u043e\u0434\u0438\u0442\u0435\u043b\u044c: Mattel<\/p>","protected":false},"excerpt":{"rendered":"<p>P\u0103pu\u0219ile Barbie Cutie Reveal Cozy Cute Tees ofer\u0103 cea mai dr\u0103gu\u021b\u0103 experien\u021b\u0103 de unboxing cu 10 surprize! Descoper\u0103 mielul dulce<\/p>","protected":false},"featured_media":158621,"comment_status":"closed","ping_status":"closed","template":"..\/public\/views\/revslider-page-template.php","meta":{"_monsterinsights_skip_tracking":false,"_monsterinsights_sitenote_active":false,"_monsterinsights_sitenote_note":"","_monsterinsights_sitenote_category":0},"product_brand":[],"product_cat":[55,1137,34,1117],"product_tag":[],"class_list":{"0":"post-158555","1":"product","2":"type-product","3":"status-publish","4":"has-post-thumbnail","6":"product_cat-toate-produsele","7":"product_cat-jucarii","8":"product_cat-papusi-casute","9":"product_cat-papusi-si-seturi","11":"first","12":"outofstock","13":"shipping-taxable","14":"purchasable","15":"product-type-simple"},"_links":{"self":[{"href":"https:\/\/toystoys.md\/ru\/wp-json\/wp\/v2\/product\/158555","targetHints":{"allow":["GET"]}}],"collection":[{"href":"https:\/\/toystoys.md\/ru\/wp-json\/wp\/v2\/product"}],"about":[{"href":"https:\/\/toystoys.md\/ru\/wp-json\/wp\/v2\/types\/product"}],"replies":[{"embeddable":true,"href":"https:\/\/toystoys.md\/ru\/wp-json\/wp\/v2\/comments?post=158555"}],"wp:featuredmedia":[{"embeddable":true,"href":"https:\/\/toystoys.md\/ru\/wp-json\/wp\/v2\/media\/158621"}],"wp:attachment":[{"href":"https:\/\/toystoys.md\/ru\/wp-json\/wp\/v2\/media?parent=158555"}],"wp:term":[{"taxonomy":"product_brand","embeddable":true,"href":"https:\/\/toystoys.md\/ru\/wp-json\/wp\/v2\/product_brand?post=158555"},{"taxonomy":"product_cat","embeddable":true,"href":"https:\/\/toystoys.md\/ru\/wp-json\/wp\/v2\/product_cat?post=158555"},{"taxonomy":"product_tag","embeddable":true,"href":"https:\/\/toystoys.md\/ru\/wp-json\/wp\/v2\/product_tag?post=158555"}],"curies":[{"name":"wp","href":"https:\/\/api.w.org\/{rel}","templated":true}]}}