{"id":158554,"date":"2023-08-30T22:55:45","date_gmt":"2023-08-30T22:55:45","guid":{"rendered":"https:\/\/toystoys.md\/shop\/prod_194735134267_sc88738\/"},"modified":"2025-12-26T19:21:26","modified_gmt":"2025-12-26T17:21:26","slug":"prod_194735134267_sc88738","status":"publish","type":"product","link":"https:\/\/toystoys.md\/ru\/shop\/prod_194735134267_sc88738\/","title":{"rendered":"3-\u044d\u0442\u0430\u0436\u043d\u044b\u0439 \u0434\u043e\u043c Barbie Dreamhouse \u0441 \u0431\u0430\u0441\u0441\u0435\u0439\u043d\u043e\u043c \u0438 \u0433\u043e\u0440\u043a\u043e\u0439 \u0438 75 \u0430\u043a\u0441\u0435\u0441\u0441\u0443\u0430\u0440\u0430\u043c\u0438 MATTEL"},"content":{"rendered":"<p>Copiii pot avea o petrecere de neuitat la piscin\u0103 la Barbie&#8217;s Dream House! Aceast\u0103 cas\u0103 de p\u0103pu\u0219i luxoas\u0103 are cel mai \u00eenalt tobogan din seria Barbie Dreamhouse p\u00e2n\u0103 \u00een prezent, cu un design \u00een spiral\u0103 cu trei etaje pentru distrac\u021bie nesf\u00e2r\u0219it\u0103 la soare. Inspir\u0103 jocul cu un aspect larg \u0219i spa\u021bios, trei niveluri \u0219i 10 zone de locuit interioare \u0219i exterioare. Acest set de joac\u0103 are mai multe func\u021bii pentru animalele de companie dec\u00e2t oric\u00e2nd, inclusiv un tobogan pentru c\u0103\u021belu\u0219i \u0219i o piscin\u0103 \u00een care prietenii bl\u0103ni\u021bi se pot juca cu p\u0103pu\u0219a Barbie! \u00cen plus, camera bonus de la ultimul etaj este o transformare impresionant\u0103 de pijama \u00een care Casa de vis poate dormi cu patru p\u0103pu\u0219i. Cu peste 75 de accesorii \u0219i spa\u021bii personalizabile care dubleaz\u0103 distrac\u021bia, este un cadou excep\u021bional pentru copiii de la 3 ani \u00een sus. Se cere asamblare. P\u0103pu\u0219ile nu sunt incluse. Culorile \u0219i ornamentele pot varia.<\/p>\n<ul>\n<li>Bun venit la Barbie Dream House, unde jocul inspir\u0103 distrac\u021bie f\u0103r\u0103 sf\u00e2r\u0219it! Aceast\u0103 versiune actualizat\u0103 a casei de p\u0103pu\u0219i iconice are un design deschis, caracteristici premium \u0219i peste 75 de elemente de poveste.<\/li>\n<li>Barbie \u00ee\u0219i poate organiza petrecerea visat\u0103 la piscin\u0103 cu impresionantul tobogan spiralat cu trei etaje al casei sale. Urm\u0103ri\u021bi p\u0103pu\u0219a Barbie \u0219i prietenii ei alunec\u00e2nd pe tobogan \u00een piscin\u0103! P\u0103pu\u0219ile nu sunt incluse.<\/li>\n<li>Aceast\u0103 cas\u0103 de p\u0103pu\u0219i func\u021bioneaz\u0103 ca un adev\u0103rat palat pentru animale de companie \u0219i include chiar \u0219i o figur\u0103 de c\u0103\u021belu\u0219! Prietenii cu blan\u0103 vor adora liftul pentru animale de companie, toboganul \u0219i piscina pentru animale de companie, patul pentru animale de companie, u\u0219a pentru c\u00e2ini \u0219i casa pentru animale de companie.<\/li>\n<li>\u200bDe la \u00eenceput, copiii pot petrece ore \u00een \u0219ir explor\u00e2nd zece zone de joac\u0103 diferite: buc\u0103t\u0103rie, sufragerie, sufragerie, dormitor, baie, dressing, camer\u0103 bonus, balcon, piscin\u0103 \u0219i cel mai mare tobogan.<\/li>\n<li>O petrecere la piscin\u0103 se poate transforma \u00eentr-o petrecere \u00een pijamale cu un loc pentru patru p\u0103pu\u0219i s\u0103 doarm\u0103! Consola din living se transform\u0103 \u00een locul perfect pentru a dormi cu un fundal \u00eenstelat \u0219i un pat suplimentar pentru dou\u0103 persoane.<\/li>\n<li>Caracteristicile magice includ efecte de lumin\u0103 \u0219i sunet \u00eencorporate \u00een buc\u0103t\u0103rie \u0219i baie, mobilier distractiv, inclusiv un pat extensibil suplimentar \u00een dormitor \u0219i un balcon la etaj cu un palmier.\u200b\u200b<\/li>\n<li>\u200bAd\u0103uga\u021bi detalii jocului cu peste 75 de elemente de poveste, un lift func\u021bional accesibil cu scaunul cu rotile, un leag\u0103n adorabil, un dulap minunat \u0219i multe altele.<\/li>\n<li>\u200bC\u00e2nd copiii de la 3 ani \u00een sus \u201eintr\u0103\u201d \u00een setul de joac\u0103 Barbie Dreamhouse, nu vor r\u0103m\u00e2ne niciodat\u0103 f\u0103r\u0103 pove\u0219ti de spus!\u200b\u200b<\/li>\n<\/ul>\n<p>\u0425\u0430\u0440\u0430\u043a\u0442\u0435\u0440\u0438\u0441\u0442\u0438\u043a\u0438:<br \/>\n\u0412\u043e\u0437\u0440\u0430\u0441\u0442: \u043e\u0442 3 \u043b\u0435\u0442.<br \/>\nDimensiuni: 70,1 x 157 x 114,3 cm; 11 kg<br \/>\n\u041f\u0440\u043e\u0438\u0437\u0432\u043e\u0434\u0438\u0442\u0435\u043b\u044c: Mattel.<\/p>\n<div class=\"video-wrapper\"><iframe loading=\"lazy\" title=\"YouTube video player\" src=\"https:\/\/www.youtube.com\/embed\/pIxFS3pwFDQ\" width=\"560\" height=\"315\" frameborder=\"0\" allowfullscreen=\"allowfullscreen\" data-mce-fragment=\"1\"><\/iframe><\/div>","protected":false},"excerpt":{"rendered":"<p>Copiii pot avea o petrecere de neuitat la piscin\u0103 la Barbie&#8217;s Dream House! Aceast\u0103 cas\u0103 de p\u0103pu\u0219i luxoas\u0103 are cel<\/p>","protected":false},"featured_media":158624,"comment_status":"closed","ping_status":"closed","template":"..\/public\/views\/revslider-page-template.php","meta":{"_monsterinsights_skip_tracking":false,"_monsterinsights_sitenote_active":false,"_monsterinsights_sitenote_note":"","_monsterinsights_sitenote_category":0},"product_brand":[],"product_cat":[55,1137,34,1117],"product_tag":[1885],"class_list":{"0":"post-158554","1":"product","2":"type-product","3":"status-publish","4":"has-post-thumbnail","6":"product_cat-toate-produsele","7":"product_cat-jucarii","8":"product_cat-papusi-casute","9":"product_cat-papusi-si-seturi","10":"product_tag-mattel50","12":"first","13":"instock","14":"shipping-taxable","15":"purchasable","16":"product-type-simple"},"_links":{"self":[{"href":"https:\/\/toystoys.md\/ru\/wp-json\/wp\/v2\/product\/158554","targetHints":{"allow":["GET"]}}],"collection":[{"href":"https:\/\/toystoys.md\/ru\/wp-json\/wp\/v2\/product"}],"about":[{"href":"https:\/\/toystoys.md\/ru\/wp-json\/wp\/v2\/types\/product"}],"replies":[{"embeddable":true,"href":"https:\/\/toystoys.md\/ru\/wp-json\/wp\/v2\/comments?post=158554"}],"wp:featuredmedia":[{"embeddable":true,"href":"https:\/\/toystoys.md\/ru\/wp-json\/wp\/v2\/media\/158624"}],"wp:attachment":[{"href":"https:\/\/toystoys.md\/ru\/wp-json\/wp\/v2\/media?parent=158554"}],"wp:term":[{"taxonomy":"product_brand","embeddable":true,"href":"https:\/\/toystoys.md\/ru\/wp-json\/wp\/v2\/product_brand?post=158554"},{"taxonomy":"product_cat","embeddable":true,"href":"https:\/\/toystoys.md\/ru\/wp-json\/wp\/v2\/product_cat?post=158554"},{"taxonomy":"product_tag","embeddable":true,"href":"https:\/\/toystoys.md\/ru\/wp-json\/wp\/v2\/product_tag?post=158554"}],"curies":[{"name":"wp","href":"https:\/\/api.w.org\/{rel}","templated":true}]}}