{"id":158553,"date":"2023-08-30T22:55:42","date_gmt":"2023-08-30T22:55:42","guid":{"rendered":"https:\/\/toystoys.md\/shop\/prod_194735108268_sc88715\/"},"modified":"2025-08-14T13:24:47","modified_gmt":"2025-08-14T11:24:47","slug":"prod_194735108268_sc88715","status":"publish","type":"product","link":"https:\/\/toystoys.md\/ru\/shop\/prod_194735108268_sc88715\/","title":{"rendered":"\u041a\u0443\u043a\u043b\u0430 \u0411\u0430\u0440\u0431\u0438 \u0438 \u043f\u0430\u0440\u0438\u043a\u043c\u0430\u0445\u0435\u0440\u0441\u043a\u0430\u044f, \u0432\u043e\u043b\u043e\u0441\u044b \u0441 \u0438\u0437\u043c\u0435\u043d\u0435\u043d\u0438\u0435\u043c \u0446\u0432\u0435\u0442\u0430 MATTEL"},"content":{"rendered":"<p>Vino la Salonul de p\u0103pu\u0219i Barbie\u00ae pentru ore \u00een \u0219ir de distrac\u021bie! Acest set de joac\u0103 Barbie\u00ae Totally HairTM inspir\u0103 povestiri imaginative \u0219i jocuri de rol cu \u200b\u200bpeste 15 accesorii \u0219i o p\u0103pu\u0219\u0103 de p\u0103r care \u00ee\u0219i schimb\u0103 culoarea. Copiii pot folosi elementele de decor pentru a crea un aspect uimitor, apoi se pot piept\u0103na \u0219i \u00eencepe de la cap\u0103t cu urm\u0103toarea lor idee mare!<\/p>\n<p>Posibilit\u0103\u021bile de coafur\u0103 sunt nelimitate cu setul de joac\u0103 Barbie\u00ae Totally Hair\u2122. Cu o p\u0103pu\u0219\u0103 \u0219i peste 15 accesorii, copiii pot fi creativi \u0219i pot explora pove\u0219ti bazate pe stil!<\/p>\n<p>Papusa Barbie\u00ae are parul foarte lung care isi schimba culoarea. Poart\u0103 o rochie imprimat\u0103 colorat\u0103 \u0219i cizme albastre!<\/p>\n<p>\u00cenclin\u0103-\u021bi capul peste chiuvet\u0103 \u0219i folose\u0219te \u201euscatorul\u201d cu ap\u0103 rece ca ghea\u021b\u0103 pentru a activa schimbarea culorii p\u0103rului; Apa se scurge \u00eentr-un sertar deta\u0219abil pentru o cur\u0103\u021bare u\u0219oar\u0103!<\/p>\n<p>Imagina\u021bia creeaz\u0103 scena \u0219i declan\u0219eaz\u0103 jocul de rol creativ \u00een salon, complet cu oglind\u0103, rafturi pentru depozitarea instrumentelor, zon\u0103 de sp\u0103lat p\u0103r \u0219i scaun.<\/p>\n<p>Copiii \u00ee\u0219i pot imagina nenum\u0103rate coafuri pentru p\u0103pu\u0219a lor cu dou\u0103 agrafe, trei benzi elastice, o benti\u021b\u0103.<\/p>\n<p>Accesoriile op\u021bionale includ un pieptene, foarfece, sticl\u0103 de \u0219ampon, sticl\u0103 de pulverizare, g\u0103leat\u0103 \u0219i dispozitiv de \u00eendreptat.<\/p>\n<p>Acest set Barbie\u00ae Totally HairTM este un cadou grozav pentru copiii de la 3 ani \u00een sus, \u00een special pentru cei c\u0103rora le place s\u0103 \u00eenve\u021be noi look-uri, coafuri \u0219i mod\u0103!<\/p>\n<p>\u0412\u043e\u0437\u0440\u0430\u0441\u0442: \u043e\u0442 3 \u043b\u0435\u0442.<br \/>\nDimensiuni papusa: 29 cm.<br \/>\n\u041f\u0440\u043e\u0438\u0437\u0432\u043e\u0434\u0438\u0442\u0435\u043b\u044c: Mattel.<\/p>","protected":false},"excerpt":{"rendered":"<p>Vino la Salonul de p\u0103pu\u0219i Barbie\u00ae pentru ore \u00een \u0219ir de distrac\u021bie! Acest set de joac\u0103 Barbie\u00ae Totally HairTM inspir\u0103<\/p>","protected":false},"featured_media":158627,"comment_status":"closed","ping_status":"closed","template":"..\/public\/views\/revslider-page-template.php","meta":{"_monsterinsights_skip_tracking":false,"_monsterinsights_sitenote_active":false,"_monsterinsights_sitenote_note":"","_monsterinsights_sitenote_category":0},"product_brand":[],"product_cat":[55,1137,34,1117],"product_tag":[1885],"class_list":{"0":"post-158553","1":"product","2":"type-product","3":"status-publish","4":"has-post-thumbnail","6":"product_cat-toate-produsele","7":"product_cat-jucarii","8":"product_cat-papusi-casute","9":"product_cat-papusi-si-seturi","10":"product_tag-mattel50","12":"first","13":"instock","14":"shipping-taxable","15":"purchasable","16":"product-type-simple"},"_links":{"self":[{"href":"https:\/\/toystoys.md\/ru\/wp-json\/wp\/v2\/product\/158553","targetHints":{"allow":["GET"]}}],"collection":[{"href":"https:\/\/toystoys.md\/ru\/wp-json\/wp\/v2\/product"}],"about":[{"href":"https:\/\/toystoys.md\/ru\/wp-json\/wp\/v2\/types\/product"}],"replies":[{"embeddable":true,"href":"https:\/\/toystoys.md\/ru\/wp-json\/wp\/v2\/comments?post=158553"}],"wp:featuredmedia":[{"embeddable":true,"href":"https:\/\/toystoys.md\/ru\/wp-json\/wp\/v2\/media\/158627"}],"wp:attachment":[{"href":"https:\/\/toystoys.md\/ru\/wp-json\/wp\/v2\/media?parent=158553"}],"wp:term":[{"taxonomy":"product_brand","embeddable":true,"href":"https:\/\/toystoys.md\/ru\/wp-json\/wp\/v2\/product_brand?post=158553"},{"taxonomy":"product_cat","embeddable":true,"href":"https:\/\/toystoys.md\/ru\/wp-json\/wp\/v2\/product_cat?post=158553"},{"taxonomy":"product_tag","embeddable":true,"href":"https:\/\/toystoys.md\/ru\/wp-json\/wp\/v2\/product_tag?post=158553"}],"curies":[{"name":"wp","href":"https:\/\/api.w.org\/{rel}","templated":true}]}}