{"id":158552,"date":"2023-08-30T22:55:39","date_gmt":"2023-08-30T22:55:39","guid":{"rendered":"https:\/\/toystoys.md\/shop\/prod_194735157464_sc88687\/"},"modified":"2024-11-05T16:04:06","modified_gmt":"2024-11-05T14:04:06","slug":"prod_194735157464_sc88687","status":"publish","type":"product","link":"https:\/\/toystoys.md\/ru\/shop\/prod_194735157464_sc88687\/","title":{"rendered":"\u041a\u0443\u043a\u043b\u0430 Ken \u041c\u043e\u0434\u043d\u0438\u043a \u0432 \u0444\u0443\u0442\u0431\u043e\u043b\u043a\u0435 \u0441 \u0443\u0437\u043e\u0440\u043e\u043c \u043f\u0435\u0439\u0441\u043b\u0438 MATTEL"},"content":{"rendered":"<p>P\u0103pu\u0219ile Ken Fashion\u00a0arat\u0103 \u00eentotdeauna uimitoare cu aspectul lor la mod\u0103 \u0219i stilul individual. P\u0103pu\u0219ile sunt concepute pentru a reflecta lumea \u00een care tr\u0103iesc copiii ast\u0103zi. Copiii le pot colecta pentru scenarii de joac\u0103 nesf\u00e2r\u0219ite, recre\u00e2ndu-\u0219i propriul stil \u0219i descoperind lumea lui Barbie!<\/p>\n<p>Ken arat\u0103 foarte elegant \u0219i captiveaz\u0103 la prima vedere cu silueta sa atletic\u0103 \u0219i hainele casual la mod\u0103. Aceast\u0103 p\u0103pu\u0219\u0103 Ken are o siluet\u0103 cu umeri largi, cu p\u0103rul castaniu \u00eentr-un coc. Un tricou gri \u0219i pantaloni scur\u021bi de jogging cu paisley albastru deschis sunt o op\u021biune perfect\u0103 pentru un ansamblu liber. Adida\u0219i galben str\u0103lucitor adaug\u0103 o culoare nea\u0219teptat\u0103 aspectului.<\/p>\n<p>Adun\u0103 o colec\u021bie de fashioniste diferite pentru a experimenta \u00eembr\u0103c\u0103minte, combin\u00e2nd stiluri diferite \u0219i deschide noi oportunit\u0103\u021bi de exprimare creativ\u0103!<\/p>\n<p>\u0420\u0435\u043a\u043e\u043c\u0435\u043d\u0434\u0443\u0435\u043c\u044b\u0439 \u0432\u043e\u0437\u0440\u0430\u0441\u0442:<br \/>\n\u0414\u043b\u044f \u0434\u0435\u0442\u0435\u0439 \u043e\u0442 3 \u043b\u0435\u0442.<\/p>\n<p>Dimensiunile produsului:<br \/>\n29 cm<\/p>\n<p>Produc\u0103tor:<br \/>\nMattel<\/p>","protected":false},"excerpt":{"rendered":"<p>P\u0103pu\u0219ile Ken Fashion\u00a0arat\u0103 \u00eentotdeauna uimitoare cu aspectul lor la mod\u0103 \u0219i stilul individual. P\u0103pu\u0219ile sunt concepute pentru a reflecta lumea<\/p>","protected":false},"featured_media":158630,"comment_status":"closed","ping_status":"closed","template":"..\/public\/views\/revslider-page-template.php","meta":{"_monsterinsights_skip_tracking":false,"_monsterinsights_sitenote_active":false,"_monsterinsights_sitenote_note":"","_monsterinsights_sitenote_category":0},"product_brand":[],"product_cat":[55,1137,34,1117],"product_tag":[],"class_list":{"0":"post-158552","1":"product","2":"type-product","3":"status-publish","4":"has-post-thumbnail","6":"product_cat-toate-produsele","7":"product_cat-jucarii","8":"product_cat-papusi-casute","9":"product_cat-papusi-si-seturi","11":"first","12":"instock","13":"shipping-taxable","14":"purchasable","15":"product-type-simple"},"_links":{"self":[{"href":"https:\/\/toystoys.md\/ru\/wp-json\/wp\/v2\/product\/158552","targetHints":{"allow":["GET"]}}],"collection":[{"href":"https:\/\/toystoys.md\/ru\/wp-json\/wp\/v2\/product"}],"about":[{"href":"https:\/\/toystoys.md\/ru\/wp-json\/wp\/v2\/types\/product"}],"replies":[{"embeddable":true,"href":"https:\/\/toystoys.md\/ru\/wp-json\/wp\/v2\/comments?post=158552"}],"wp:featuredmedia":[{"embeddable":true,"href":"https:\/\/toystoys.md\/ru\/wp-json\/wp\/v2\/media\/158630"}],"wp:attachment":[{"href":"https:\/\/toystoys.md\/ru\/wp-json\/wp\/v2\/media?parent=158552"}],"wp:term":[{"taxonomy":"product_brand","embeddable":true,"href":"https:\/\/toystoys.md\/ru\/wp-json\/wp\/v2\/product_brand?post=158552"},{"taxonomy":"product_cat","embeddable":true,"href":"https:\/\/toystoys.md\/ru\/wp-json\/wp\/v2\/product_cat?post=158552"},{"taxonomy":"product_tag","embeddable":true,"href":"https:\/\/toystoys.md\/ru\/wp-json\/wp\/v2\/product_tag?post=158552"}],"curies":[{"name":"wp","href":"https:\/\/api.w.org\/{rel}","templated":true}]}}